{"id":1330,"date":"2025-06-12T18:07:46","date_gmt":"2025-06-12T18:07:46","guid":{"rendered":"https:\/\/modeco.mywebwork.net\/produkt\/lugano-hot-chocolate\/"},"modified":"2025-10-05T22:26:13","modified_gmt":"2025-10-05T20:26:13","slug":"chocolat-chaud-de-lugano","status":"publish","type":"product","link":"https:\/\/modeco-sklep.pl\/fr\/lugano-hot-chocolate\/","title":{"rendered":"CHOCOLAT CHAUD DE LUGANO"},"content":{"rendered":"<p><span style=\"font-size:18px;\"><span style=\"line-height:115%\"><span style=\"font-family:\">LUGANO \u2013 Cuir synth\u00e9tique au fini classique<\/span><\/span><\/p>\n<p><span style=\"line-height:115%\"><span style=\"font-family:\">Mat\u00e9riau destin\u00e9 \u00e0 de nombreux secteurs<\/span><\/span><br \/><span style=\"line-height:115%\"><span style=\"font-family:\">Pour usage ext\u00e9rieur et int\u00e9rieur.<\/span><\/span><br \/><span style=\"line-height:115%\"><span style=\"font-family:\">Excellente r\u00e9sistance aux taches et \u00e0 la salet\u00e9<\/span><\/span><br \/><span style=\"line-height:115%\"><span style=\"font-family:\">Haute r\u00e9sistance \u00e0 l'abrasion<\/span><\/span><br \/><span style=\"line-height:115%\"><span style=\"font-family:\">100% \u00e9tanche<\/span><\/span><br \/><span style=\"line-height:115%\"><span style=\"font-family:\">Antibact\u00e9rien \/ antifongique<\/span><\/span><br \/><span style=\"line-height:115%\"><span style=\"font-family:\">Ne contient pas de phtalates<\/span><\/span><br \/><span style=\"line-height:115%\"><span style=\"font-family:\">R\u00e9sistance \u00e0 la salive, \u00e0 la sueur, au sang, aux huiles solaires, aux d\u00e9sinfectants, au sang, \u00e0 l'urine<\/span><\/span><br \/><span style=\"line-height:115%\"><span style=\"font-family:\">R\u00e9sistance aux rayons UV<\/span><\/span><\/p>\n<p><span style=\"line-height:115%\"><span style=\"font-family:\">Largeur du tissu : 140 cm<\/span><\/span><br \/><span style=\"line-height:115%\"><span style=\"font-family:\">Composition : 85% PVC, 5% CO, 10% PL<\/span><\/span><br \/><span style=\"line-height:115%\"><span style=\"font-family:\">Grammage : 840 g\/m\u00b2 \u2013 UNI5114<\/span><\/span><\/p>\n<p><span style=\"line-height:115%\"><span style=\"font-family:\">Certificats de r\u00e9sistance au feu :<\/span><\/span><\/span><\/p>\n<ul>\n<li><span style=\"font-size:18px;\"><span style=\"line-height:115%\"><span style=\"font-family:\">\u00a0\u00a0\u00a0 EN 1021-1 \/ 2<\/span><\/span><\/span><\/li>\n<li><span style=\"font-size:18px;\"><span style=\"line-height:115%\"><span style=\"font-family:\">\u00a0\u00a0\u00a0 UNI-9175<\/span><\/span><\/span><\/li>\n<li><span style=\"font-size:18px;\"><span style=\"line-height:115%\"><span style=\"font-family:\">\u00a0\u00a0\u00a0 OMI 2010<\/span><\/span><\/span><\/li>\n<li><span style=\"font-size:18px;\"><span style=\"line-height:115%\"><span style=\"font-family:\">\u00a0\u00a0\u00a0 TB117-1<\/span><\/span><\/span><\/li>\n<li><span style=\"font-size:18px;\"><span style=\"line-height:115%\"><span style=\"font-family:\">\u00a0\u00a0\u00a0 NFPA260-1<\/span><\/span><\/span><\/li>\n<\/ul>\n<p><span style=\"font-size:18px;\"><span style=\"line-height:115%\"><span style=\"font-family:\">\u00a0\u00a0\u00a0<\/span><\/span><br \/><span style=\"line-height:115%\"><span style=\"font-family:\">Le prix s'entend pour 1 m\u00e8tre courant (140 x 100 cm).<\/span><\/span><br \/><span style=\"line-height:115%\"><span style=\"font-family:\">Lorsque vous achetez plusieurs m\u00e8tres, nous envoyons le tissu en un seul morceau, sans le couper.<\/span><\/span><\/span><br \/>\u00a0<\/p>","protected":false},"excerpt":{"rendered":"<p>LUGANO \u2013 Cuir synth\u00e9tique au fini classique Mat\u00e9riau destin\u00e9 \u00e0 de nombreux secteurs Pour usage ext\u00e9rieur et int\u00e9rieur.Excellente r\u00e9sistance aux taches et \u00e0 la salet\u00e9 Haute r\u00e9sistance \u00e0 l'abrasion 100% imperm\u00e9able Antibact\u00e9rien \/ antifongique Sans phtalates R\u00e9sistance \u00e0 la salive, \u00e0 la sueur, au sang, aux huiles solaires, aux d\u00e9sinfectants, au sang, \u00e0 l'urine R\u00e9sistance aux rayons UV Largeur du mat\u00e9riau : 140 cm Composition : 85% PVC, 5% CO, 10% PL Grammage : 840 g\/m2 \u2013 UNI5114\u2026<\/p>","protected":false},"featured_media":853,"comment_status":"closed","ping_status":"closed","template":"","meta":{"_acf_changed":false,"_kad_blocks_custom_css":"","_kad_blocks_head_custom_js":"","_kad_blocks_body_custom_js":"","_kad_blocks_footer_custom_js":"","_kad_post_transparent":"","_kad_post_title":"","_kad_post_layout":"","_kad_post_sidebar_id":"","_kad_post_content_style":"","_kad_post_vertical_padding":"","_kad_post_feature":"","_kad_post_feature_position":"","_kad_post_header":false,"_kad_post_footer":false,"_kad_post_classname":""},"product_brand":[17],"product_cat":[157],"product_tag":[],"class_list":{"0":"post-1330","1":"product","2":"type-product","3":"status-publish","4":"has-post-thumbnail","6":"product_brand-modeco","7":"product_cat-lugano-skory-syntetyczne-vinyle","9":"first","10":"instock","11":"purchasable","12":"product-type-simple","13":"entry","14":"content-bg","15":"loop-entry"},"acf":[],"taxonomy_info":{"product_brand":[{"value":17,"label":"MODECO"}],"product_cat":[{"value":157,"label":"LUGANO"}]},"featured_image_src_large":["https:\/\/modeco-sklep.pl\/wp-content\/uploads\/2025\/06\/hot-chocolate-1024x683.jpg",1024,683,true],"author_info":[],"comment_info":0,"_links":{"self":[{"href":"https:\/\/modeco-sklep.pl\/fr\/wp-json\/wp\/v2\/product\/1330","targetHints":{"allow":["GET"]}}],"collection":[{"href":"https:\/\/modeco-sklep.pl\/fr\/wp-json\/wp\/v2\/product"}],"about":[{"href":"https:\/\/modeco-sklep.pl\/fr\/wp-json\/wp\/v2\/types\/product"}],"replies":[{"embeddable":true,"href":"https:\/\/modeco-sklep.pl\/fr\/wp-json\/wp\/v2\/comments?post=1330"}],"wp:featuredmedia":[{"embeddable":true,"href":"https:\/\/modeco-sklep.pl\/fr\/wp-json\/wp\/v2\/media\/853"}],"wp:attachment":[{"href":"https:\/\/modeco-sklep.pl\/fr\/wp-json\/wp\/v2\/media?parent=1330"}],"wp:term":[{"taxonomy":"product_brand","embeddable":true,"href":"https:\/\/modeco-sklep.pl\/fr\/wp-json\/wp\/v2\/product_brand?post=1330"},{"taxonomy":"product_cat","embeddable":true,"href":"https:\/\/modeco-sklep.pl\/fr\/wp-json\/wp\/v2\/product_cat?post=1330"},{"taxonomy":"product_tag","embeddable":true,"href":"https:\/\/modeco-sklep.pl\/fr\/wp-json\/wp\/v2\/product_tag?post=1330"}],"curies":[{"name":"wp","href":"https:\/\/api.w.org\/{rel}","templated":true}]}}