{"id":1318,"date":"2025-06-12T18:07:46","date_gmt":"2025-06-12T18:07:46","guid":{"rendered":"https:\/\/modeco.mywebwork.net\/produkt\/podsufitka-slim-9f52-audi-s-line-2008-czarny-antracytowy\/"},"modified":"2026-01-18T21:54:08","modified_gmt":"2026-01-18T20:54:08","slug":"cache-plafond-slim-9f52-audi-s-line-2008-noir-anthracite","status":"publish","type":"product","link":"https:\/\/modeco-sklep.pl\/fr\/podsufitka-slim-9f52-audi-s-line-2008-czarny-antracytowy\/","title":{"rendered":"SLIM 9F52 AUDI S-LINE 2008-&gt; NOIR ANTHRACITE"},"content":{"rendered":"<h2><span style=\"font-size: 11pt;\"><span style=\"line-height: normal;\"><b><span style=\"font-size: 12.0pt;\"><span style=\"color: #444444;\">TISSU AUTOMOBILE POUR MONTANTS \/ COUVERTURES DE TOIT OUVRANT<\/span><\/span><\/b><\/span><\/span><\/h2>\n<p><span style=\"font-size: 11pt;\"><span style=\"line-height: normal;\"><span style=\"font-size: 12.0pt;\"><span style=\"color: #444444;\">Nos tissus pour garnitures de toit proviennent des plus grandes usines europ\u00e9ennes produisant des mat\u00e9riaux pour les constructeurs automobiles.<\/span><\/span><\/span><\/span><\/p>\n<p><span style=\"font-size: 11pt;\"><span style=\"line-height: normal;\"><span style=\"font-size: 12.0pt;\"><span style=\"color: #444444;\">Les mat\u00e9riaux sont de tr\u00e8s bonne qualit\u00e9 (OEM - premi\u00e8re qualit\u00e9).<\/span><\/span><\/span><\/span><br \/>\n<span style=\"font-size: 11pt;\"><span style=\"line-height: normal;\"><span style=\"font-size: 12.0pt;\"><span style=\"color: #444444;\">Mat\u00e9riaux lamin\u00e9s sur un support sp\u00e9cial d'une \u00e9paisseur de 1,5 mm<\/span><\/span><\/span><\/span><br \/>\n<span style=\"font-size: 11pt;\"><span style=\"line-height: normal;\"><span style=\"font-size: 12.0pt;\"><span style=\"color: #444444;\">Les mat\u00e9riaux sont flexibles et faciles \u00e0 travailler<\/span><\/span><\/span><\/span><br \/>\n<span style=\"font-size: 11pt;\"><span style=\"line-height: normal;\"><span style=\"font-size: 12.0pt;\"><span style=\"color: #444444;\">Largeur du tissu : 150 cm<\/span><\/span><\/span><\/span><\/p>\n<p><span style=\"font-size: 11pt;\"><span style=\"line-height: normal;\"><span style=\"font-size: 12.0pt;\"><span style=\"color: #444444;\">Le prix est pour 1 m\u00e8tre courant ( 100 x 150cm)<\/span><\/span><\/span><\/span><br \/>\n<span style=\"font-size: 11pt;\"><span style=\"line-height: normal;\"><span style=\"font-size: 12.0pt;\"><span style=\"color: #444444;\">Lors de l'achat de plusieurs m\u00e8tres, nous essayons d'envoyer le mat\u00e9riel en un seul morceau.<\/span><\/span><\/span><\/span><\/p>\n<p><span style=\"font-size: 11pt;\"><span style=\"line-height: normal;\"><span style=\"font-size: 12.0pt;\"><span style=\"color: #444444;\">Adh\u00e9sif sp\u00e9cial, r\u00e9sistant aux temp\u00e9ratures \u00e9lev\u00e9es, disponible dans notre magasin<\/span><\/span><\/span><\/span><\/p>\n<p style=\"color: #444444; box-sizing: border-box; background-color: transparent;\">","protected":false},"excerpt":{"rendered":"<p>TISSU AUTOMOBILE POUR MONTANTS \/ COUVERCLES DE TOIT Les tissus pour plafonds de voiture que nous proposons proviennent des plus grandes usines europ\u00e9ennes produisant des mat\u00e9riaux pour les constructeurs automobiles. Les mat\u00e9riaux sont de tr\u00e8s bonne qualit\u00e9 (OEM \u2013 premi\u00e8re qualit\u00e9). Les mat\u00e9riaux sont lamin\u00e9s sur un support sp\u00e9cial d'une \u00e9paisseur de 1,5 mm. Les mat\u00e9riaux sont souples et faciles \u00e0 travailler. Largeur du mat\u00e9riau : 150 cm. Le prix concerne...<\/p>","protected":false},"featured_media":501,"comment_status":"closed","ping_status":"closed","template":"","meta":{"_acf_changed":false,"_kad_blocks_custom_css":"","_kad_blocks_head_custom_js":"","_kad_blocks_body_custom_js":"","_kad_blocks_footer_custom_js":"","_kad_post_transparent":"default","_kad_post_title":"","_kad_post_layout":"default","_kad_post_sidebar_id":"","_kad_post_content_style":"default","_kad_post_vertical_padding":"default","_kad_post_feature":"","_kad_post_feature_position":"","_kad_post_header":false,"_kad_post_footer":false,"_kad_post_classname":""},"product_brand":[17],"product_cat":[77,18],"product_tag":[],"class_list":{"0":"post-1318","1":"product","2":"type-product","3":"status-publish","4":"has-post-thumbnail","6":"product_brand-modeco","7":"product_cat-tkaniny-bez-pianki-na-slupki","8":"product_cat-tkaniny-na-podsufitki-samochodowe","10":"first","11":"instock","12":"purchasable","13":"product-type-simple","14":"entry","15":"content-bg","16":"loop-entry"},"acf":[],"taxonomy_info":{"product_brand":[{"value":17,"label":"MODECO"}],"product_cat":[{"value":77,"label":"TKANINY BEZ PIANKI ( NA S\u0141UPKI)"},{"value":18,"label":"TKANINY NA PODSUFITKI"}]},"featured_image_src_large":["https:\/\/modeco-sklep.pl\/wp-content\/uploads\/2025\/06\/9F52-scaled-1024x683.jpg",1024,683,true],"author_info":[],"comment_info":0,"_links":{"self":[{"href":"https:\/\/modeco-sklep.pl\/fr\/wp-json\/wp\/v2\/product\/1318","targetHints":{"allow":["GET"]}}],"collection":[{"href":"https:\/\/modeco-sklep.pl\/fr\/wp-json\/wp\/v2\/product"}],"about":[{"href":"https:\/\/modeco-sklep.pl\/fr\/wp-json\/wp\/v2\/types\/product"}],"replies":[{"embeddable":true,"href":"https:\/\/modeco-sklep.pl\/fr\/wp-json\/wp\/v2\/comments?post=1318"}],"wp:featuredmedia":[{"embeddable":true,"href":"https:\/\/modeco-sklep.pl\/fr\/wp-json\/wp\/v2\/media\/501"}],"wp:attachment":[{"href":"https:\/\/modeco-sklep.pl\/fr\/wp-json\/wp\/v2\/media?parent=1318"}],"wp:term":[{"taxonomy":"product_brand","embeddable":true,"href":"https:\/\/modeco-sklep.pl\/fr\/wp-json\/wp\/v2\/product_brand?post=1318"},{"taxonomy":"product_cat","embeddable":true,"href":"https:\/\/modeco-sklep.pl\/fr\/wp-json\/wp\/v2\/product_cat?post=1318"},{"taxonomy":"product_tag","embeddable":true,"href":"https:\/\/modeco-sklep.pl\/fr\/wp-json\/wp\/v2\/product_tag?post=1318"}],"curies":[{"name":"wp","href":"https:\/\/api.w.org\/{rel}","templated":true}]}}