{"id":1296,"date":"2025-06-12T18:07:40","date_gmt":"2025-06-12T18:07:40","guid":{"rendered":"https:\/\/modeco.mywebwork.net\/produkt\/grizzly-black\/"},"modified":"2025-07-06T23:52:52","modified_gmt":"2025-07-06T21:52:52","slug":"noir-grizzly","status":"publish","type":"product","link":"https:\/\/modeco-sklep.pl\/fr\/grizzly-black\/","title":{"rendered":"GRIZZLY \u2013 NOIR"},"content":{"rendered":"<p><span style=\"font-size: 18px;\"><span style=\"font-family: Arial;\"><span class=\"HwtZe\" lang=\"pl\"><span class=\"jCAhz JxVs2d ChMk0b\"><span class=\"ryNqvb\">CUIR SYNTH\u00c9TIQUE DE LUXE POUR DES T\u00c2CHES SP\u00c9CIALES<\/span><\/span><\/span><\/span><\/span><\/p>\n<p>Sp\u00e9cialement con\u00e7u pour les applications d'ameublement les plus exigeantes<br \/>\n<span class=\"jCAhz JxVs2d ChMk0b\"><span class=\"ryNqvb\">Haute r\u00e9sistance \u00e0 : l'abrasion, la lumi\u00e8re UV, les taches, imperm\u00e9able, ignifuge,<br \/>\nAction antifongique et antibact\u00e9rienne<br \/>\nFacile \u00e0 nettoyer avec un d\u00e9tergent doux et un chiffon humide<br \/>\nNe contient aucune substance nocive |<\/span><\/span> <span class=\"jCAhz JxVs2d ChMk0b\"><span class=\"ryNqvb\">Ne contient pas de phtalates. <\/span><\/span><br \/>\n<span class=\"jCAhz JxVs2d ChMk0b\"><span class=\"ryNqvb\">Fabriqu\u00e9 conform\u00e9ment au r\u00e8glement REACH de l'UE ((CE) n\u00b0 1907\/2006)<\/span><\/span><\/p>\n<p>Composition : 79% PVC, 21% CO<br \/>\nPoids : 950 g\/m2<br \/>\nTest Martindale : 150 000 cycles<br \/>\nAntibact\u00e9rien<br \/>\nDifficilement inflammable :<\/p>\n<p>FMVSS302<br \/>\nEN 1021-1+2<br \/>\nNFP92-503<br \/>\nClassification M2 BS 5852<br \/>\nClassification Crib IMO 2010<br \/>\nCode FTC Partie 8<br \/>\nUNI 9175 Classification 1.IM<\/p>\n<p><span style=\"font-size: 18px;\"><span style=\"font-family: Arial;\"><span style=\"line-height: 107%;\">Le prix s'entend pour 1 m\u00e8tre courant (137 cm x 100 cm).<\/span><\/span><\/span><\/p>","protected":false},"excerpt":{"rendered":"<p>CUIR SYNTH\u00c9TIQUE DE LUXE POUR DES T\u00c2CHES SP\u00c9CIALES Sp\u00e9cialement con\u00e7u pour les applications d'ameublement les plus exigeantes Haute r\u00e9sistance \u00e0 : l'abrasion, la lumi\u00e8re UV, les taches, imperm\u00e9able, ignifuge, Action antifongique et antibact\u00e9rienne Facile \u00e0 nettoyer avec un d\u00e9tergent doux et un chiffon humide Ne contient pas de substances nocives | Ne contient pas de phtalates. Fabriqu\u00e9 conform\u00e9ment au r\u00e8glement REACH de l'UE ((CE) n\u00b0 1907\/2006) Composition : 79% PVC, 21%...<\/p>","protected":false},"featured_media":2055,"comment_status":"closed","ping_status":"closed","template":"","meta":{"_acf_changed":false,"_kad_blocks_custom_css":"","_kad_blocks_head_custom_js":"","_kad_blocks_body_custom_js":"","_kad_blocks_footer_custom_js":"","_kad_post_transparent":"","_kad_post_title":"","_kad_post_layout":"","_kad_post_sidebar_id":"","_kad_post_content_style":"","_kad_post_vertical_padding":"","_kad_post_feature":"","_kad_post_feature_position":"","_kad_post_header":false,"_kad_post_footer":false,"_kad_post_classname":""},"product_brand":[17],"product_cat":[74],"product_tag":[],"class_list":{"0":"post-1296","1":"product","2":"type-product","3":"status-publish","4":"has-post-thumbnail","6":"product_brand-modeco","7":"product_cat-grizzly","9":"first","10":"instock","11":"purchasable","12":"product-type-simple","13":"entry","14":"content-bg","15":"loop-entry"},"acf":[],"taxonomy_info":{"product_brand":[{"value":17,"label":"MODECO"}],"product_cat":[{"value":74,"label":"GRIZZLY"}]},"featured_image_src_large":["https:\/\/modeco-sklep.pl\/wp-content\/uploads\/2025\/06\/MARA-10019.jpg",1000,667,false],"author_info":[],"comment_info":0,"_links":{"self":[{"href":"https:\/\/modeco-sklep.pl\/fr\/wp-json\/wp\/v2\/product\/1296","targetHints":{"allow":["GET"]}}],"collection":[{"href":"https:\/\/modeco-sklep.pl\/fr\/wp-json\/wp\/v2\/product"}],"about":[{"href":"https:\/\/modeco-sklep.pl\/fr\/wp-json\/wp\/v2\/types\/product"}],"replies":[{"embeddable":true,"href":"https:\/\/modeco-sklep.pl\/fr\/wp-json\/wp\/v2\/comments?post=1296"}],"wp:featuredmedia":[{"embeddable":true,"href":"https:\/\/modeco-sklep.pl\/fr\/wp-json\/wp\/v2\/media\/2055"}],"wp:attachment":[{"href":"https:\/\/modeco-sklep.pl\/fr\/wp-json\/wp\/v2\/media?parent=1296"}],"wp:term":[{"taxonomy":"product_brand","embeddable":true,"href":"https:\/\/modeco-sklep.pl\/fr\/wp-json\/wp\/v2\/product_brand?post=1296"},{"taxonomy":"product_cat","embeddable":true,"href":"https:\/\/modeco-sklep.pl\/fr\/wp-json\/wp\/v2\/product_cat?post=1296"},{"taxonomy":"product_tag","embeddable":true,"href":"https:\/\/modeco-sklep.pl\/fr\/wp-json\/wp\/v2\/product_tag?post=1296"}],"curies":[{"name":"wp","href":"https:\/\/api.w.org\/{rel}","templated":true}]}}