{"id":1255,"date":"2025-06-12T18:07:24","date_gmt":"2025-06-12T18:07:24","guid":{"rendered":"https:\/\/modeco.mywebwork.net\/produkt\/softex-avon-200-cm-czarny\/"},"modified":"2025-07-22T22:39:04","modified_gmt":"2025-07-22T20:39:04","slug":"softex-avon-200-cm-noir","status":"publish","type":"product","link":"https:\/\/modeco-sklep.pl\/fr\/softex-avon-200-cm-czarny\/","title":{"rendered":"AVON AUTO-ADH\u00c9SIF (200 CM) \u2013 NOIR"},"content":{"rendered":"<p>REV\u00caTEMENT AUTO-ADH\u00c9SIF POUR PLAFOND ET C\u00d4T\u00c9S DE VOITURE<\/p>\n<p>Le rev\u00eatement SOFTEX AVON a \u00e9t\u00e9 con\u00e7u pour recouvrir l'int\u00e9rieur des camping-cars, fourgonnettes, bus, cabines de bateaux. Il est id\u00e9al pour la conversion de bus en camping-cars.<\/p>\n<p>Le rev\u00eatement est autocollant, il est dot\u00e9 d'une couche adh\u00e9sive sous le rev\u00eatement protecteur. Le rev\u00eatement peut \u00eatre coll\u00e9 sur des \u00e9l\u00e9ments en m\u00e9tal, en bois et sur d'autres supports.<\/p>\n<p>Flexible, il s'adapte parfaitement aux rainures et aux passages de roues, et s'\u00e9tire facilement.<\/p>\n<p>Rev\u00eatement d'origine utilis\u00e9 par les fabricants de camping-cars et d'autocars, id\u00e9al pour l'am\u00e9nagement de minibus.<\/p>\n<p>Le rev\u00eatement est certifi\u00e9 et peut \u00eatre utilis\u00e9 dans les v\u00e9hicules publics.<\/p>\n<p>&nbsp;<\/p>\n<p>D\u00e9tails du produit :<\/p>\n<p>Largeur du rev\u00eatement : 200 cm<br \/>\n\u00c9paisseur du rev\u00eatement : 4,8 mm<\/p>\n<p>Le prix correspond \u00e0 1 m\u00e8tre courant de rev\u00eatement (100 cm x 200 cm).<\/p>","protected":false},"excerpt":{"rendered":"<p>REV\u00caTEMENT AUTO-ADH\u00c9SIF POUR PLAFOND ET C\u00d4T\u00c9S DE V\u00c9HICULE Le rev\u00eatement SOFTEX AVON a \u00e9t\u00e9 con\u00e7u pour recouvrir l'int\u00e9rieur des camping-cars, fourgonnettes, bus, cabines de bateaux. Il est id\u00e9al pour convertir des bus en camping-cars. Le rev\u00eatement est autocollant et comporte une couche de colle sous un film protecteur. Il peut \u00eatre coll\u00e9 sur des \u00e9l\u00e9ments en m\u00e9tal, en bois et sur d'autres supports. Flexible, il s'adapte parfaitement aux moulures, aux passages de roues, etc.<\/p>","protected":false},"featured_media":2224,"comment_status":"closed","ping_status":"closed","template":"","meta":{"_acf_changed":false,"_kad_blocks_custom_css":"","_kad_blocks_head_custom_js":"","_kad_blocks_body_custom_js":"","_kad_blocks_footer_custom_js":"","_kad_post_transparent":"","_kad_post_title":"","_kad_post_layout":"","_kad_post_sidebar_id":"","_kad_post_content_style":"","_kad_post_vertical_padding":"","_kad_post_feature":"","_kad_post_feature_position":"","_kad_post_header":false,"_kad_post_footer":false,"_kad_post_classname":""},"product_brand":[17],"product_cat":[52],"product_tag":[],"class_list":{"0":"post-1255","1":"product","2":"type-product","3":"status-publish","4":"has-post-thumbnail","6":"product_brand-modeco","7":"product_cat-avon-wykladzina-samoprzylepna","9":"first","10":"instock","11":"purchasable","12":"product-type-simple","13":"entry","14":"content-bg","15":"loop-entry"},"acf":[],"taxonomy_info":{"product_brand":[{"value":17,"label":"MODECO"}],"product_cat":[{"value":52,"label":"SAMOPRZYLEPNE WYK\u0141ADZINY SAMOCHODOWE"}]},"featured_image_src_large":["https:\/\/modeco-sklep.pl\/wp-content\/uploads\/2025\/06\/20250105_143041-1-1024x683.jpg",1024,683,true],"author_info":[],"comment_info":0,"_links":{"self":[{"href":"https:\/\/modeco-sklep.pl\/fr\/wp-json\/wp\/v2\/product\/1255","targetHints":{"allow":["GET"]}}],"collection":[{"href":"https:\/\/modeco-sklep.pl\/fr\/wp-json\/wp\/v2\/product"}],"about":[{"href":"https:\/\/modeco-sklep.pl\/fr\/wp-json\/wp\/v2\/types\/product"}],"replies":[{"embeddable":true,"href":"https:\/\/modeco-sklep.pl\/fr\/wp-json\/wp\/v2\/comments?post=1255"}],"wp:featuredmedia":[{"embeddable":true,"href":"https:\/\/modeco-sklep.pl\/fr\/wp-json\/wp\/v2\/media\/2224"}],"wp:attachment":[{"href":"https:\/\/modeco-sklep.pl\/fr\/wp-json\/wp\/v2\/media?parent=1255"}],"wp:term":[{"taxonomy":"product_brand","embeddable":true,"href":"https:\/\/modeco-sklep.pl\/fr\/wp-json\/wp\/v2\/product_brand?post=1255"},{"taxonomy":"product_cat","embeddable":true,"href":"https:\/\/modeco-sklep.pl\/fr\/wp-json\/wp\/v2\/product_cat?post=1255"},{"taxonomy":"product_tag","embeddable":true,"href":"https:\/\/modeco-sklep.pl\/fr\/wp-json\/wp\/v2\/product_tag?post=1255"}],"curies":[{"name":"wp","href":"https:\/\/api.w.org\/{rel}","templated":true}]}}