{"id":1237,"date":"2025-06-12T18:07:15","date_gmt":"2025-06-12T18:07:15","guid":{"rendered":"https:\/\/modeco.mywebwork.net\/produkt\/como-beige\/"},"modified":"2025-06-15T07:22:19","modified_gmt":"2025-06-15T07:22:19","slug":"como-beige","status":"publish","type":"product","link":"https:\/\/modeco-sklep.pl\/fr\/como-beige\/","title":{"rendered":"COMO BEIGE"},"content":{"rendered":"<p><span style=\"font-size:22px;\"><span style=\"line-height:107%\"><span style=\"font-family:\"><span style=\"line-height:107%\">COMO \u2013 Cuir synth\u00e9tique avec gaufrage classique<\/span><\/span><\/span><\/span><\/p>\n<p><span style=\"font-size:18px;\"><span style=\"line-height:107%\"><span style=\"font-family:\">Mat\u00e9riau destin\u00e9 \u00e0 de nombreux secteurs, pour une utilisation en ext\u00e9rieur et en int\u00e9rieur.<\/span><\/span><br \/><span style=\"line-height:107%\"><span style=\"font-family:\">Excellente r\u00e9sistance aux taches et \u00e0 la salet\u00e9<\/span><\/span><br \/><span style=\"line-height:107%\"><span style=\"font-family:\">Haute r\u00e9sistance \u00e0 l'abrasion<\/span><\/span><br \/><span style=\"line-height:107%\"><span style=\"font-family:\">100% \u00e9tanche<\/span><\/span><br \/><span style=\"line-height:107%\"><span style=\"font-family:\">R\u00e9sistance \u00e0 la salive, \u00e0 la sueur, au sang, aux huiles solaires, aux d\u00e9sinfectants, au sang, \u00e0 l'urine<\/span><\/span><br \/><span style=\"line-height:107%\"><span style=\"font-family:\">R\u00e9sistance aux basses temp\u00e9ratures (COLD CRACK \u00e0 \u2013 29 \u00b0 C, 4,05J, F5J, FLTM BN 128-01)<\/span><\/span><br \/><span style=\"line-height:107%\"><span style=\"font-family:\">R\u00e9sistance aux rayons UV : DIN EN ISO 105 \u2013 B02, r\u00e9sistance minimale \u00e0 la lumi\u00e8re 4-5<\/span><\/span><br \/><span style=\"line-height:107%\"><span style=\"font-family:\">Largeur du tissu : 137 cm<\/span><\/span><br \/><span style=\"line-height:107%\"><span style=\"font-family:\">Longueur du rouleau : 30 m<\/span><\/span><br \/><span style=\"line-height:107%\"><span style=\"font-family:\">Certificats de r\u00e9sistance au feu :<\/span><\/span><\/span><\/p>\n<ul>\n<li style=\"margin-left:8px\"><span style=\"font-size:18px;\"><span style=\"line-height:107%\"><span style=\"font-family:\">DIN 4102 B2<\/span><\/span><\/span><\/li>\n<li style=\"margin-left:8px\"><span style=\"font-size:18px;\"><span style=\"line-height:107%\"><span style=\"font-family:\">\u00d6NORM B 3825<\/span><\/span><\/span><\/li>\n<li style=\"margin-left:8px\"><span style=\"font-size:18px;\"><span style=\"line-height:107%\"><span style=\"font-family:\">\u00d6NORM A 3800-1, Q1<\/span><\/span><\/span><\/li>\n<li style=\"margin-left:8px\"><span style=\"font-size:18px;\"><span style=\"line-height:107%\"><span style=\"font-family:\">EN 1021-1 \/ 2<\/span><\/span><\/span><\/li>\n<li style=\"margin-left:8px\"><span style=\"font-size:18px;\"><span style=\"line-height:107%\"><span style=\"font-family:\">UNI-9175<\/span><\/span><\/span><\/li>\n<li style=\"margin-left:8px\"><span style=\"font-size:18px;\"><span style=\"line-height:107%\"><span style=\"font-family:\">SAE J369 \/ MVSS302 <\/span><\/span><\/span><\/li>\n<li style=\"margin-left:8px\"><span style=\"font-size:18px;\"><span style=\"line-height:107%\"><span style=\"font-family:\">OMI, annexe 1, partie 8<\/span><\/span><\/span><\/li>\n<li style=\"margin-left:8px\"><span style=\"font-size:18px;\"><span style=\"line-height:107%\"><span style=\"font-family:\">MED 2014\/90 \/ UE <\/span><\/span><\/span><\/li>\n<li style=\"margin-bottom:11px; margin-left:8px\"><span style=\"font-size:18px;\"><span style=\"line-height:107%\"><span style=\"font-family:\">FAR 25\/853 Annexe F Partie l, a, 1, ii<\/span><\/span><\/span><\/li>\n<\/ul>\n<p><span style=\"font-size:18px;\"><span style=\"line-height:107%\"><span style=\"font-family:\">Le prix s'entend pour 1 m\u00e8tre courant (137 cm x 100 cm).<\/span><\/span><br \/><span style=\"line-height:107%\"><span style=\"font-family:\">Lorsque vous achetez plusieurs m\u00e8tres, nous envoyons le tissu en un seul morceau, sans le couper.<\/span><\/span><\/span><br \/>\u00a0<\/p>","protected":false},"excerpt":{"rendered":"<p>COMO \u2013 Cuir synth\u00e9tique \u00e0 gaufrage classique Mat\u00e9riau destin\u00e9 \u00e0 de nombreux secteurs, pour une utilisation en ext\u00e9rieur et en int\u00e9rieur.Excellente r\u00e9sistance aux taches et \u00e0 la salet\u00e9 Haute r\u00e9sistance \u00e0 l'abrasion 100% imperm\u00e9able R\u00e9sistance \u00e0 la salive, \u00e0 la sueur, au sang, aux huiles solaires, aux d\u00e9sinfectants, au sang, \u00e0 l'urine R\u00e9sistance aux basses temp\u00e9ratures (COLD CRACK \u00e0 - 29 \u00b0 C, 4,05J, F5J, FLTM BN 128-01) R\u00e9sistance aux rayonnements...<\/p>","protected":false},"featured_media":695,"comment_status":"closed","ping_status":"closed","template":"","meta":{"_acf_changed":false,"_kad_blocks_custom_css":"","_kad_blocks_head_custom_js":"","_kad_blocks_body_custom_js":"","_kad_blocks_footer_custom_js":"","_kad_post_transparent":"","_kad_post_title":"","_kad_post_layout":"","_kad_post_sidebar_id":"","_kad_post_content_style":"","_kad_post_vertical_padding":"","_kad_post_feature":"","_kad_post_feature_position":"","_kad_post_header":false,"_kad_post_footer":false,"_kad_post_classname":""},"product_brand":[],"product_cat":[57,56],"product_tag":[],"class_list":{"0":"post-1237","1":"product","2":"type-product","3":"status-publish","4":"has-post-thumbnail","6":"product_cat-como","7":"product_cat-wodoodporne-tkaniny-jachtowe","9":"first","10":"instock","11":"purchasable","12":"product-type-simple","13":"entry","14":"content-bg","15":"loop-entry"},"acf":[],"taxonomy_info":{"product_cat":[{"value":57,"label":"COMO"},{"value":56,"label":"TKANINY JACHTOWE"}]},"featured_image_src_large":["https:\/\/modeco-sklep.pl\/wp-content\/uploads\/2025\/06\/como-beige-1024x682.jpg",1024,682,true],"author_info":[],"comment_info":0,"_links":{"self":[{"href":"https:\/\/modeco-sklep.pl\/fr\/wp-json\/wp\/v2\/product\/1237","targetHints":{"allow":["GET"]}}],"collection":[{"href":"https:\/\/modeco-sklep.pl\/fr\/wp-json\/wp\/v2\/product"}],"about":[{"href":"https:\/\/modeco-sklep.pl\/fr\/wp-json\/wp\/v2\/types\/product"}],"replies":[{"embeddable":true,"href":"https:\/\/modeco-sklep.pl\/fr\/wp-json\/wp\/v2\/comments?post=1237"}],"wp:featuredmedia":[{"embeddable":true,"href":"https:\/\/modeco-sklep.pl\/fr\/wp-json\/wp\/v2\/media\/695"}],"wp:attachment":[{"href":"https:\/\/modeco-sklep.pl\/fr\/wp-json\/wp\/v2\/media?parent=1237"}],"wp:term":[{"taxonomy":"product_brand","embeddable":true,"href":"https:\/\/modeco-sklep.pl\/fr\/wp-json\/wp\/v2\/product_brand?post=1237"},{"taxonomy":"product_cat","embeddable":true,"href":"https:\/\/modeco-sklep.pl\/fr\/wp-json\/wp\/v2\/product_cat?post=1237"},{"taxonomy":"product_tag","embeddable":true,"href":"https:\/\/modeco-sklep.pl\/fr\/wp-json\/wp\/v2\/product_tag?post=1237"}],"curies":[{"name":"wp","href":"https:\/\/api.w.org\/{rel}","templated":true}]}}