{"id":1192,"date":"2025-06-12T18:06:51","date_gmt":"2025-06-12T18:06:51","guid":{"rendered":"https:\/\/modeco.mywebwork.net\/produkt\/malaga-sisal\/"},"modified":"2025-10-05T13:14:03","modified_gmt":"2025-10-05T11:14:03","slug":"malaga-sisal","status":"publish","type":"product","link":"https:\/\/modeco-sklep.pl\/fr\/malaga-sisal\/","title":{"rendered":"MALAGA SISAL"},"content":{"rendered":"<div id=\"tab-description\" class=\"woocommerce-Tabs-panel woocommerce-Tabs-panel--description panel entry-content wc-tab is-layout-constrained\" role=\"tabpanel\" aria-labelledby=\"tab-title-description\">\n<h3 data-start=\"147\" data-end=\"198\"><strong data-start=\"151\" data-end=\"196\">MALAGA \u2013 \u00e9l\u00e9gance et technologie en un seul produit<\/strong><\/h3>\n<p data-start=\"199\" data-end=\"411\">D\u00e9couvrez un mat\u00e9riau unique qui allie style et fiabilit\u00e9. <strong data-start=\"267\" data-end=\"277\">MALAGA<\/strong> s\u00e9duit par sa douceur et sa finition \u00e9l\u00e9gante inspir\u00e9e du cuir naturel, tout en garantissant une durabilit\u00e9 et une r\u00e9sistance maximales.<\/p>\n<p>Excellente r\u00e9sistance aux taches et \u00e0 la salet\u00e9<br \/>\nHaute r\u00e9sistance \u00e0 l'abrasion<br \/>\n100% \u00e9tanche<br \/>\nR\u00e9sistance \u00e0 la salive, \u00e0 la sueur, au sang, aux huiles solaires, aux d\u00e9sinfectants, au sang, \u00e0 l'urine<br \/>\nR\u00e9sistance aux basses temp\u00e9ratures (COLD CRACK \u00e0 \u2013 29 \u00b0 C, 4,05J, F5J, FLTM BN 128-01)<br \/>\nR\u00e9sistance aux rayons UV : DIN EN ISO 105 \u2013 B02, r\u00e9sistance minimale \u00e0 la lumi\u00e8re 4-5<br \/>\nLargeur du tissu : 137 cm<\/p>\n<p>Certificats de r\u00e9sistance au feu :<\/p>\n<ul>\n<li>DIN 4102 B2<\/li>\n<li>\u00d6NORM B 3825<\/li>\n<li>\u00d6NORM A 3800-1, Q1<\/li>\n<li>EN 1021-1 \/ 2<\/li>\n<li>UNI-9175<\/li>\n<li>SAE J369 \/ MVSS302<\/li>\n<li>OMI, annexe 1, partie 8<\/li>\n<li>MED 2014\/90 \/ UE<\/li>\n<li>FAR 25\/853 Annexe F Partie l, a, 1, ii<\/li>\n<\/ul>\n<p>Le prix s'entend pour 1 m\u00e8tre courant (137 cm x 100 cm).<\/p>\n<p>Lorsque vous achetez plusieurs m\u00e8tres, nous envoyons le tissu en un seul morceau, sans le couper.<\/p>\n<\/div>","protected":false},"excerpt":{"rendered":"<p>MALAGA \u2013 \u00e9l\u00e9gance et technologie en un seul produit D\u00e9couvrez un mat\u00e9riau unique qui allie style et fiabilit\u00e9. MALAGA s\u00e9duit par sa douceur et sa finition \u00e9l\u00e9gante inspir\u00e9e du cuir naturel, tout en offrant une durabilit\u00e9 et une r\u00e9sistance maximales. Excellente r\u00e9sistance aux taches et \u00e0 la salet\u00e9 Haute r\u00e9sistance \u00e0 l'abrasion 100% imperm\u00e9able R\u00e9sistance \u00e0 la salive, \u00e0 la sueur, au sang, aux huiles solaires, aux d\u00e9sinfectants,...<\/p>","protected":false},"featured_media":6254,"comment_status":"closed","ping_status":"closed","template":"","meta":{"_acf_changed":false,"_kad_blocks_custom_css":"","_kad_blocks_head_custom_js":"","_kad_blocks_body_custom_js":"","_kad_blocks_footer_custom_js":"","_kad_post_transparent":"","_kad_post_title":"","_kad_post_layout":"","_kad_post_sidebar_id":"","_kad_post_content_style":"","_kad_post_vertical_padding":"","_kad_post_feature":"","_kad_post_feature_position":"","_kad_post_header":false,"_kad_post_footer":false,"_kad_post_classname":""},"product_brand":[17],"product_cat":[59,58],"product_tag":[],"class_list":{"0":"post-1192","1":"product","2":"type-product","3":"status-publish","4":"has-post-thumbnail","6":"product_brand-modeco","7":"product_cat-malaga","8":"product_cat-skory-syntetyczne-skaje","10":"first","11":"instock","12":"purchasable","13":"product-type-simple","14":"entry","15":"content-bg","16":"loop-entry"},"acf":[],"taxonomy_info":{"product_brand":[{"value":17,"label":"MODECO"}],"product_cat":[{"value":59,"label":"MALAGA"},{"value":58,"label":"SKAJE SAMOCHODOWE"}]},"featured_image_src_large":["https:\/\/modeco-sklep.pl\/wp-content\/uploads\/2025\/06\/SISAL-2.jpg",420,280,false],"author_info":[],"comment_info":0,"_links":{"self":[{"href":"https:\/\/modeco-sklep.pl\/fr\/wp-json\/wp\/v2\/product\/1192","targetHints":{"allow":["GET"]}}],"collection":[{"href":"https:\/\/modeco-sklep.pl\/fr\/wp-json\/wp\/v2\/product"}],"about":[{"href":"https:\/\/modeco-sklep.pl\/fr\/wp-json\/wp\/v2\/types\/product"}],"replies":[{"embeddable":true,"href":"https:\/\/modeco-sklep.pl\/fr\/wp-json\/wp\/v2\/comments?post=1192"}],"wp:featuredmedia":[{"embeddable":true,"href":"https:\/\/modeco-sklep.pl\/fr\/wp-json\/wp\/v2\/media\/6254"}],"wp:attachment":[{"href":"https:\/\/modeco-sklep.pl\/fr\/wp-json\/wp\/v2\/media?parent=1192"}],"wp:term":[{"taxonomy":"product_brand","embeddable":true,"href":"https:\/\/modeco-sklep.pl\/fr\/wp-json\/wp\/v2\/product_brand?post=1192"},{"taxonomy":"product_cat","embeddable":true,"href":"https:\/\/modeco-sklep.pl\/fr\/wp-json\/wp\/v2\/product_cat?post=1192"},{"taxonomy":"product_tag","embeddable":true,"href":"https:\/\/modeco-sklep.pl\/fr\/wp-json\/wp\/v2\/product_tag?post=1192"}],"curies":[{"name":"wp","href":"https:\/\/api.w.org\/{rel}","templated":true}]}}