{"id":1169,"date":"2025-06-12T18:06:42","date_gmt":"2025-06-12T18:06:42","guid":{"rendered":"https:\/\/modeco.mywebwork.net\/produkt\/rider-vinyl\/"},"modified":"2026-02-04T10:56:00","modified_gmt":"2026-02-04T09:56:00","slug":"argent-giove","status":"publish","type":"product","link":"https:\/\/modeco-sklep.pl\/fr\/giove-silver\/","title":{"rendered":"GIOVE ARGENT"},"content":{"rendered":"<div class=\"widoczna tz_opis GlownyOpisProduktu\">\n<p><strong>GIOVE \u2013 VINYLE POUR SELLES DE MOTOS<\/strong><\/p>\n<p><span style=\"font-size: 16px;\">Tissu enduit destin\u00e9 aux canap\u00e9s de motos, quads et scooters des mers<\/span><\/p>\n<p><span style=\"font-size: 16px;\">Tissu imperm\u00e9able, antid\u00e9rapant<\/span><\/p>\n<p>R\u00e9sistante aux rayons UV<\/p>\n<p>Couleur : argent<\/p>\n<p><span style=\"font-size: 16px;\"><strong>D\u00e9tails du produit :<\/strong><\/span><\/p>\n<p><span style=\"font-size: 16px;\">En achetant 1 pi\u00e8ce, vous achetez 1 m\u00e8tre courant de tissu.\u00a0<\/span><\/p>\n<p><span style=\"font-size: 16px;\">Largeur du tissu : 140 cm<\/span><\/p>\n<p><span style=\"font-size: 16px;\">Si vous achetez plusieurs articles, nous ne d\u00e9coupons pas le tissu, nous l'envoyons en un seul morceau.<\/span><\/p>\n<\/div>","protected":false},"excerpt":{"rendered":"<p>GIOVE - VINYLE POUR CANAPES DE MOTOCYCLE Tissu enduit pour canap\u00e9s de motos, qudas, jet skis Tissu imperm\u00e9able, antid\u00e9rapant R\u00e9sistant aux UV Couleur : argent D\u00e9tails du produit : Quand vous achetez 1 pi\u00e8ce, vous achetez 1 m\u00e8tre courant de tissu Largeur du tissu : 140 cm Lorsque vous achetez plusieurs pi\u00e8ces, nous ne coupons pas le tissu, nous l'envoyons en une seule pi\u00e8ce.<\/p>","protected":false},"featured_media":7438,"comment_status":"closed","ping_status":"closed","template":"","meta":{"_acf_changed":false,"_kad_blocks_custom_css":"","_kad_blocks_head_custom_js":"","_kad_blocks_body_custom_js":"","_kad_blocks_footer_custom_js":"","_kad_post_transparent":"default","_kad_post_title":"","_kad_post_layout":"default","_kad_post_sidebar_id":"","_kad_post_content_style":"default","_kad_post_vertical_padding":"default","_kad_post_feature":"","_kad_post_feature_position":"","_kad_post_header":false,"_kad_post_footer":false,"_kad_post_classname":""},"product_brand":[17],"product_cat":[51],"product_tag":[],"class_list":{"0":"post-1169","1":"product","2":"type-product","3":"status-publish","4":"has-post-thumbnail","6":"product_brand-modeco","7":"product_cat-motocyklowe","9":"first","10":"instock","11":"purchasable","12":"product-type-simple","13":"entry","14":"content-bg","15":"loop-entry"},"acf":[],"taxonomy_info":{"product_brand":[{"value":17,"label":"MODECO"}],"product_cat":[{"value":51,"label":"MATERIA\u0141Y NA SIEDZENIA MOTOCYKLOWE"}]},"featured_image_src_large":["https:\/\/modeco-sklep.pl\/wp-content\/uploads\/2025\/06\/20260204_104903-1024x768.jpg",1024,768,true],"author_info":[],"comment_info":0,"_links":{"self":[{"href":"https:\/\/modeco-sklep.pl\/fr\/wp-json\/wp\/v2\/product\/1169","targetHints":{"allow":["GET"]}}],"collection":[{"href":"https:\/\/modeco-sklep.pl\/fr\/wp-json\/wp\/v2\/product"}],"about":[{"href":"https:\/\/modeco-sklep.pl\/fr\/wp-json\/wp\/v2\/types\/product"}],"replies":[{"embeddable":true,"href":"https:\/\/modeco-sklep.pl\/fr\/wp-json\/wp\/v2\/comments?post=1169"}],"wp:featuredmedia":[{"embeddable":true,"href":"https:\/\/modeco-sklep.pl\/fr\/wp-json\/wp\/v2\/media\/7438"}],"wp:attachment":[{"href":"https:\/\/modeco-sklep.pl\/fr\/wp-json\/wp\/v2\/media?parent=1169"}],"wp:term":[{"taxonomy":"product_brand","embeddable":true,"href":"https:\/\/modeco-sklep.pl\/fr\/wp-json\/wp\/v2\/product_brand?post=1169"},{"taxonomy":"product_cat","embeddable":true,"href":"https:\/\/modeco-sklep.pl\/fr\/wp-json\/wp\/v2\/product_cat?post=1169"},{"taxonomy":"product_tag","embeddable":true,"href":"https:\/\/modeco-sklep.pl\/fr\/wp-json\/wp\/v2\/product_tag?post=1169"}],"curies":[{"name":"wp","href":"https:\/\/api.w.org\/{rel}","templated":true}]}}