{"id":1111,"date":"2025-06-12T18:06:11","date_gmt":"2025-06-12T18:06:11","guid":{"rendered":"https:\/\/modeco.mywebwork.net\/produkt\/softex-hi-flex-jasny-szary\/"},"modified":"2025-12-29T22:09:53","modified_gmt":"2025-12-29T21:09:53","slug":"softex-hi-flex-gris-clair","status":"publish","type":"product","link":"https:\/\/modeco-sklep.pl\/fr\/softex-hi-flex-jasny-szary\/","title":{"rendered":"SOFTEX HI-FLEX \u2013 GRIS CLAIR"},"content":{"rendered":"<p>SOFTEX HI-FLEX<\/p>\n<p>REV\u00caTEMENT FLEXIBLE POUR VOITURE POUR LE PLAFOND, LES C\u00d4T\u00c9S ET LES PASSAGES DE ROUE<\/p>\n<p>Rev\u00eatement souple unique en son genre SOFTEX HI-FLEX , con\u00e7u pour recouvrir l'int\u00e9rieur des camping-cars, fourgons, bus, cabines de bateaux, id\u00e9al pour la conversion de bus en camping-cars.<\/p>\n<p>Le rev\u00eatement est tr\u00e8s \u00e9lastique, il s'\u00e9tire dans les quatre sens et peut \u00eatre coll\u00e9 en un seul morceau sur le mur. Il \u00e9pouse tr\u00e8s bien les creux, les passages de roues, etc.<\/p>\n<p>Rev\u00eatement d'origine utilis\u00e9 par les constructeurs de camping-cars et d'autocars, id\u00e9al pour l'am\u00e9nagement de minibus.<\/p>\n<p>D\u00e9tails du produit :<\/p>\n<p>Largeur du rev\u00eatement : 200 cm<\/p>\n<p>Le prix correspond \u00e0 1 m\u00e8tre courant de rev\u00eatement (100 cm x 200 cm).<\/p>","protected":false},"excerpt":{"rendered":"<p>SOFTEX HI-FLEX REV\u00caTEMENT FLEXIBLE POUR PLAFOND, C\u00d4T\u00c9S ET PASSAGES DE ROUE DE VOITURE Le rev\u00eatement flexible SOFTEX HI-FLEX, unique en son genre, est con\u00e7u pour recouvrir l'int\u00e9rieur des camping-cars, fourgonnettes, bus et cabines de bateaux. Il est id\u00e9al pour convertir des bus en camping-cars. Le rev\u00eatement est tr\u00e8s \u00e9lastique, s'\u00e9tire dans les 4 sens et peut \u00eatre coll\u00e9 en un seul morceau sur la paroi. Tr\u00e8s bien...<\/p>","protected":false},"featured_media":7111,"comment_status":"closed","ping_status":"closed","template":"","meta":{"_acf_changed":false,"_kad_blocks_custom_css":"","_kad_blocks_head_custom_js":"","_kad_blocks_body_custom_js":"","_kad_blocks_footer_custom_js":"","_kad_post_transparent":"default","_kad_post_title":"","_kad_post_layout":"default","_kad_post_sidebar_id":"","_kad_post_content_style":"default","_kad_post_vertical_padding":"default","_kad_post_feature":"","_kad_post_feature_position":"","_kad_post_header":false,"_kad_post_footer":false,"_kad_post_classname":""},"product_brand":[17],"product_cat":[31],"product_tag":[],"class_list":{"0":"post-1111","1":"product","2":"type-product","3":"status-publish","4":"has-post-thumbnail","6":"product_brand-modeco","7":"product_cat-wykladziny-samochodowe","9":"first","10":"instock","11":"purchasable","12":"product-type-simple","13":"entry","14":"content-bg","15":"loop-entry"},"acf":[],"taxonomy_info":{"product_brand":[{"value":17,"label":"MODECO"}],"product_cat":[{"value":31,"label":"ELASTYCZNE WYK\u0141ADZINY SAMOCHODOWE"}]},"featured_image_src_large":["https:\/\/modeco-sklep.pl\/wp-content\/uploads\/2025\/06\/silver-1024x683.png",1024,683,true],"author_info":[],"comment_info":0,"_links":{"self":[{"href":"https:\/\/modeco-sklep.pl\/fr\/wp-json\/wp\/v2\/product\/1111","targetHints":{"allow":["GET"]}}],"collection":[{"href":"https:\/\/modeco-sklep.pl\/fr\/wp-json\/wp\/v2\/product"}],"about":[{"href":"https:\/\/modeco-sklep.pl\/fr\/wp-json\/wp\/v2\/types\/product"}],"replies":[{"embeddable":true,"href":"https:\/\/modeco-sklep.pl\/fr\/wp-json\/wp\/v2\/comments?post=1111"}],"wp:featuredmedia":[{"embeddable":true,"href":"https:\/\/modeco-sklep.pl\/fr\/wp-json\/wp\/v2\/media\/7111"}],"wp:attachment":[{"href":"https:\/\/modeco-sklep.pl\/fr\/wp-json\/wp\/v2\/media?parent=1111"}],"wp:term":[{"taxonomy":"product_brand","embeddable":true,"href":"https:\/\/modeco-sklep.pl\/fr\/wp-json\/wp\/v2\/product_brand?post=1111"},{"taxonomy":"product_cat","embeddable":true,"href":"https:\/\/modeco-sklep.pl\/fr\/wp-json\/wp\/v2\/product_cat?post=1111"},{"taxonomy":"product_tag","embeddable":true,"href":"https:\/\/modeco-sklep.pl\/fr\/wp-json\/wp\/v2\/product_tag?post=1111"}],"curies":[{"name":"wp","href":"https:\/\/api.w.org\/{rel}","templated":true}]}}