{"id":1102,"date":"2025-06-12T18:06:11","date_gmt":"2025-06-12T18:06:11","guid":{"rendered":"https:\/\/modeco.mywebwork.net\/produkt\/podsufitka-suede-graphite\/"},"modified":"2026-04-07T21:02:14","modified_gmt":"2026-04-07T19:02:14","slug":"garniture-de-pavillon-en-suede-graphite","status":"publish","type":"product","link":"https:\/\/modeco-sklep.pl\/fr\/podsufitka-suede-graphite\/","title":{"rendered":"PAVILLON SUPR\u00caME EN DAIM - GRAPHITE"},"content":{"rendered":"<h4><strong>Tissu pour pavillon de voiture - Pavillon SUPREME SUEDE <\/strong><\/h4>\n<h4>Mat\u00e9riau sp\u00e9cial SUEDE<br \/>\nIl est dot\u00e9 de poils courts et souples qui changent de direction lorsqu'ils sont tir\u00e9s avec la main. Il est flexible, s'adapte parfaitement \u00e0 la forme du pavillon et l'\u00e9ponge lamin\u00e9e (4 mm) n'absorbe pas la colle.<\/h4>\n<h4>\u2705 <strong>Flexible et facile \u00e0 installer<\/strong><br \/>\n\u2705 <strong>\u00c9ponge lamin\u00e9e - 4 mm<\/strong><br \/>\n\u2705 <strong>Largeur du tissu : 150 cm<\/strong><\/h4>\n<h2 style=\"color: #444444; display: block; box-sizing: border-box; background-color: transparent;\"><span style=\"font-size: 11pt;\"><span style=\"line-height: normal;\"><span style=\"font-size: 12.0pt;\"><span style=\"color: #444444;\">Le prix est pour 1 m\u00e8tre courant ( 100 x 150cm)<\/span><\/span><\/span><\/span><br \/>\n<span style=\"font-size: 11pt;\"><span style=\"line-height: normal;\"><span style=\"font-size: 12.0pt;\"><span style=\"color: #444444;\">Lors de l'achat de plusieurs m\u00e8tres, nous essayons d'envoyer le mat\u00e9riel en un seul morceau.<\/span><\/span><\/span><\/span><\/h2>\n<p>&nbsp;<\/p>\n<p>&nbsp;<\/p>\n<p style=\"color: #444444; box-sizing: border-box; background-color: transparent;\">","protected":false},"excerpt":{"rendered":"<p>Tissu automobile pour garniture de pavillon \u2013 GARNIRE DE PAVILLON SUPREME SUEDE Mat\u00e9riau sp\u00e9cial SUEDE Il pr\u00e9sente un poil court et doux qui change de direction lorsque vous passez la main dessus. Il est \u00e9lastique, s'adapte parfaitement \u00e0 la forme du pavillon et la mousse lamin\u00e9e (4 mm) n'absorbe pas la colle. \u2705 Souple et facile \u00e0 installer \u2705 Mousse lamin\u00e9e \u2013 4 mm \u2705 Largeur du tissu : 150 cm Prix\u2026<\/p>","protected":false},"featured_media":7140,"comment_status":"closed","ping_status":"closed","template":"","meta":{"_acf_changed":false,"_kad_blocks_custom_css":"","_kad_blocks_head_custom_js":"","_kad_blocks_body_custom_js":"","_kad_blocks_footer_custom_js":"","_kad_post_transparent":"default","_kad_post_title":"","_kad_post_layout":"default","_kad_post_sidebar_id":"","_kad_post_content_style":"default","_kad_post_vertical_padding":"default","_kad_post_feature":"","_kad_post_feature_position":"","_kad_post_header":false,"_kad_post_footer":false,"_kad_post_classname":""},"product_brand":[17],"product_cat":[20,116],"product_tag":[],"class_list":{"0":"post-1102","1":"product","2":"type-product","3":"status-publish","4":"has-post-thumbnail","6":"product_brand-modeco","7":"product_cat-supreme-suede-na-podsufitki","8":"product_cat-material-na-podsufitke","10":"first","11":"outofstock","12":"purchasable","13":"product-type-simple","14":"entry","15":"content-bg","16":"loop-entry"},"acf":[],"taxonomy_info":{"product_brand":[{"value":17,"label":"MODECO"}],"product_cat":[{"value":20,"label":"SUPREME SUEDE STRETCH - PODSUFITKA"},{"value":116,"label":"MATERIA\u0141 NA PODSUFITK\u0118 I BOCZKI"}]},"featured_image_src_large":["https:\/\/modeco-sklep.pl\/wp-content\/uploads\/2025\/06\/grey-1024x683.png",1024,683,true],"author_info":[],"comment_info":0,"_links":{"self":[{"href":"https:\/\/modeco-sklep.pl\/fr\/wp-json\/wp\/v2\/product\/1102","targetHints":{"allow":["GET"]}}],"collection":[{"href":"https:\/\/modeco-sklep.pl\/fr\/wp-json\/wp\/v2\/product"}],"about":[{"href":"https:\/\/modeco-sklep.pl\/fr\/wp-json\/wp\/v2\/types\/product"}],"replies":[{"embeddable":true,"href":"https:\/\/modeco-sklep.pl\/fr\/wp-json\/wp\/v2\/comments?post=1102"}],"wp:featuredmedia":[{"embeddable":true,"href":"https:\/\/modeco-sklep.pl\/fr\/wp-json\/wp\/v2\/media\/7140"}],"wp:attachment":[{"href":"https:\/\/modeco-sklep.pl\/fr\/wp-json\/wp\/v2\/media?parent=1102"}],"wp:term":[{"taxonomy":"product_brand","embeddable":true,"href":"https:\/\/modeco-sklep.pl\/fr\/wp-json\/wp\/v2\/product_brand?post=1102"},{"taxonomy":"product_cat","embeddable":true,"href":"https:\/\/modeco-sklep.pl\/fr\/wp-json\/wp\/v2\/product_cat?post=1102"},{"taxonomy":"product_tag","embeddable":true,"href":"https:\/\/modeco-sklep.pl\/fr\/wp-json\/wp\/v2\/product_tag?post=1102"}],"curies":[{"name":"wp","href":"https:\/\/api.w.org\/{rel}","templated":true}]}}