{"id":1098,"date":"2025-06-12T18:06:11","date_gmt":"2025-06-12T18:06:11","guid":{"rendered":"https:\/\/modeco.mywebwork.net\/produkt\/klej-forch-k146\/"},"modified":"2025-12-28T12:56:27","modified_gmt":"2025-12-28T11:56:27","slug":"colle-forch-k146","status":"publish","type":"product","link":"https:\/\/modeco-sklep.pl\/fr\/klej-forch-k146\/","title":{"rendered":"Colle FORCH K146"},"content":{"rendered":"<p><strong><span style=\"font-size: 20px;\">COLLE POUR TAPISSERIE DE PLAFONDS DE VOITURES  FORCH<\/span><\/strong><\/p>\n<p><span style=\"font-size: 16px;\">\u00a0\u2013 colle r\u00e9sistante aux temp\u00e9ratures \u00e9lev\u00e9es<\/span><\/p>\n<p><span style=\"font-size: 16px;\">\u00a0\u2013 colle \u00e0 tr\u00e8s haute force d'adh\u00e9rence rapide<\/span><\/p>\n<p><span style=\"font-size: 16px;\">\u2013 id\u00e9al pour une utilisation dans l'industrie automobile pour le collage des garnitures de toit<\/span><\/p>\n<p><span style=\"font-size: 16px;\">\u2013 colle \u00e0 s\u00e9chage rapide pour mat\u00e9riaux l\u00e9gers, formant une fine couche incolore<\/span><\/p>\n<p><span style=\"font-size: 16px;\">\u2013 buse sp\u00e9ciale \u00e0 6 degr\u00e9s permettant d'appliquer la colle en point ou en \u00e9ventail<\/span><\/p>\n<p><span style=\"font-size: 16px;\">\u2013 couleur : jaune<\/span><\/p>\n<p><span style=\"font-size: 16px;\">\u2013 capacit\u00e9 400 ml<\/span><\/p>\n<p>Rendement : 2 colles pour un faux plafond<\/p>\n<p>&nbsp;<\/p>\n<div id=\"extra-1\" class=\"tab-pane fade in active\" role=\"tabpanel\" aria-expanded=\"true\">\n<div class=\"x13gpsr x13gpsr-shop-1 x13gpsr--displayProductExtraContent\">\n<p class=\"x13gpsr__title\"><strong>Fabricant<\/strong><\/p>\n<ul class=\"x13gpsr__list\">\n<li class=\"x13gpsr__item\">F. F\u00d6RCH GmbH &amp; Co. KG.<\/li>\n<li class=\"x13gpsr__item\">11-15, rue Theo-F\u00f6rch<\/li>\n<li class=\"x13gpsr__item\">74196 Neuenstadt<\/li>\n<li class=\"x13gpsr__item\">Allemagne<\/li>\n<li class=\"x13gpsr__item\"><a href=\"mailto:info@foerch.de\"> info@foerch.de <\/a><\/li>\n<li class=\"x13gpsr__item\">+49 7139 95-0<\/li>\n<\/ul>\n<div class=\"x13gpsr__informations\">\n<p><strong>Danger<\/strong><\/p>\n<p>H319 - Irritant pour les yeux. H336 - Peut provoquer somnolence ou vertiges. H412 - Nocif pour les organismes aquatiques, entra\u00eene des effets n\u00e9fastes \u00e0 long terme. H222 - A\u00e9rosol extr\u00eamement inflammable. H229 - R\u00e9cipient sous pression : peut s'enflammer sous l'effet de la chaleur.<\/p>\n<p>P210 - Conserver \u00e0 l'\u00e9cart de la chaleur, des surfaces chaudes, des \u00e9tincelles, des flammes nues et de toute autre source d'inflammation. Ne pas fumer. P211 - Ne pas vaporiser sur une flamme nue ou toute autre source d'inflammation. P251 - Ne pas percer ni br\u00fbler, m\u00eame apr\u00e8s usage. P261-\u00c9viter d'inhaler les pulv\u00e9risations. P273-\u00c9viter le rejet dans l'environnement. P280-Porter un \u00e9quipement de protection des yeux \/ du visage. P312-En cas de malaise, contacter un CENTRE ANTIPOISON \/ un m\u00e9decin. P410+P412 - Prot\u00e9ger de la lumi\u00e8re du soleil. Ne pas exposer \u00e0 une temp\u00e9rature sup\u00e9rieure \u00e0 50 \u00b0C.<\/p>\n<p>EUH066-Une exposition r\u00e9p\u00e9t\u00e9e peut provoquer dess\u00e8chement ou ger\u00e7ures de la peau.<\/p>\n<p>Sans ventilation suffisante, possibilit\u00e9 de formation de m\u00e9langes explosifs. Ac\u00e9tone Hydrocarbures, C6-C7, isoalcanes, cycloalcanes, &lt;5% n-hexane<\/p>\n<\/div>\n<\/div>\n<\/div>","protected":false},"excerpt":{"rendered":"<p>COLLE POUR TAPISSERIE DE PLAFOND DE VOITURE  FORCH  \u2013 colle r\u00e9sistante aux temp\u00e9ratures \u00e9lev\u00e9es \u00a0\u2013 colle \u00e0 tr\u00e8s forte adh\u00e9rence rapide \u2013 id\u00e9ale pour une utilisation dans l'industrie automobile pour le collage de plafonds \u2013 colle \u00e0 s\u00e9chage rapide pour mat\u00e9riaux l\u00e9gers, formant une fine couche incolore \u2013 buse sp\u00e9ciale \u00e0 6 degr\u00e9s permettant d'appliquer la colle en point ou en \u00e9ventail...<\/p>","protected":false},"featured_media":2175,"comment_status":"closed","ping_status":"closed","template":"","meta":{"_acf_changed":false,"_kad_blocks_custom_css":"","_kad_blocks_head_custom_js":"","_kad_blocks_body_custom_js":"","_kad_blocks_footer_custom_js":"","_kad_post_transparent":"default","_kad_post_title":"","_kad_post_layout":"default","_kad_post_sidebar_id":"","_kad_post_content_style":"default","_kad_post_vertical_padding":"default","_kad_post_feature":"","_kad_post_feature_position":"","_kad_post_header":false,"_kad_post_footer":false,"_kad_post_classname":""},"product_brand":[21],"product_cat":[22,18],"product_tag":[],"class_list":{"0":"post-1098","1":"product","2":"type-product","3":"status-publish","4":"has-post-thumbnail","6":"product_brand-forch","7":"product_cat-klej-do-podsufitek","8":"product_cat-tkaniny-na-podsufitki-samochodowe","10":"first","11":"instock","12":"purchasable","13":"product-type-simple","14":"entry","15":"content-bg","16":"loop-entry"},"acf":[],"taxonomy_info":{"product_brand":[{"value":21,"label":"FORCH"}],"product_cat":[{"value":22,"label":"KLEJ DO PODSUFITEK"},{"value":18,"label":"TKANINY NA PODSUFITKI"}]},"featured_image_src_large":["https:\/\/modeco-sklep.pl\/wp-content\/uploads\/2025\/06\/K146-1-1024x682.jpeg",1024,682,true],"author_info":[],"comment_info":0,"_links":{"self":[{"href":"https:\/\/modeco-sklep.pl\/fr\/wp-json\/wp\/v2\/product\/1098","targetHints":{"allow":["GET"]}}],"collection":[{"href":"https:\/\/modeco-sklep.pl\/fr\/wp-json\/wp\/v2\/product"}],"about":[{"href":"https:\/\/modeco-sklep.pl\/fr\/wp-json\/wp\/v2\/types\/product"}],"replies":[{"embeddable":true,"href":"https:\/\/modeco-sklep.pl\/fr\/wp-json\/wp\/v2\/comments?post=1098"}],"wp:featuredmedia":[{"embeddable":true,"href":"https:\/\/modeco-sklep.pl\/fr\/wp-json\/wp\/v2\/media\/2175"}],"wp:attachment":[{"href":"https:\/\/modeco-sklep.pl\/fr\/wp-json\/wp\/v2\/media?parent=1098"}],"wp:term":[{"taxonomy":"product_brand","embeddable":true,"href":"https:\/\/modeco-sklep.pl\/fr\/wp-json\/wp\/v2\/product_brand?post=1098"},{"taxonomy":"product_cat","embeddable":true,"href":"https:\/\/modeco-sklep.pl\/fr\/wp-json\/wp\/v2\/product_cat?post=1098"},{"taxonomy":"product_tag","embeddable":true,"href":"https:\/\/modeco-sklep.pl\/fr\/wp-json\/wp\/v2\/product_tag?post=1098"}],"curies":[{"name":"wp","href":"https:\/\/api.w.org\/{rel}","templated":true}]}}