{"id":7804,"date":"2026-04-16T22:15:05","date_gmt":"2026-04-16T20:15:05","guid":{"rendered":"https:\/\/modeco-sklep.pl\/?page_id=7804"},"modified":"2026-04-16T22:15:06","modified_gmt":"2026-04-16T20:15:06","slug":"cooperation-b2b","status":"publish","type":"page","link":"https:\/\/modeco-sklep.pl\/fr\/wspolpraca-b2b\/","title":{"rendered":"Coop\u00e9ration B2B"},"content":{"rendered":"<h4 class=\"wp-block-heading\"><\/h4>\n\n\n\n<p>Offre destin\u00e9e aux professionnels de l'automobile, aux magasins et aux grossistes en tissus.<\/p>\n\n\n\n<p>Nous sommes sp\u00e9cialis\u00e9s dans la vente de tissus automobiles de haute qualit\u00e9 destin\u00e9s au rembourrage, \u00e0 la restauration de l'int\u00e9rieur des v\u00e9hicules, \u00e0 la fabrication et aux projets personnalis\u00e9s. Nos tissus combinent durabilit\u00e9, esth\u00e9tique et une large gamme de motifs et de couleurs, r\u00e9pondant aux besoins des d\u00e9veloppements standards et des projets plus exigeants.<\/p>\n\n\n\n<p>Nous nous r\u00e9jouissons de travailler avec vous :<\/p>\n\n\n\n<ul class=\"wp-block-list\">\n<li>tapissiers automobiles<\/li>\n\n\n\n<li>ateliers et services automobiles<\/li>\n\n\n\n<li>les entreprises sp\u00e9cialis\u00e9es dans les carrosseries de v\u00e9hicules<\/li>\n\n\n\n<li>magasins d'artisanat et grossistes<\/li>\n\n\n\n<li>entreprises de retouche de v\u00e9hicules<\/li>\n<\/ul>\n\n\n\n<p>Nous offrons :<\/p>\n\n\n\n<ul class=\"wp-block-list\">\n<li>des conditions commerciales comp\u00e9titives pour les partenaires B2B<\/li>\n\n\n\n<li>une large gamme de tissus en constante \u00e9volution<\/li>\n\n\n\n<li>une grande disponibilit\u00e9 des produits cl\u00e9s<\/li>\n\n\n\n<li>l'aide \u00e0 la s\u00e9lection des mat\u00e9riaux appropri\u00e9s<\/li>\n\n\n\n<li>l'ex\u00e9cution efficace et rapide des commandes<\/li>\n<\/ul>\n\n\n\n<p>Nous mettons l'accent sur une coop\u00e9ration \u00e0 long terme fond\u00e9e sur la confiance, la qualit\u00e9 et une approche flexible des besoins de nos partenaires commerciaux.<\/p>\n\n\n\n<p>Si vous \u00eates int\u00e9ress\u00e9 par une coop\u00e9ration, n'h\u00e9sitez pas \u00e0 nous contacter - nous pr\u00e9parerons une offre adapt\u00e9e aux sp\u00e9cificit\u00e9s de votre entreprise.<\/p>\n\n\n\n<p><strong>Hubert Dolmatov<\/strong><\/p>\n\n\n\n<p>Courriel : <a href=\"mailto:hubert@modeco-tkaniny.pl\">hubert@modeco-tkaniny.pl<\/a><\/p>\n\n\n\n<p>Tel : +48 515594002<\/p>\n\n\n\n<p><strong>Urszula Borkowska (clients internationaux)<\/strong><\/p>\n\n\n\n<p>Courriel : <a href=\"mailto:urszula@modeco-tkaniny.pl\">urszula@modeco-tkaniny.pl<\/a><\/p>\n\n\n\n<p>T\u00e9l : +48 690520221 (en polonais et en anglais)<\/p>\n\n\n\n<p><\/p>","protected":false},"excerpt":{"rendered":"<p>Oferta skierowana do profesjonalist\u00f3w z bran\u017cy motoryzacyjnej, sklep\u00f3w oraz hurtowni tkanin. Specjalizujemy si\u0119 w sprzeda\u017cy wysokiej jako\u015bci tkanin samochodowych, kt\u00f3re znajduj\u0105 zastosowanie w tapicerstwie, renowacji wn\u0119trz pojazd\u00f3w, produkcji oraz projektach indywidualnych. Nasze materia\u0142y \u0142\u0105cz\u0105 trwa\u0142o\u015b\u0107, estetyk\u0119 oraz szerok\u0105 gam\u0119 wzor\u00f3w i kolor\u00f3w, odpowiadaj\u0105c zar\u00f3wno na potrzeby standardowych realizacji, jak i bardziej wymagaj\u0105cych projekt\u00f3w. Do wsp\u00f3\u0142pracy&#8230;<\/p>","protected":false},"author":1938,"featured_media":0,"parent":0,"menu_order":0,"comment_status":"closed","ping_status":"closed","template":"","meta":{"_acf_changed":false,"_kad_blocks_custom_css":"","_kad_blocks_head_custom_js":"","_kad_blocks_body_custom_js":"","_kad_blocks_footer_custom_js":"","_kad_post_transparent":"","_kad_post_title":"","_kad_post_layout":"","_kad_post_sidebar_id":"","_kad_post_content_style":"","_kad_post_vertical_padding":"","_kad_post_feature":"","_kad_post_feature_position":"","_kad_post_header":false,"_kad_post_footer":false,"_kad_post_classname":"","footnotes":""},"class_list":["post-7804","page","type-page","status-publish","hentry"],"acf":[],"taxonomy_info":[],"featured_image_src_large":false,"author_info":{"display_name":"Maciej Borkowski","author_link":"https:\/\/modeco-sklep.pl\/fr\/author\/maciek\/"},"comment_info":0,"_links":{"self":[{"href":"https:\/\/modeco-sklep.pl\/fr\/wp-json\/wp\/v2\/pages\/7804","targetHints":{"allow":["GET"]}}],"collection":[{"href":"https:\/\/modeco-sklep.pl\/fr\/wp-json\/wp\/v2\/pages"}],"about":[{"href":"https:\/\/modeco-sklep.pl\/fr\/wp-json\/wp\/v2\/types\/page"}],"author":[{"embeddable":true,"href":"https:\/\/modeco-sklep.pl\/fr\/wp-json\/wp\/v2\/users\/1938"}],"replies":[{"embeddable":true,"href":"https:\/\/modeco-sklep.pl\/fr\/wp-json\/wp\/v2\/comments?post=7804"}],"version-history":[{"count":0,"href":"https:\/\/modeco-sklep.pl\/fr\/wp-json\/wp\/v2\/pages\/7804\/revisions"}],"wp:attachment":[{"href":"https:\/\/modeco-sklep.pl\/fr\/wp-json\/wp\/v2\/media?parent=7804"}],"curies":[{"name":"wp","href":"https:\/\/api.w.org\/{rel}","templated":true}]}}