{"id":1519,"date":"2025-06-13T06:05:13","date_gmt":"2025-06-13T06:05:13","guid":{"rendered":"https:\/\/modeco.mywebwork.net\/?page_id=1519"},"modified":"2026-04-07T19:43:28","modified_gmt":"2026-04-07T17:43:28","slug":"paiements","status":"publish","type":"page","link":"https:\/\/modeco-sklep.pl\/fr\/platnosci\/","title":{"rendered":"Paiements"},"content":{"rendered":"<p><strong>PAIEMENT VIA LE SERVICE PRZELEWY24<\/strong>, <strong>TPAY , PAYPAL<\/strong><\/p>\n\n\n\n<figure class=\"wp-block-image size-full is-resized\"><img loading=\"lazy\" decoding=\"async\" width=\"1370\" height=\"229\" src=\"https:\/\/modeco-sklep.pl\/wp-content\/uploads\/2026\/04\/przelewy.png\" alt=\"\" class=\"wp-image-7758\" style=\"aspect-ratio:5.982783619196652;width:1232px;height:auto\" srcset=\"https:\/\/modeco-sklep.pl\/wp-content\/uploads\/2026\/04\/przelewy.png 1370w, https:\/\/modeco-sklep.pl\/wp-content\/uploads\/2026\/04\/przelewy-300x50.png 300w, https:\/\/modeco-sklep.pl\/wp-content\/uploads\/2026\/04\/przelewy-1024x171.png 1024w, https:\/\/modeco-sklep.pl\/wp-content\/uploads\/2026\/04\/przelewy-768x128.png 768w, https:\/\/modeco-sklep.pl\/wp-content\/uploads\/2026\/04\/przelewy-18x3.png 18w, https:\/\/modeco-sklep.pl\/wp-content\/uploads\/2026\/04\/przelewy-150x25.png 150w\" sizes=\"auto, (max-width: 1370px) 100vw, 1370px\" \/><\/figure>\n\n\n\n<p><strong>PAIEMENTS PAR VIREMENT BANCAIRE STANDARD<\/strong><\/p>\n\n\n\n<p>Pour les paiements par virement bancaire, veuillez indiquer le num\u00e9ro de commande dans le titre du virement bancaire.<\/p>\n\n\n\n<p>Coordonn\u00e9es bancaires pour le virement :<\/p>\n\n\n\n<p>MODECO GROUP SP Z O.O.<br>Bia\u0142ystok, rue Zab\u0142udowska 41<\/p>\n\n\n\n<div class=\"wp-block-group\"><div class=\"wp-block-group__inner-container is-layout-constrained wp-block-group-is-layout-constrained\">\n<p>PNM : 9662215201<\/p>\n<\/div><\/div>\n\n\n\n<p>Banque : Santander Bank Polska<br>Compte PLN : 39 1500 1083 1210 8012 4023 0000<\/p>\n\n\n\n<p>Compte EUR :<\/p>\n\n\n\n<p>Code Swift : WBKPPLPPXXX<\/p>\n\n\n\n<p><br><br>PAIEMENTS INTERNATIONAUX TRAIT\u00c9S PAR PAYPAL<\/p>\n\n\n\n<figure class=\"wp-block-image size-large is-resized\"><img loading=\"lazy\" decoding=\"async\" width=\"1024\" height=\"273\" src=\"http:\/\/modeco-sklep.pl\/wp-content\/uploads\/2025\/07\/paypal-logo-1024x273.webp\" alt=\"\" class=\"wp-image-2006\" style=\"width:299px;height:auto\" srcset=\"https:\/\/modeco-sklep.pl\/wp-content\/uploads\/2025\/07\/paypal-logo-1024x273.webp 1024w, https:\/\/modeco-sklep.pl\/wp-content\/uploads\/2025\/07\/paypal-logo-300x80.webp 300w, https:\/\/modeco-sklep.pl\/wp-content\/uploads\/2025\/07\/paypal-logo-768x205.webp 768w, https:\/\/modeco-sklep.pl\/wp-content\/uploads\/2025\/07\/paypal-logo-18x5.webp 18w, https:\/\/modeco-sklep.pl\/wp-content\/uploads\/2025\/07\/paypal-logo-150x40.webp 150w, https:\/\/modeco-sklep.pl\/wp-content\/uploads\/2025\/07\/paypal-logo.webp 1280w\" sizes=\"auto, (max-width: 1024px) 100vw, 1024px\" \/><\/figure>\n\n\n\n<p><br><br><br><\/p>\n\n\n\n<p><\/p>","protected":false},"excerpt":{"rendered":"<p>P\u0141ATNO\u015a\u0106 ZA PO\u015aREDNICTWEM SERWISU PRZELEWY24, TPAY , PAYPAL P\u0141ATNO\u015aCI STANDARDOWYM PRZELEWEM BANKOWYM Przy p\u0142atno\u015bciach przelewem prosimy o wpisywanie numeru zam\u00f3wienia w tytule przelewu bankowego Dane do przelewu bankowego: MODECO GROUP SP Z O.O.Bia\u0142ystok, ul. Zab\u0142udowska 41 NIP: 9662215201 Bank: Santander Bank PolskaKonto PLN : 39 1500 1083 1210 8012 4023 0000 Konto EUR: Swift CODE:&#8230;<\/p>","protected":false},"author":1940,"featured_media":0,"parent":0,"menu_order":0,"comment_status":"closed","ping_status":"closed","template":"","meta":{"_acf_changed":false,"_kad_blocks_custom_css":"","_kad_blocks_head_custom_js":"","_kad_blocks_body_custom_js":"","_kad_blocks_footer_custom_js":"","_kad_post_transparent":"","_kad_post_title":"","_kad_post_layout":"","_kad_post_sidebar_id":"","_kad_post_content_style":"","_kad_post_vertical_padding":"","_kad_post_feature":"","_kad_post_feature_position":"","_kad_post_header":false,"_kad_post_footer":false,"_kad_post_classname":"","footnotes":""},"class_list":["post-1519","page","type-page","status-publish","hentry"],"acf":[],"taxonomy_info":[],"featured_image_src_large":false,"author_info":{"display_name":"Modeco Sklep","author_link":"https:\/\/modeco-sklep.pl\/fr\/author\/modeco\/"},"comment_info":0,"_links":{"self":[{"href":"https:\/\/modeco-sklep.pl\/fr\/wp-json\/wp\/v2\/pages\/1519","targetHints":{"allow":["GET"]}}],"collection":[{"href":"https:\/\/modeco-sklep.pl\/fr\/wp-json\/wp\/v2\/pages"}],"about":[{"href":"https:\/\/modeco-sklep.pl\/fr\/wp-json\/wp\/v2\/types\/page"}],"author":[{"embeddable":true,"href":"https:\/\/modeco-sklep.pl\/fr\/wp-json\/wp\/v2\/users\/1940"}],"replies":[{"embeddable":true,"href":"https:\/\/modeco-sklep.pl\/fr\/wp-json\/wp\/v2\/comments?post=1519"}],"version-history":[{"count":0,"href":"https:\/\/modeco-sklep.pl\/fr\/wp-json\/wp\/v2\/pages\/1519\/revisions"}],"wp:attachment":[{"href":"https:\/\/modeco-sklep.pl\/fr\/wp-json\/wp\/v2\/media?parent=1519"}],"curies":[{"name":"wp","href":"https:\/\/api.w.org\/{rel}","templated":true}]}}