{"id":7893,"date":"2026-05-04T21:49:01","date_gmt":"2026-05-04T19:49:01","guid":{"rendered":"https:\/\/modeco-sklep.pl\/?post_type=product&#038;p=7893"},"modified":"2026-05-04T21:51:29","modified_gmt":"2026-05-04T19:51:29","slug":"wykladzina-mars-grey","status":"publish","type":"product","link":"https:\/\/modeco-sklep.pl\/es\/wykladzina-mars-grey\/","title":{"rendered":"WYK\u0141ADZINA MARS &#8211; GREY"},"content":{"rendered":"<section class=\"StrTresc\">\n<div class=\"Listing\">\n<div class=\"OpisListing\">\n<div class=\"OpisListingGorny\">\n<section class=\"StrTresc\">\n<div class=\"Listing\">\n<div class=\"OpisListing\">\n<div class=\"OpisListingGorny\">\n<p data-start=\"74\" data-end=\"142\"><strong data-start=\"74\" data-end=\"142\">MARS \u2013 wytrzyma\u0142a, antypo\u015blizgowa pod\u0142oga winylowa do pojazd\u00f3w<\/strong><\/p>\n<p data-start=\"144\" data-end=\"397\">MARS to wyj\u0105tkowo trwa\u0142a wyk\u0142adzina winylowa przeznaczona do intensywnego u\u017cytkowania. Wyposa\u017cona w warstw\u0119 u\u017cytkow\u0105 o grubo\u015bci 0,9 mm, zapewnia wysok\u0105 odporno\u015b\u0107 na \u015bcieranie i uszkodzenia, dzi\u0119ki czemu doskonale sprawdza si\u0119 w wymagaj\u0105cych warunkach.<\/p>\n<p data-start=\"399\" data-end=\"591\">Antypo\u015blizgowa powierzchnia zwi\u0119ksza bezpiecze\u0144stwo podczas u\u017cytkowania, a solidna konstrukcja pozwala na zastosowanie nie tylko w pojazdach, ale tak\u017ce w wybranych przestrzeniach komercyjnych.<\/p>\n<p data-start=\"593\" data-end=\"666\"><strong data-start=\"593\" data-end=\"610\">Aplicaci\u00f3n:<\/strong><br \/>\nMARS znajduje zastosowanie w r\u00f3\u017cnych typach pojazd\u00f3w:<\/p>\n<ul data-start=\"667\" data-end=\"813\">\n<li data-section-id=\"1mou5kt\" data-start=\"667\" data-end=\"690\">autobusy i autokary<\/li>\n<li data-section-id=\"1ymy5uv\" data-start=\"691\" data-end=\"748\">kampery i samochody kempingowe<\/li>\n<li data-section-id=\"i9mqh5\" data-start=\"749\" data-end=\"769\">pojazdy u\u017cytkowe<\/li>\n<li data-section-id=\"11oq5fh\" data-start=\"770\" data-end=\"813\">pojazdy specjalistyczne i przystosowane<\/li>\n<\/ul>\n<p data-start=\"815\" data-end=\"913\">Dzi\u0119ki swojej wzmocnionej strukturze sprawdzi si\u0119 r\u00f3wnie\u017c w wybranych zastosowaniach komercyjnych<\/p>\n<p><strong data-start=\"65\" data-end=\"85\">Sk\u0142ad materia\u0142u:<\/strong><\/p>\n<p>Wysokiej jako\u015bci PVC wzmocnione w\u0142\u00f3knem szklanym (Glass Fibre), zapewniaj\u0105ce zwi\u0119kszon\u0105 stabilno\u015b\u0107 wymiarow\u0105 oraz trwa\u0142o\u015b\u0107.<\/p>\n<p>Szeroko\u015b\u0107: 200 cm<\/p>\n<p>Grubo\u015b\u0107: 2 mm<\/p>\n<p><span style=\"font-size: 16px;\"><strong>Detalles del producto:<\/strong><\/span><\/p>\n<p><span style=\"font-size: 16px;\">Al comprar 1 unidad, compras 1 metro lineal de material (100 cm x 200 cm).<\/span><\/p>\n<p><span style=\"font-size: 16px;\">Przy zakupie kilku sztuk &#8211; nie rozcinamy materia\u0142u, wysy\u0142amy w jednym kawa\u0142ku ( max w jednym wa\u0142ku 15 mb )<\/span><\/p>\n<\/div>\n<\/div>\n<\/div>\n<\/section>\n<\/div>\n<\/div>\n<\/div>\n<\/section>","protected":false},"excerpt":{"rendered":"<p>MARS \u2013 wytrzyma\u0142a, antypo\u015blizgowa pod\u0142oga winylowa do pojazd\u00f3w MARS to wyj\u0105tkowo trwa\u0142a wyk\u0142adzina winylowa przeznaczona do intensywnego u\u017cytkowania. Wyposa\u017cona w warstw\u0119 u\u017cytkow\u0105 o grubo\u015bci 0,9 mm, zapewnia wysok\u0105 odporno\u015b\u0107 na \u015bcieranie i uszkodzenia, dzi\u0119ki czemu doskonale sprawdza si\u0119 w wymagaj\u0105cych warunkach. Antypo\u015blizgowa powierzchnia zwi\u0119ksza bezpiecze\u0144stwo podczas u\u017cytkowania, a solidna konstrukcja pozwala na zastosowanie nie tylko&#8230;<\/p>","protected":false},"featured_media":0,"comment_status":"closed","ping_status":"closed","template":"","meta":{"_acf_changed":false,"_kad_blocks_custom_css":"","_kad_blocks_head_custom_js":"","_kad_blocks_body_custom_js":"","_kad_blocks_footer_custom_js":"","_kad_post_transparent":"default","_kad_post_title":"","_kad_post_layout":"default","_kad_post_sidebar_id":"","_kad_post_content_style":"default","_kad_post_vertical_padding":"default","_kad_post_feature":"","_kad_post_feature_position":"","_kad_post_header":false,"_kad_post_footer":false,"_kad_post_classname":""},"product_brand":[17],"product_cat":[47],"product_tag":[],"class_list":{"0":"post-7893","1":"product","2":"type-product","3":"status-publish","5":"product_brand-modeco","6":"product_cat-wykladziny-do-vanow-autobusow","8":"first","9":"instock","10":"purchasable","11":"product-type-simple","12":"entry","13":"content-bg","14":"loop-entry"},"acf":[],"taxonomy_info":{"product_brand":[{"value":17,"label":"MODECO"}],"product_cat":[{"value":47,"label":"WYK\u0141ADZINY DO VAN\u00d3W I BUS\u00d3W"}]},"featured_image_src_large":false,"author_info":[],"comment_info":0,"_links":{"self":[{"href":"https:\/\/modeco-sklep.pl\/es\/wp-json\/wp\/v2\/product\/7893","targetHints":{"allow":["GET"]}}],"collection":[{"href":"https:\/\/modeco-sklep.pl\/es\/wp-json\/wp\/v2\/product"}],"about":[{"href":"https:\/\/modeco-sklep.pl\/es\/wp-json\/wp\/v2\/types\/product"}],"replies":[{"embeddable":true,"href":"https:\/\/modeco-sklep.pl\/es\/wp-json\/wp\/v2\/comments?post=7893"}],"wp:attachment":[{"href":"https:\/\/modeco-sklep.pl\/es\/wp-json\/wp\/v2\/media?parent=7893"}],"wp:term":[{"taxonomy":"product_brand","embeddable":true,"href":"https:\/\/modeco-sklep.pl\/es\/wp-json\/wp\/v2\/product_brand?post=7893"},{"taxonomy":"product_cat","embeddable":true,"href":"https:\/\/modeco-sklep.pl\/es\/wp-json\/wp\/v2\/product_cat?post=7893"},{"taxonomy":"product_tag","embeddable":true,"href":"https:\/\/modeco-sklep.pl\/es\/wp-json\/wp\/v2\/product_tag?post=7893"}],"curies":[{"name":"wp","href":"https:\/\/api.w.org\/{rel}","templated":true}]}}