{"id":7555,"date":"2026-02-13T10:33:22","date_gmt":"2026-02-13T09:33:22","guid":{"rendered":"https:\/\/modeco-sklep.pl\/?post_type=product&#038;p=7555"},"modified":"2026-02-13T10:40:59","modified_gmt":"2026-02-13T09:40:59","slug":"catalogo-de-colores-de-ante-elastico","status":"publish","type":"product","link":"https:\/\/modeco-sklep.pl\/es\/katalog-kolorystyczny-suede-stretch\/","title":{"rendered":"Cat\u00e1logo de colores SUEDE STRETCH"},"content":{"rendered":"<p class=\"isSelectedEnd\"><strong>Muestrario de colores del tejido SUPREME SUEDE STRETCH<\/strong><\/p>\n<p class=\"isSelectedEnd\">Un pr\u00e1ctico muestrario que le permite ver toda la gama de colores del tejido SUPREME SUEDE STRETCH antes de comprar.<\/p>\n<p class=\"isSelectedEnd\">Se incluyen:<\/p>\n<ul data-spread=\"false\">\n<li>\n<p class=\"isSelectedEnd\">todos los colores de material disponibles,<\/p>\n<\/li>\n<li>\n<p class=\"isSelectedEnd\">muestra de material adicional en la versi\u00f3n <strong>SLIM<\/strong>.<\/p>\n<\/li>\n<\/ul>\n<p class=\"isSelectedEnd\">Cada muestra tiene el formato <strong>15 \u00d7 20 cm<\/strong>, que permite evaluar con precisi\u00f3n el color, la textura y la elasticidad del material.<\/p>\n<p>Ideal para quienes desean elegir el color y la variante de material adecuados antes de hacer el pedido.<\/p>\n<p>&nbsp;<\/p>\n<p>&nbsp;<\/p>\n<p>&nbsp;<\/p>","protected":false},"excerpt":{"rendered":"<p>Muestrario de colores de tejido SUPREME SUEDE STRETCH Pr\u00e1ctico muestrario que le permite ver toda la gama de colores de tejido SUPREME SUEDE STRETCH antes de realizar la compra. Incluye: todos los colores de tejido disponibles, muestra de tejido adicional en versi\u00f3n SLIM. Cada muestra tiene un formato de 15 \u00d7 20 cm, lo que le permite evaluar con precisi\u00f3n el color, la textura y la elasticidad del tejido. La soluci\u00f3n ideal...<\/p>","protected":false},"featured_media":7554,"comment_status":"open","ping_status":"closed","template":"","meta":{"_acf_changed":false,"_kad_blocks_custom_css":"","_kad_blocks_head_custom_js":"","_kad_blocks_body_custom_js":"","_kad_blocks_footer_custom_js":"","_kad_post_transparent":"default","_kad_post_title":"","_kad_post_layout":"default","_kad_post_sidebar_id":"","_kad_post_content_style":"default","_kad_post_vertical_padding":"default","_kad_post_feature":"","_kad_post_feature_position":"","_kad_post_header":false,"_kad_post_footer":false,"_kad_post_classname":""},"product_brand":[17],"product_cat":[164,165],"product_tag":[],"class_list":{"0":"post-7555","1":"product","2":"type-product","3":"status-publish","4":"has-post-thumbnail","6":"product_brand-modeco","7":"product_cat-probniki","8":"product_cat-probniki-tkaniny-na-podsufitki-samochodowe","10":"first","11":"instock","12":"shipping-taxable","13":"purchasable","14":"product-type-simple","15":"entry","16":"content-bg","17":"loop-entry"},"acf":[],"taxonomy_info":{"product_brand":[{"value":17,"label":"MODECO"}],"product_cat":[{"value":164,"label":"PR\u00d3BNIKI"},{"value":165,"label":"PR\u00d3BNIKI"}]},"featured_image_src_large":["https:\/\/modeco-sklep.pl\/wp-content\/uploads\/2026\/02\/20260101_140713-1024x768.png",1024,768,true],"author_info":[],"comment_info":0,"_links":{"self":[{"href":"https:\/\/modeco-sklep.pl\/es\/wp-json\/wp\/v2\/product\/7555","targetHints":{"allow":["GET"]}}],"collection":[{"href":"https:\/\/modeco-sklep.pl\/es\/wp-json\/wp\/v2\/product"}],"about":[{"href":"https:\/\/modeco-sklep.pl\/es\/wp-json\/wp\/v2\/types\/product"}],"replies":[{"embeddable":true,"href":"https:\/\/modeco-sklep.pl\/es\/wp-json\/wp\/v2\/comments?post=7555"}],"wp:featuredmedia":[{"embeddable":true,"href":"https:\/\/modeco-sklep.pl\/es\/wp-json\/wp\/v2\/media\/7554"}],"wp:attachment":[{"href":"https:\/\/modeco-sklep.pl\/es\/wp-json\/wp\/v2\/media?parent=7555"}],"wp:term":[{"taxonomy":"product_brand","embeddable":true,"href":"https:\/\/modeco-sklep.pl\/es\/wp-json\/wp\/v2\/product_brand?post=7555"},{"taxonomy":"product_cat","embeddable":true,"href":"https:\/\/modeco-sklep.pl\/es\/wp-json\/wp\/v2\/product_cat?post=7555"},{"taxonomy":"product_tag","embeddable":true,"href":"https:\/\/modeco-sklep.pl\/es\/wp-json\/wp\/v2\/product_tag?post=7555"}],"curies":[{"name":"wp","href":"https:\/\/api.w.org\/{rel}","templated":true}]}}