{"id":7355,"date":"2026-02-02T15:48:58","date_gmt":"2026-02-02T14:48:58","guid":{"rendered":"https:\/\/modeco-sklep.pl\/?post_type=product&#038;p=7355"},"modified":"2026-02-20T20:25:23","modified_gmt":"2026-02-20T19:25:23","slug":"oem-skaa-negro-pol-perforacion-color-107","status":"publish","type":"product","link":"https:\/\/modeco-sklep.pl\/es\/oem-skaj-black-pol-perforacja-colour-107\/","title":{"rendered":"MEDIA PERFORACI\u00d3N NEGRA SKAA OEM (COLOR 107)"},"content":{"rendered":"<p><span style=\"font-size: 22px;\"><span style=\"line-height: 107%;\"><span style=\"line-height: 107%;\">OEM SKAA NEGRO \/ MEDIA PERFORACI\u00d3N<\/span><\/span><\/span><\/p>\n<p><span style=\"font-size: 18px;\">C\u00f3digo de color: 107<\/span><\/p>\n<p><span style=\"line-height: 107%;\">Alta resistencia a la abrasi\u00f3n<\/span><br \/>\n<span style=\"line-height: 107%;\">100% resistente al agua<\/span><br \/>\n<span style=\"line-height: 107%;\">Ancho del material: 140 cm<\/span><\/p>\n<p><span style=\"font-size: 18px;\"><span style=\"line-height: 107%;\">El precio se refiere a 1 metro lineal (140 cm x 100 cm).<\/span><br \/>\n<span style=\"line-height: 107%;\">Si compras varios metros, te enviamos el material entero, sin cortar.<\/span><\/span><\/p>","protected":false},"excerpt":{"rendered":"<p>OEM SKAJ NEGRO \/ PERFORACI\u00d3N LENTA C\u00f3digo de color: 107 Alta resistencia a la abrasi\u00f3n 100% Impermeable Ancho del tejido: 140 cm El precio es por 1 metro lineal ( 140cm x 100cm) Al comprar varios metros enviamos el material entero, no cortamos.<\/p>","protected":false},"featured_media":7356,"comment_status":"closed","ping_status":"closed","template":"","meta":{"_acf_changed":false,"_kad_blocks_custom_css":"","_kad_blocks_head_custom_js":"","_kad_blocks_body_custom_js":"","_kad_blocks_footer_custom_js":"","_kad_post_transparent":"default","_kad_post_title":"","_kad_post_layout":"default","_kad_post_sidebar_id":"","_kad_post_content_style":"default","_kad_post_vertical_padding":"default","_kad_post_feature":"","_kad_post_feature_position":"","_kad_post_header":false,"_kad_post_footer":false,"_kad_post_classname":""},"product_brand":[17],"product_cat":[166,156,58],"product_tag":[],"class_list":{"0":"post-7355","1":"product","2":"type-product","3":"status-publish","4":"has-post-thumbnail","6":"product_brand-modeco","7":"product_cat-skaje-samochodowe-oem-czarne","8":"product_cat-oem-black-colours","9":"product_cat-skory-syntetyczne-skaje","11":"first","12":"instock","13":"purchasable","14":"product-type-simple","15":"entry","16":"content-bg","17":"loop-entry"},"acf":[],"taxonomy_info":{"product_brand":[{"value":17,"label":"MODECO"}],"product_cat":[{"value":166,"label":"OEM SKAJ BLACK"},{"value":156,"label":"OEM SKAJ COLOURS"},{"value":58,"label":"SKAJE SAMOCHODOWE"}]},"featured_image_src_large":["https:\/\/modeco-sklep.pl\/wp-content\/uploads\/2026\/02\/107-1024x768.jpg",1024,768,true],"author_info":[],"comment_info":0,"_links":{"self":[{"href":"https:\/\/modeco-sklep.pl\/es\/wp-json\/wp\/v2\/product\/7355","targetHints":{"allow":["GET"]}}],"collection":[{"href":"https:\/\/modeco-sklep.pl\/es\/wp-json\/wp\/v2\/product"}],"about":[{"href":"https:\/\/modeco-sklep.pl\/es\/wp-json\/wp\/v2\/types\/product"}],"replies":[{"embeddable":true,"href":"https:\/\/modeco-sklep.pl\/es\/wp-json\/wp\/v2\/comments?post=7355"}],"wp:featuredmedia":[{"embeddable":true,"href":"https:\/\/modeco-sklep.pl\/es\/wp-json\/wp\/v2\/media\/7356"}],"wp:attachment":[{"href":"https:\/\/modeco-sklep.pl\/es\/wp-json\/wp\/v2\/media?parent=7355"}],"wp:term":[{"taxonomy":"product_brand","embeddable":true,"href":"https:\/\/modeco-sklep.pl\/es\/wp-json\/wp\/v2\/product_brand?post=7355"},{"taxonomy":"product_cat","embeddable":true,"href":"https:\/\/modeco-sklep.pl\/es\/wp-json\/wp\/v2\/product_cat?post=7355"},{"taxonomy":"product_tag","embeddable":true,"href":"https:\/\/modeco-sklep.pl\/es\/wp-json\/wp\/v2\/product_tag?post=7355"}],"curies":[{"name":"wp","href":"https:\/\/api.w.org\/{rel}","templated":true}]}}