{"id":6793,"date":"2025-11-04T23:36:15","date_gmt":"2025-11-04T22:36:15","guid":{"rendered":"https:\/\/modeco-sklep.pl\/?post_type=product&#038;p=6793"},"modified":"2026-01-18T21:52:15","modified_gmt":"2026-01-18T20:52:15","slug":"techo-interior-slim-n9-bmw-m-technik-antracita-e46-e60-e65","status":"publish","type":"product","link":"https:\/\/modeco-sklep.pl\/es\/podsufitka-slim-n9-bmw-m-technik-anthrazite-e46-e60-e65\/","title":{"rendered":"SLIM N9 BMW M-TECHNIK ANTRACITA \/ E46 E60 E65"},"content":{"rendered":"<h2><b>TEJIDO DE AUTOMOCI\u00d3N PARA PILARES \/ CUBIERTAS DE TECHO SOLAR<\/b><\/h2>\n<p>Nuestros tejidos para revestimientos de techo proceden de las mayores f\u00e1bricas europeas de materiales para automoci\u00f3n.<\/p>\n<p>Los materiales son de muy buena calidad (OEM - primer grado)<br \/>\nMateriales laminados sobre un soporte especial de 1,5 mm de grosor.<br \/>\nLos materiales son flexibles y f\u00e1ciles de trabajar<br \/>\nAncho del tejido: 150 cm<\/p>\n<p>El precio es por 1 metro lineal ( 100 x 150cm)<br \/>\nAl comprar varios metros, intentamos enviar el material en una sola pieza.<\/p>\n<p>Adhesivo especial, resistente a altas temperaturas, disponible en nuestra tienda<\/p>","protected":false},"excerpt":{"rendered":"<p>TELA PARA AUTOM\u00d3VILES PARA POSTES \/ PERSIANAS DE TECHO CORRIGIBLE Las telas para techos de autom\u00f3viles que ofrecemos provienen de las mayores f\u00e1bricas europeas que producen materiales para los fabricantes de autom\u00f3viles. Los materiales se caracterizan por su excelente calidad (OEM - primera calidad). Los materiales est\u00e1n laminados sobre un soporte especial de 1,5 mm de grosor. Los materiales son flexibles y f\u00e1ciles de procesar. Ancho del material: 150 cm. El precio se refiere a...<\/p>","protected":false},"featured_media":6794,"comment_status":"closed","ping_status":"closed","template":"","meta":{"_acf_changed":false,"_kad_blocks_custom_css":"","_kad_blocks_head_custom_js":"","_kad_blocks_body_custom_js":"","_kad_blocks_footer_custom_js":"","_kad_post_transparent":"default","_kad_post_title":"","_kad_post_layout":"default","_kad_post_sidebar_id":"","_kad_post_content_style":"default","_kad_post_vertical_padding":"default","_kad_post_feature":"","_kad_post_feature_position":"","_kad_post_header":false,"_kad_post_footer":false,"_kad_post_classname":""},"product_brand":[17],"product_cat":[77],"product_tag":[],"class_list":{"0":"post-6793","1":"product","2":"type-product","3":"status-publish","4":"has-post-thumbnail","6":"product_brand-modeco","7":"product_cat-tkaniny-bez-pianki-na-slupki","9":"first","10":"instock","11":"purchasable","12":"product-type-simple","13":"entry","14":"content-bg","15":"loop-entry"},"acf":[],"taxonomy_info":{"product_brand":[{"value":17,"label":"MODECO"}],"product_cat":[{"value":77,"label":"TKANINY BEZ PIANKI ( NA S\u0141UPKI)"}]},"featured_image_src_large":["https:\/\/modeco-sklep.pl\/wp-content\/uploads\/2025\/11\/20250916_0934351-1024x683.jpg",1024,683,true],"author_info":[],"comment_info":0,"_links":{"self":[{"href":"https:\/\/modeco-sklep.pl\/es\/wp-json\/wp\/v2\/product\/6793","targetHints":{"allow":["GET"]}}],"collection":[{"href":"https:\/\/modeco-sklep.pl\/es\/wp-json\/wp\/v2\/product"}],"about":[{"href":"https:\/\/modeco-sklep.pl\/es\/wp-json\/wp\/v2\/types\/product"}],"replies":[{"embeddable":true,"href":"https:\/\/modeco-sklep.pl\/es\/wp-json\/wp\/v2\/comments?post=6793"}],"wp:featuredmedia":[{"embeddable":true,"href":"https:\/\/modeco-sklep.pl\/es\/wp-json\/wp\/v2\/media\/6794"}],"wp:attachment":[{"href":"https:\/\/modeco-sklep.pl\/es\/wp-json\/wp\/v2\/media?parent=6793"}],"wp:term":[{"taxonomy":"product_brand","embeddable":true,"href":"https:\/\/modeco-sklep.pl\/es\/wp-json\/wp\/v2\/product_brand?post=6793"},{"taxonomy":"product_cat","embeddable":true,"href":"https:\/\/modeco-sklep.pl\/es\/wp-json\/wp\/v2\/product_cat?post=6793"},{"taxonomy":"product_tag","embeddable":true,"href":"https:\/\/modeco-sklep.pl\/es\/wp-json\/wp\/v2\/product_tag?post=6793"}],"curies":[{"name":"wp","href":"https:\/\/api.w.org\/{rel}","templated":true}]}}