{"id":6454,"date":"2025-10-07T21:09:41","date_gmt":"2025-10-07T19:09:41","guid":{"rendered":"https:\/\/modeco-sklep.pl\/?post_type=product&#038;p=6454"},"modified":"2025-10-07T21:10:12","modified_gmt":"2025-10-07T19:10:12","slug":"lienzo-beige","status":"publish","type":"product","link":"https:\/\/modeco-sklep.pl\/es\/canvas-beige\/","title":{"rendered":"CANVAS BEIGE"},"content":{"rendered":"<h3><strong data-start=\"92\" data-end=\"152\">CANVAS VINILO<\/strong><\/h3>\n<h3><br data-start=\"152\" data-end=\"155\" \/>Vinilo especializado para el techo interior del coche, creado para los amantes de los coches cl\u00e1sicos y antiguos. Su estructura \u00fanica reproduce fielmente el car\u00e1cter de los interiores de anta\u00f1o. La popular paleta de colores y la f\u00f3rmula flexible del material hacen que, tras calentarlo ligeramente, el vinilo se adapte perfectamente a la superficie, garantizando un resultado profesional.<\/h3>\n<p>&nbsp;<\/p>\n<p><strong data-start=\"733\" data-end=\"760\">Propiedades t\u00e9cnicas:<\/strong><\/p>\n<p data-start=\"763\" data-end=\"800\"><strong data-start=\"763\" data-end=\"773\">Composici\u00f3n:<\/strong> 100% Vinilo (PVC)<\/p>\n<p data-start=\"876\" data-end=\"904\"><strong data-start=\"876\" data-end=\"890\">Ancho:<\/strong> 140 cm \u00b1 2%<\/p>\n<p data-start=\"967\" data-end=\"1041\"><strong data-start=\"967\" data-end=\"1002\">Resistencia a la radiaci\u00f3n UV:<\/strong> alta: conserva el color y la estructura<\/p>\n<p data-start=\"1044\" data-end=\"1099\"><strong data-start=\"1044\" data-end=\"1062\">Resistencia al fuego:<\/strong> acabado refractario opcional<\/p>\n<p data-start=\"1104\" data-end=\"1124\">UNE 1021 partes 1-2<\/p>\n<p data-start=\"1129\" data-end=\"1158\">BS 5852 (Cigarrillo y f\u00f3sforo)<\/p>\n<p data-start=\"1161\" data-end=\"1209\"><strong data-start=\"1161\" data-end=\"1189\">Rango de temperaturas de funcionamiento:<\/strong> de -30 \u00b0C a +80 \u00b0C<\/p>\n<p data-start=\"1212\" data-end=\"1282\"><strong data-start=\"1212\" data-end=\"1234\">F\u00e1cil limpieza:<\/strong> resistente a la suciedad y a los productos de cuidado<\/p>\n<p>&nbsp;<\/p>\n<p>El precio se refiere a 1 metro lineal (100 x 140 cm).<\/p>","protected":false},"excerpt":{"rendered":"<p>VINILO CANVAS Un vinilo especializado para el techo del coche, creado para los amantes de los coches cl\u00e1sicos y de anta\u00f1o. Su textura \u00fanica reproduce fielmente el car\u00e1cter de los interiores de anta\u00f1o. Con su popular paleta de colores y su f\u00f3rmula de material flexible, el vinilo se adapta perfectamente a la superficie cuando se calienta ligeramente, garantizando un efecto profesional.   Caracter\u00edsticas t\u00e9cnicas: Composici\u00f3n: Vinilo 100% (PVC) Ancho:...<\/p>","protected":false},"featured_media":6455,"comment_status":"open","ping_status":"closed","template":"","meta":{"_acf_changed":false,"_kad_blocks_custom_css":"","_kad_blocks_head_custom_js":"","_kad_blocks_body_custom_js":"","_kad_blocks_footer_custom_js":"","_kad_post_transparent":"","_kad_post_title":"","_kad_post_layout":"","_kad_post_sidebar_id":"","_kad_post_content_style":"","_kad_post_vertical_padding":"","_kad_post_feature":"","_kad_post_feature_position":"","_kad_post_header":false,"_kad_post_footer":false,"_kad_post_classname":""},"product_brand":[17],"product_cat":[159],"product_tag":[],"class_list":{"0":"post-6454","1":"product","2":"type-product","3":"status-publish","4":"has-post-thumbnail","6":"product_brand-modeco","7":"product_cat-vinyle-tkaniny-powlekane-na-podsufitki","9":"first","10":"instock","11":"shipping-taxable","12":"purchasable","13":"product-type-simple","14":"entry","15":"content-bg","16":"loop-entry"},"acf":[],"taxonomy_info":{"product_brand":[{"value":17,"label":"MODECO"}],"product_cat":[{"value":159,"label":"VINYLE &amp; TKANINY POWLEKANE NA PODSUFITKI"}]},"featured_image_src_large":["https:\/\/modeco-sklep.pl\/wp-content\/uploads\/2025\/10\/beige-4-1024x746.jpg",1024,746,true],"author_info":[],"comment_info":0,"_links":{"self":[{"href":"https:\/\/modeco-sklep.pl\/es\/wp-json\/wp\/v2\/product\/6454","targetHints":{"allow":["GET"]}}],"collection":[{"href":"https:\/\/modeco-sklep.pl\/es\/wp-json\/wp\/v2\/product"}],"about":[{"href":"https:\/\/modeco-sklep.pl\/es\/wp-json\/wp\/v2\/types\/product"}],"replies":[{"embeddable":true,"href":"https:\/\/modeco-sklep.pl\/es\/wp-json\/wp\/v2\/comments?post=6454"}],"wp:featuredmedia":[{"embeddable":true,"href":"https:\/\/modeco-sklep.pl\/es\/wp-json\/wp\/v2\/media\/6455"}],"wp:attachment":[{"href":"https:\/\/modeco-sklep.pl\/es\/wp-json\/wp\/v2\/media?parent=6454"}],"wp:term":[{"taxonomy":"product_brand","embeddable":true,"href":"https:\/\/modeco-sklep.pl\/es\/wp-json\/wp\/v2\/product_brand?post=6454"},{"taxonomy":"product_cat","embeddable":true,"href":"https:\/\/modeco-sklep.pl\/es\/wp-json\/wp\/v2\/product_cat?post=6454"},{"taxonomy":"product_tag","embeddable":true,"href":"https:\/\/modeco-sklep.pl\/es\/wp-json\/wp\/v2\/product_tag?post=6454"}],"curies":[{"name":"wp","href":"https:\/\/api.w.org\/{rel}","templated":true}]}}