{"id":6425,"date":"2025-10-07T19:28:05","date_gmt":"2025-10-07T17:28:05","guid":{"rendered":"https:\/\/modeco-sklep.pl\/?post_type=product&#038;p=6425"},"modified":"2025-10-07T19:32:36","modified_gmt":"2025-10-07T17:32:36","slug":"oldtimer-nappa-snow-2","status":"publish","type":"product","link":"https:\/\/modeco-sklep.pl\/es\/oldtimer-nappa-snow-2\/","title":{"rendered":"OLDTIMER NAPPA SNOW"},"content":{"rendered":"<h3><strong data-start=\"92\" data-end=\"152\">Cuero ecol\u00f3gico Nappa Oldtimer: un cl\u00e1sico con un toque moderno<\/strong><\/h3>\n<h3><br data-start=\"152\" data-end=\"155\" \/>Devuelve el esplendor de anta\u00f1o a tu cl\u00e1sico gracias al cuero ecol\u00f3gico. <strong data-start=\"212\" data-end=\"230\">Nappa Oldtimer<\/strong>. Es un material creado para coches antiguos, que combina la elegancia retro con la durabilidad de las tecnolog\u00edas modernas. Suave al tacto, con una estructura profunda y el aspecto aut\u00e9ntico de la piel natural, es perfecto para renovar los techos de los coches antiguos. Resistente a la abrasi\u00f3n y a los rayos UV, y f\u00e1cil de limpiar. Material flexible que se adapta f\u00e1cilmente a tus necesidades: basta con calentarlo ligeramente para que se moldee perfectamente durante el montaje.<\/h3>\n<h3>La paleta de colores armoniza con los tonos cl\u00e1sicos conocidos de los modelos Mercedes m\u00e1s antiguos.<\/h3>\n<p>&nbsp;<\/p>\n<p><strong data-start=\"733\" data-end=\"760\">Propiedades t\u00e9cnicas:<\/strong><\/p>\n<p data-start=\"763\" data-end=\"800\"><strong data-start=\"763\" data-end=\"773\">Composici\u00f3n:<\/strong> 72% Vinilo (PVC) \u2013 28% PU<\/p>\n<p data-start=\"803\" data-end=\"845\"><strong data-start=\"803\" data-end=\"815\">Base:<\/strong> 100% microfibra de poli\u00e9ster<\/p>\n<p data-start=\"848\" data-end=\"873\"><strong data-start=\"848\" data-end=\"862\">Peso:<\/strong> 853 g\/m\u00b2<\/p>\n<p data-start=\"876\" data-end=\"904\"><strong data-start=\"876\" data-end=\"890\">Ancho:<\/strong> 140 cm \u00b1 2%<\/p>\n<p data-start=\"907\" data-end=\"964\"><strong data-start=\"907\" data-end=\"934\">Resistencia al desgaste:<\/strong> &gt;100 000 ciclos (Martindale)<\/p>\n<p data-start=\"967\" data-end=\"1041\"><strong data-start=\"967\" data-end=\"1002\">Resistencia a la radiaci\u00f3n UV:<\/strong> alta: conserva el color y la estructura<\/p>\n<p data-start=\"1044\" data-end=\"1099\"><strong data-start=\"1044\" data-end=\"1062\">Resistencia al fuego:<\/strong> acabado refractario opcional<\/p>\n<p data-start=\"1104\" data-end=\"1124\">UNE 1021 partes 1-2<\/p>\n<p data-start=\"1129\" data-end=\"1158\">BS 5852 (Cigarrillo y f\u00f3sforo)<\/p>\n<p data-start=\"1161\" data-end=\"1209\"><strong data-start=\"1161\" data-end=\"1189\">Rango de temperaturas de funcionamiento:<\/strong> de -30 \u00b0C a +80 \u00b0C<\/p>\n<p data-start=\"1212\" data-end=\"1282\"><strong data-start=\"1212\" data-end=\"1234\">F\u00e1cil limpieza:<\/strong> resistente a la suciedad y a los productos de cuidado<\/p>\n<p>&nbsp;<\/p>\n<p>El precio se refiere a 1 metro lineal (100 x 140 cm).<\/p>","protected":false},"excerpt":{"rendered":"<p>Cuero ecol\u00f3gico Nappa Oldtimer: un cl\u00e1sico con un toque moderno Devuelva el esplendor de anta\u00f1o a su cl\u00e1sico con el cuero ecol\u00f3gico Nappa Oldtimer. Se trata de un material creado pensando en los coches antiguos, que combina la elegancia retro con la durabilidad de las tecnolog\u00edas modernas. Suave al tacto, con una estructura profunda y el aspecto aut\u00e9ntico de la piel natural, es perfecta para renovar los techos de los coches antiguos. Resistente a la abrasi\u00f3n, a los rayos...<\/p>","protected":false},"featured_media":6378,"comment_status":"open","ping_status":"closed","template":"","meta":{"_acf_changed":false,"_kad_blocks_custom_css":"","_kad_blocks_head_custom_js":"","_kad_blocks_body_custom_js":"","_kad_blocks_footer_custom_js":"","_kad_post_transparent":"","_kad_post_title":"","_kad_post_layout":"","_kad_post_sidebar_id":"","_kad_post_content_style":"","_kad_post_vertical_padding":"","_kad_post_feature":"","_kad_post_feature_position":"","_kad_post_header":false,"_kad_post_footer":false,"_kad_post_classname":""},"product_brand":[17],"product_cat":[159],"product_tag":[],"class_list":{"0":"post-6425","1":"product","2":"type-product","3":"status-publish","4":"has-post-thumbnail","6":"product_brand-modeco","7":"product_cat-vinyle-tkaniny-powlekane-na-podsufitki","9":"first","10":"instock","11":"shipping-taxable","12":"purchasable","13":"product-type-simple","14":"entry","15":"content-bg","16":"loop-entry"},"acf":[],"taxonomy_info":{"product_brand":[{"value":17,"label":"MODECO"}],"product_cat":[{"value":159,"label":"VINYLE &amp; TKANINY POWLEKANE NA PODSUFITKI"}]},"featured_image_src_large":["https:\/\/modeco-sklep.pl\/wp-content\/uploads\/2025\/10\/SNOW-1024x683.jpg",1024,683,true],"author_info":[],"comment_info":0,"_links":{"self":[{"href":"https:\/\/modeco-sklep.pl\/es\/wp-json\/wp\/v2\/product\/6425","targetHints":{"allow":["GET"]}}],"collection":[{"href":"https:\/\/modeco-sklep.pl\/es\/wp-json\/wp\/v2\/product"}],"about":[{"href":"https:\/\/modeco-sklep.pl\/es\/wp-json\/wp\/v2\/types\/product"}],"replies":[{"embeddable":true,"href":"https:\/\/modeco-sklep.pl\/es\/wp-json\/wp\/v2\/comments?post=6425"}],"wp:featuredmedia":[{"embeddable":true,"href":"https:\/\/modeco-sklep.pl\/es\/wp-json\/wp\/v2\/media\/6378"}],"wp:attachment":[{"href":"https:\/\/modeco-sklep.pl\/es\/wp-json\/wp\/v2\/media?parent=6425"}],"wp:term":[{"taxonomy":"product_brand","embeddable":true,"href":"https:\/\/modeco-sklep.pl\/es\/wp-json\/wp\/v2\/product_brand?post=6425"},{"taxonomy":"product_cat","embeddable":true,"href":"https:\/\/modeco-sklep.pl\/es\/wp-json\/wp\/v2\/product_cat?post=6425"},{"taxonomy":"product_tag","embeddable":true,"href":"https:\/\/modeco-sklep.pl\/es\/wp-json\/wp\/v2\/product_tag?post=6425"}],"curies":[{"name":"wp","href":"https:\/\/api.w.org\/{rel}","templated":true}]}}