{"id":6388,"date":"2025-10-05T20:49:55","date_gmt":"2025-10-05T18:49:55","guid":{"rendered":"https:\/\/modeco-sklep.pl\/?post_type=product&#038;p=6388"},"modified":"2025-10-05T20:50:28","modified_gmt":"2025-10-05T18:50:28","slug":"ratan-titan","status":"publish","type":"product","link":"https:\/\/modeco-sklep.pl\/es\/rattan-titan\/","title":{"rendered":"RATTAN TIT\u00c1N"},"content":{"rendered":"<h3 data-start=\"167\" data-end=\"230\"><strong data-start=\"171\" data-end=\"230\"> El rat\u00e1n: un estilo que aporta car\u00e1cter al interior<\/strong><\/h3>\n<h4 data-start=\"232\" data-end=\"616\">Destaque su coche con un estilo \u00fanico gracias al cuero ecol\u00f3gico Rattan, un material que combina la elegancia cl\u00e1sica del trenzado con la durabilidad y la comodidad modernas.<br data-start=\"409\" data-end=\"412\" \/>El delicado estampado inspirado en el rat\u00e1n natural aporta al interior una profundidad \u00fanica y un aspecto lujoso, combinando a la perfecci\u00f3n con los dise\u00f1os cl\u00e1sicos y modernos de la tapicer\u00eda del autom\u00f3vil.<\/h4>\n<h4 data-start=\"618\" data-end=\"879\">Es una elecci\u00f3n perfecta para quienes valoran el dise\u00f1o, la durabilidad y el f\u00e1cil mantenimiento. La piel ecol\u00f3gica Rattan es resistente a la abrasi\u00f3n, a los rayos UV y a los cambios de temperatura, por lo que es ideal tanto para la restauraci\u00f3n de coches antiguos como para proyectos modernos personalizados.<\/h4>\n<p>&nbsp;<\/p>\n<p>&nbsp;<\/p>\n<p><strong data-start=\"733\" data-end=\"760\">Propiedades t\u00e9cnicas:<\/strong><\/p>\n<p data-start=\"1022\" data-end=\"1051\"><strong data-start=\"1022\" data-end=\"1032\">Composici\u00f3n:<\/strong> 100% Vinilo (PVC)<\/p>\n<p data-start=\"1054\" data-end=\"1083\"><strong data-start=\"1054\" data-end=\"1066\">Base:<\/strong> 100% Poli\u00e9ster<\/p>\n<p data-start=\"1086\" data-end=\"1111\"><strong data-start=\"1086\" data-end=\"1100\">Peso:<\/strong> 850 g\/m\u00b2<\/p>\n<p data-start=\"1114\" data-end=\"1142\"><strong data-start=\"1114\" data-end=\"1128\">Ancho:<\/strong> 140 cm \u00b1 2%<\/p>\n<p data-start=\"1145\" data-end=\"1189\"><strong data-start=\"1145\" data-end=\"1180\">Resistencia a la radiaci\u00f3n UV:<\/strong> alta<\/p>\n<p data-start=\"1192\" data-end=\"1212\"><strong data-start=\"1192\" data-end=\"1210\">Resistencia al fuego:<\/strong><\/p>\n<p data-start=\"1217\" data-end=\"1238\">UNE 1021 parte 1 y 2<\/p>\n<p data-start=\"1243\" data-end=\"1250\">AM 18<\/p>\n<p data-start=\"1255\" data-end=\"1259\">M2<\/p>\n<p data-start=\"1264\" data-end=\"1293\">BS 5852 (Cigarrillo y f\u00f3sforo)<\/p>\n<p data-start=\"1296\" data-end=\"1378\"><strong data-start=\"1296\" data-end=\"1321\">Resistencia al desgaste:<\/strong> alta: material espec\u00edfico para tapicer\u00eda de autom\u00f3viles<\/p>\n<p data-start=\"1381\" data-end=\"1454\"><strong data-start=\"1381\" data-end=\"1403\">F\u00e1cil cuidado:<\/strong> Se puede limpiar con productos est\u00e1ndar para cuero ecol\u00f3gico.<\/p>\n<p>&nbsp;<\/p>\n<p>El precio se refiere a 1 metro lineal (100 x 140 cm).<\/p>","protected":false},"excerpt":{"rendered":"<p>Rattan: un estilo que aporta car\u00e1cter al interior Destaque su coche con un estilo \u00fanico gracias al cuero ecol\u00f3gico Rattan, un material que combina la elegancia cl\u00e1sica del trenzado con la durabilidad y el confort modernos.El delicado estampado inspirado en el rat\u00e1n natural aporta al interior una profundidad \u00fanica y un aspecto lujoso, combinando a la perfecci\u00f3n con los dise\u00f1os cl\u00e1sicos y modernos de la tapicer\u00eda de los autom\u00f3viles. Es la elecci\u00f3n perfecta para...<\/p>","protected":false},"featured_media":6389,"comment_status":"open","ping_status":"closed","template":"","meta":{"_acf_changed":false,"_kad_blocks_custom_css":"","_kad_blocks_head_custom_js":"","_kad_blocks_body_custom_js":"","_kad_blocks_footer_custom_js":"","_kad_post_transparent":"","_kad_post_title":"","_kad_post_layout":"","_kad_post_sidebar_id":"","_kad_post_content_style":"","_kad_post_vertical_padding":"","_kad_post_feature":"","_kad_post_feature_position":"","_kad_post_header":false,"_kad_post_footer":false,"_kad_post_classname":""},"product_brand":[17],"product_cat":[135],"product_tag":[],"class_list":{"0":"post-6388","1":"product","2":"type-product","3":"status-publish","4":"has-post-thumbnail","6":"product_brand-modeco","7":"product_cat-rattan","9":"first","10":"instock","11":"shipping-taxable","12":"purchasable","13":"product-type-simple","14":"entry","15":"content-bg","16":"loop-entry"},"acf":[],"taxonomy_info":{"product_brand":[{"value":17,"label":"MODECO"}],"product_cat":[{"value":135,"label":"RATTAN"}]},"featured_image_src_large":["https:\/\/modeco-sklep.pl\/wp-content\/uploads\/2025\/10\/titan-1024x682.jpg",1024,682,true],"author_info":[],"comment_info":0,"_links":{"self":[{"href":"https:\/\/modeco-sklep.pl\/es\/wp-json\/wp\/v2\/product\/6388","targetHints":{"allow":["GET"]}}],"collection":[{"href":"https:\/\/modeco-sklep.pl\/es\/wp-json\/wp\/v2\/product"}],"about":[{"href":"https:\/\/modeco-sklep.pl\/es\/wp-json\/wp\/v2\/types\/product"}],"replies":[{"embeddable":true,"href":"https:\/\/modeco-sklep.pl\/es\/wp-json\/wp\/v2\/comments?post=6388"}],"wp:featuredmedia":[{"embeddable":true,"href":"https:\/\/modeco-sklep.pl\/es\/wp-json\/wp\/v2\/media\/6389"}],"wp:attachment":[{"href":"https:\/\/modeco-sklep.pl\/es\/wp-json\/wp\/v2\/media?parent=6388"}],"wp:term":[{"taxonomy":"product_brand","embeddable":true,"href":"https:\/\/modeco-sklep.pl\/es\/wp-json\/wp\/v2\/product_brand?post=6388"},{"taxonomy":"product_cat","embeddable":true,"href":"https:\/\/modeco-sklep.pl\/es\/wp-json\/wp\/v2\/product_cat?post=6388"},{"taxonomy":"product_tag","embeddable":true,"href":"https:\/\/modeco-sklep.pl\/es\/wp-json\/wp\/v2\/product_tag?post=6388"}],"curies":[{"name":"wp","href":"https:\/\/api.w.org\/{rel}","templated":true}]}}