{"id":6355,"date":"2025-10-05T20:03:39","date_gmt":"2025-10-05T18:03:39","guid":{"rendered":"https:\/\/modeco-sklep.pl\/?post_type=product&#038;p=6355"},"modified":"2025-10-05T20:04:04","modified_gmt":"2025-10-05T18:04:04","slug":"grizzly-tawny-2","status":"publish","type":"product","link":"https:\/\/modeco-sklep.pl\/es\/grizzly-tawny-2\/","title":{"rendered":"GRIZZLY TAWNY"},"content":{"rendered":"<h3><strong data-start=\"628\" data-end=\"665\">GRIZZLY: durabilidad y comodidad en un solo producto.<\/strong><\/h3>\n<h3>La colecci\u00f3n de cuero ecol\u00f3gico de alta calidad es casi indistinguible del cuero aut\u00e9ntico. El material es extremadamente resistente y resistente a la abrasi\u00f3n, lo que lo hace muy duradero. El cuero artificial tiene una textura clara y natural y una superficie agradable al tacto.\u00a0 GRIZZLY  es adem\u00e1s impermeable y resistente al agua salada, por lo que es ideal como tejido de tapicer\u00eda para muebles de jard\u00edn, yates, lanchas motoras y cruceros.<\/h3>\n<h3 data-start=\"174\" data-end=\"210\"><\/h3>\n<h3 data-start=\"174\" data-end=\"210\"><strong data-start=\"177\" data-end=\"210\">Propiedades t\u00e9cnicas<\/strong><\/h3>\n<p data-start=\"212\" data-end=\"725\"><strong data-start=\"212\" data-end=\"221\">Peso:<\/strong> 950 g\/m\u00b2 \u00b1 5%<br data-start=\"235\" data-end=\"238\" \/><strong data-start=\"238\" data-end=\"250\">Espesor:<\/strong> 1,35 \u2013 1,55 mm<br data-start=\"265\" data-end=\"268\" \/><strong data-start=\"268\" data-end=\"278\">Composici\u00f3n:<\/strong> PVC \u2013 79%, CO \u2013 21%<br data-start=\"298\" data-end=\"301\" \/><strong data-start=\"301\" data-end=\"328\">Resistencia al desgaste:<\/strong> \u2265 400 000 ciclos Martindale (ISO 5470-2)<br data-start=\"368\" data-end=\"371\" \/><strong data-start=\"371\" data-end=\"396\">Resistencia al alcohol:<\/strong> \u2713 (escala de grises)<br data-start=\"415\" data-end=\"418\" data-is-only-node=\"\" \/><strong data-start=\"418\" data-end=\"440\">Resistencia al fuego:<\/strong><br data-start=\"440\" data-end=\"443\" \/>FMVSS 302<br data-start=\"452\" data-end=\"455\" \/>EN 1021-1+2<br data-start=\"466\" data-end=\"469\" \/>NFP 92-507 M2<br data-start=\"482\" data-end=\"485\" \/>BS 5852 (Clasificaci\u00f3n Crib)<br data-start=\"514\" data-end=\"517\" \/>C\u00f3digo FTC de la OMI 2010, parte 8<br data-start=\"541\" data-end=\"544\" \/>UNI 9175 (Clasificaci\u00f3n 1.IM)<br data-start=\"572\" data-end=\"575\" \/>\u00d6NORM A 3800 \u2013 1<br data-start=\"591\" data-end=\"594\" \/>\u00d6NORM B 3825<br data-start=\"606\" data-end=\"609\" \/><strong data-start=\"609\" data-end=\"660\">Propiedades antibacterianas\/antif\u00fangicas:<\/strong> \u2713<br data-start=\"692\" data-end=\"695\" \/><strong data-start=\"695\" data-end=\"709\">Ancho:<\/strong> 1,37 \u2013 1,40 m<\/p>\n<p>&nbsp;<\/p>\n<h3>El precio se refiere a 1 metro lineal (100 x 137 cm).<\/h3>","protected":false},"excerpt":{"rendered":"<p>GRIZZLY: durabilidad y comodidad en un solo producto. La colecci\u00f3n de cuero ecol\u00f3gico de alta calidad es casi indistinguible del cuero aut\u00e9ntico. El material es extremadamente resistente y resistente a la abrasi\u00f3n, lo que lo hace muy duradero. El cuero artificial tiene una textura clara y natural y una superficie agradable al tacto.\u00a0 GRIZZLY  es adem\u00e1s impermeable y resistente al agua salada...<\/p>","protected":false},"featured_media":6356,"comment_status":"open","ping_status":"closed","template":"","meta":{"_acf_changed":false,"_kad_blocks_custom_css":"","_kad_blocks_head_custom_js":"","_kad_blocks_body_custom_js":"","_kad_blocks_footer_custom_js":"","_kad_post_transparent":"","_kad_post_title":"","_kad_post_layout":"","_kad_post_sidebar_id":"","_kad_post_content_style":"","_kad_post_vertical_padding":"","_kad_post_feature":"","_kad_post_feature_position":"","_kad_post_header":false,"_kad_post_footer":false,"_kad_post_classname":""},"product_brand":[17],"product_cat":[136],"product_tag":[],"class_list":{"0":"post-6355","1":"product","2":"type-product","3":"status-publish","4":"has-post-thumbnail","6":"product_brand-modeco","7":"product_cat-grizzly-skory-syntetyczne-vinyle","9":"first","10":"instock","11":"shipping-taxable","12":"purchasable","13":"product-type-simple","14":"entry","15":"content-bg","16":"loop-entry"},"acf":[],"taxonomy_info":{"product_brand":[{"value":17,"label":"MODECO"}],"product_cat":[{"value":136,"label":"GRIZZLY"}]},"featured_image_src_large":["https:\/\/modeco-sklep.pl\/wp-content\/uploads\/2025\/10\/tawny.jpg",1000,667,false],"author_info":[],"comment_info":0,"_links":{"self":[{"href":"https:\/\/modeco-sklep.pl\/es\/wp-json\/wp\/v2\/product\/6355","targetHints":{"allow":["GET"]}}],"collection":[{"href":"https:\/\/modeco-sklep.pl\/es\/wp-json\/wp\/v2\/product"}],"about":[{"href":"https:\/\/modeco-sklep.pl\/es\/wp-json\/wp\/v2\/types\/product"}],"replies":[{"embeddable":true,"href":"https:\/\/modeco-sklep.pl\/es\/wp-json\/wp\/v2\/comments?post=6355"}],"wp:featuredmedia":[{"embeddable":true,"href":"https:\/\/modeco-sklep.pl\/es\/wp-json\/wp\/v2\/media\/6356"}],"wp:attachment":[{"href":"https:\/\/modeco-sklep.pl\/es\/wp-json\/wp\/v2\/media?parent=6355"}],"wp:term":[{"taxonomy":"product_brand","embeddable":true,"href":"https:\/\/modeco-sklep.pl\/es\/wp-json\/wp\/v2\/product_brand?post=6355"},{"taxonomy":"product_cat","embeddable":true,"href":"https:\/\/modeco-sklep.pl\/es\/wp-json\/wp\/v2\/product_cat?post=6355"},{"taxonomy":"product_tag","embeddable":true,"href":"https:\/\/modeco-sklep.pl\/es\/wp-json\/wp\/v2\/product_tag?post=6355"}],"curies":[{"name":"wp","href":"https:\/\/api.w.org\/{rel}","templated":true}]}}