{"id":6300,"date":"2025-10-02T23:22:02","date_gmt":"2025-10-02T21:22:02","guid":{"rendered":"https:\/\/modeco-sklep.pl\/?post_type=product&#038;p=6300"},"modified":"2025-10-02T23:22:33","modified_gmt":"2025-10-02T21:22:33","slug":"como-negro-2","status":"publish","type":"product","link":"https:\/\/modeco-sklep.pl\/es\/como-black-2\/","title":{"rendered":"COMO NEGRO"},"content":{"rendered":"<h3 data-start=\"202\" data-end=\"270\"><strong data-start=\"206\" data-end=\"268\">COMO: tapicer\u00eda certificada para el transporte de pasajeros<\/strong><\/h3>\n<p data-start=\"271\" data-end=\"503\"><strong data-start=\"271\" data-end=\"279\">COMO<\/strong> Es una piel sint\u00e9tica de alta calidad y extremadamente duradera con un estampado cl\u00e1sico, creada para las exigentes condiciones del transporte de personas. Combina un aspecto elegante con los m\u00e1s altos est\u00e1ndares de seguridad y resistencia.<\/p>\n<p data-start=\"505\" data-end=\"540\">\u2714 <strong data-start=\"507\" data-end=\"537\">Certificados de seguridad<\/strong>:<\/p>\n<ul data-start=\"541\" data-end=\"761\">\n<li data-start=\"541\" data-end=\"662\">\n<p data-start=\"543\" data-end=\"662\"><strong data-start=\"543\" data-end=\"571\">N 118:2017 Veh\u00edculos de carretera<\/strong> \u2013 autorizada para su uso en autobuses y veh\u00edculos destinados al transporte p\u00fablico.<\/p>\n<\/li>\n<li data-start=\"663\" data-end=\"761\">\n<p data-start=\"665\" data-end=\"761\"><strong data-start=\"665\" data-end=\"707\">FAR 25\/853 Ap\u00e9ndice F Parte I, a, 1, II<\/strong> \u2013 Cumple con las estrictas normas para interiores de aviones.<\/p>\n<\/li>\n<\/ul>\n<p data-start=\"763\" data-end=\"954\">\u2714 <strong data-start=\"765\" data-end=\"817\">Dif\u00edcilmente inflamable y resistente al uso intensivo.<\/strong><br data-start=\"817\" data-end=\"820\" \/>\u2714 <strong data-start=\"822\" data-end=\"868\">Ideal para autobuses, trenes y aviones.<\/strong><br data-start=\"868\" data-end=\"871\" \/>\u2714 <strong data-start=\"873\" data-end=\"915\">F\u00e1cil de cuidar y excepcionalmente duradera.<\/strong> \u2013 conserva su aspecto durante muchos a\u00f1os<\/p>\n<p data-start=\"956\" data-end=\"1038\"><strong data-start=\"956\" data-end=\"1036\">COMO: calidad certificada que aumenta la comodidad y la seguridad del viaje.<\/strong><\/p>\n<p><span style=\"font-size: 18px;\"><br \/>\n<span style=\"line-height: 107%;\">Ancho del material: 137 cm<\/span><\/span><\/p>\n<p><span style=\"line-height: 107%;\">Certificados de resistencia al fuego:<\/span><\/p>\n<div id=\"dropdown-block-b6f7f6c73de6916731e6-0\" class=\"accordion-item__dropdown accordion-item__dropdown--open\" role=\"region\" aria-labelledby=\"button-block-b6f7f6c73de6916731e6-0\">\n<div class=\"accordion-item__description\">\n<ul>\n<li data-rte-preserve-empty=\"true\">BS 5852 \u2013 1979<\/li>\n<li data-rte-preserve-empty=\"true\">EN 1021 1-2<\/li>\n<li data-rte-preserve-empty=\"true\">IMO MED<\/li>\n<li data-rte-preserve-empty=\"true\">C\u00f3digo FTP 2010, parte 8<\/li>\n<li data-rte-preserve-empty=\"true\">FAR 25\/853 Ap\u00e9ndice F Parte I, a, 1, II<\/li>\n<li data-rte-preserve-empty=\"true\">N 118:2017 Veh\u00edculos de carretera<\/li>\n<\/ul>\n<\/div>\n<p><span style=\"font-size: 18px;\"><span style=\"line-height: 107%;\">El precio se refiere a 1 metro lineal (137 cm x 100 cm).<\/span><\/span><\/p>\n<\/div>\n<p><span style=\"font-size: 18px;\"><br \/>\n<span style=\"line-height: 107%;\">Si compras varios metros, te enviamos el material entero, sin cortar.<\/span><\/span><\/p>","protected":false},"excerpt":{"rendered":"<p>COMO - tapicer\u00eda certificada para el transporte de pasajeros COMO es una piel sint\u00e9tica de alta calidad y extremadamente duradera con relieve cl\u00e1sico, dise\u00f1ada para las exigentes condiciones del transporte de pasajeros. Combina un aspecto elegante con los m\u00e1s altos est\u00e1ndares de seguridad y resistencia. \u2714 Certificaciones de seguridad: N 118:2017 Veh\u00edculos de carretera - homologado para su uso en autobuses y veh\u00edculos de transporte p\u00fablico....<\/p>","protected":false},"featured_media":6301,"comment_status":"closed","ping_status":"closed","template":"","meta":{"_acf_changed":false,"_kad_blocks_custom_css":"","_kad_blocks_head_custom_js":"","_kad_blocks_body_custom_js":"","_kad_blocks_footer_custom_js":"","_kad_post_transparent":"","_kad_post_title":"","_kad_post_layout":"","_kad_post_sidebar_id":"","_kad_post_content_style":"","_kad_post_vertical_padding":"","_kad_post_feature":"","_kad_post_feature_position":"","_kad_post_header":false,"_kad_post_footer":false,"_kad_post_classname":""},"product_brand":[17],"product_cat":[129],"product_tag":[],"class_list":{"0":"post-6300","1":"product","2":"type-product","3":"status-publish","4":"has-post-thumbnail","6":"product_brand-modeco","7":"product_cat-como-skory-syntetyczne-vinyle","9":"first","10":"instock","11":"purchasable","12":"product-type-simple","13":"entry","14":"content-bg","15":"loop-entry"},"acf":[],"taxonomy_info":{"product_brand":[{"value":17,"label":"MODECO"}],"product_cat":[{"value":129,"label":"COMO N 118:2017"}]},"featured_image_src_large":["https:\/\/modeco-sklep.pl\/wp-content\/uploads\/2025\/10\/BLACK.jpg",420,280,false],"author_info":[],"comment_info":0,"_links":{"self":[{"href":"https:\/\/modeco-sklep.pl\/es\/wp-json\/wp\/v2\/product\/6300","targetHints":{"allow":["GET"]}}],"collection":[{"href":"https:\/\/modeco-sklep.pl\/es\/wp-json\/wp\/v2\/product"}],"about":[{"href":"https:\/\/modeco-sklep.pl\/es\/wp-json\/wp\/v2\/types\/product"}],"replies":[{"embeddable":true,"href":"https:\/\/modeco-sklep.pl\/es\/wp-json\/wp\/v2\/comments?post=6300"}],"wp:featuredmedia":[{"embeddable":true,"href":"https:\/\/modeco-sklep.pl\/es\/wp-json\/wp\/v2\/media\/6301"}],"wp:attachment":[{"href":"https:\/\/modeco-sklep.pl\/es\/wp-json\/wp\/v2\/media?parent=6300"}],"wp:term":[{"taxonomy":"product_brand","embeddable":true,"href":"https:\/\/modeco-sklep.pl\/es\/wp-json\/wp\/v2\/product_brand?post=6300"},{"taxonomy":"product_cat","embeddable":true,"href":"https:\/\/modeco-sklep.pl\/es\/wp-json\/wp\/v2\/product_cat?post=6300"},{"taxonomy":"product_tag","embeddable":true,"href":"https:\/\/modeco-sklep.pl\/es\/wp-json\/wp\/v2\/product_tag?post=6300"}],"curies":[{"name":"wp","href":"https:\/\/api.w.org\/{rel}","templated":true}]}}