{"id":6166,"date":"2025-09-15T22:33:22","date_gmt":"2025-09-15T20:33:22","guid":{"rendered":"https:\/\/modeco-sklep.pl\/?post_type=product&#038;p=6166"},"modified":"2025-09-15T22:34:57","modified_gmt":"2025-09-15T20:34:57","slug":"ante-premium-cuadrado-negro-sin-nada-amarillo","status":"publish","type":"product","link":"https:\/\/modeco-sklep.pl\/es\/premium-suede-square-czarny-nic-zolta\/","title":{"rendered":"CUADRADO DE ANTE PREMIUM NEGRO \/ HILO AMARILLO"},"content":{"rendered":"<h3><strong>GAMUCHA PREMIUM<\/strong><\/h3>\n<h3>Tejido laminado destinado a la tapicer\u00eda de autom\u00f3viles.<\/h3>\n<p>Material para su uso en asientos de autom\u00f3vil, paneles laterales de puertas, paredes y techos para la construcci\u00f3n de furgonetas\/autobuses.<\/p>\n<h3>\u2705 Material de alta calidad sobre una espuma especial de 5 mm de grosor.<br \/>\n\u2705 Espuma de alta densidad: resistente a la deformaci\u00f3n.<br \/>\n\u2705 Material exclusivo tipo SUEDE<br \/>\n\u2705 Cabello corto que cambia de direcci\u00f3n al pasar la mano por \u00e9l.<\/h3>\n<h3><strong>Detalles del producto:<\/strong><\/h3>\n<ul>\n<li>\n<h3>1 unidad = 1 metro lineal de material (100 cm x 150 cm).<\/h3>\n<\/li>\n<li>\n<h3>Ancho: 150 cm.<\/h3>\n<\/li>\n<li>\n<h3>Si compras una cantidad mayor, te enviamos el material en una sola pieza.<\/h3>\n<\/li>\n<\/ul>\n<p>&nbsp;<\/p>\n<p style=\"color: #444444; box-sizing: border-box; background-color: transparent;\">","protected":false},"excerpt":{"rendered":"<p>PREMIUM SUEDE Tejido laminado para tapicer\u00eda de autom\u00f3viles Material para uso en asientos de autom\u00f3viles, laterales de puertas, paredes y techos de carrocer\u00edas de furgonetas\/autobuses \u2705 Tejido de alta calidad sobre espuma especial de 5 mm de grosor. \u2705 Espuma de alta densidad - resistente al alabeo. \u2705 Exclusivo material SUEDE \u2705 Cerdas cortas que cambian de direcci\u00f3n al tirar....<\/p>","protected":false},"featured_media":6101,"comment_status":"closed","ping_status":"closed","template":"","meta":{"_acf_changed":false,"_kad_blocks_custom_css":"","_kad_blocks_head_custom_js":"","_kad_blocks_body_custom_js":"","_kad_blocks_footer_custom_js":"","_kad_post_transparent":"","_kad_post_title":"","_kad_post_layout":"","_kad_post_sidebar_id":"","_kad_post_content_style":"","_kad_post_vertical_padding":"","_kad_post_feature":"","_kad_post_feature_position":"","_kad_post_header":false,"_kad_post_footer":false,"_kad_post_classname":""},"product_brand":[17],"product_cat":[148],"product_tag":[],"class_list":{"0":"post-6166","1":"product","2":"type-product","3":"status-publish","4":"has-post-thumbnail","6":"product_brand-modeco","7":"product_cat-square-design","9":"first","10":"instock","11":"purchasable","12":"product-type-simple","13":"entry","14":"content-bg","15":"loop-entry"},"acf":[],"taxonomy_info":{"product_brand":[{"value":17,"label":"MODECO"}],"product_cat":[{"value":148,"label":"SQUARE DESIGN"}]},"featured_image_src_large":["https:\/\/modeco-sklep.pl\/wp-content\/uploads\/2025\/06\/20250412_165852-1024x683.jpg",1024,683,true],"author_info":[],"comment_info":0,"_links":{"self":[{"href":"https:\/\/modeco-sklep.pl\/es\/wp-json\/wp\/v2\/product\/6166","targetHints":{"allow":["GET"]}}],"collection":[{"href":"https:\/\/modeco-sklep.pl\/es\/wp-json\/wp\/v2\/product"}],"about":[{"href":"https:\/\/modeco-sklep.pl\/es\/wp-json\/wp\/v2\/types\/product"}],"replies":[{"embeddable":true,"href":"https:\/\/modeco-sklep.pl\/es\/wp-json\/wp\/v2\/comments?post=6166"}],"wp:featuredmedia":[{"embeddable":true,"href":"https:\/\/modeco-sklep.pl\/es\/wp-json\/wp\/v2\/media\/6101"}],"wp:attachment":[{"href":"https:\/\/modeco-sklep.pl\/es\/wp-json\/wp\/v2\/media?parent=6166"}],"wp:term":[{"taxonomy":"product_brand","embeddable":true,"href":"https:\/\/modeco-sklep.pl\/es\/wp-json\/wp\/v2\/product_brand?post=6166"},{"taxonomy":"product_cat","embeddable":true,"href":"https:\/\/modeco-sklep.pl\/es\/wp-json\/wp\/v2\/product_cat?post=6166"},{"taxonomy":"product_tag","embeddable":true,"href":"https:\/\/modeco-sklep.pl\/es\/wp-json\/wp\/v2\/product_tag?post=6166"}],"curies":[{"name":"wp","href":"https:\/\/api.w.org\/{rel}","templated":true}]}}