{"id":6036,"date":"2025-09-14T20:51:53","date_gmt":"2025-09-14T18:51:53","guid":{"rendered":"https:\/\/modeco-sklep.pl\/?post_type=product&#038;p=6036"},"modified":"2025-09-14T20:53:04","modified_gmt":"2025-09-14T18:53:04","slug":"superplush-cuadrado-azul-celeste","status":"publish","type":"product","link":"https:\/\/modeco-sklep.pl\/es\/superplush-square-lazur-blue\/","title":{"rendered":"SUPERPLUSH CUADRADO - AZUL CELESTE"},"content":{"rendered":"<p data-start=\"129\" data-end=\"174\"><strong data-start=\"129\" data-end=\"172\">SUPERPLUSH - lujo en su coche<\/strong><\/p>\n<p data-start=\"176\" data-end=\"372\">El material SUPERPLUSH es sin\u00f3nimo de confort y prestigio en el interior del veh\u00edculo. El terciopelo suave y agradable al tacto funciona a la perfecci\u00f3n como tapicer\u00eda de autom\u00f3vil, confiriendo al interior un car\u00e1cter \u00fanico.<\/p>\n<p data-start=\"631\" data-end=\"860\">SUPERPLUSH es perfecto tanto para tapizar asientos como para cubrir las paredes o techos de un veh\u00edculo. Es la elecci\u00f3n ideal para carrocer\u00edas y transformaciones de autocaravanas en las que un aspecto lujoso y el m\u00e1ximo confort son importantes.<\/p>\n<hr data-start=\"862\" data-end=\"867\" \/>\n<p data-rm-block-id=\"block-2\"><strong>Propiedades:<\/strong><\/p>\n<ul>\n<li data-rm-block-id=\"block-3\">Suave al tacto<\/li>\n<li data-rm-block-id=\"block-4\">Transpirable<\/li>\n<li data-rm-block-id=\"block-5\">Estructura de lujo<\/li>\n<li data-rm-block-id=\"block-6\">Excelente durabilidad<\/li>\n<li data-rm-block-id=\"block-8\">Temperatura de superficie confortable, independientemente de la temperatura ambiente<\/li>\n<li data-rm-block-id=\"block-9\">F\u00e1cil de cuidar y mantener<\/li>\n<li data-rm-block-id=\"block-10\">Amplia adaptabilidad a diferentes especificaciones, funciones y aplicaciones<\/li>\n<\/ul>\n<p data-rm-block-id=\"block-11\"><strong>Especificaci\u00f3n:<\/strong><\/p>\n<ul>\n<li data-rm-block-id=\"block-12\">Anchura: 150 cm<\/li>\n<li data-rm-block-id=\"block-13\">Composici\u00f3n: 100% poli\u00e9ster<\/li>\n<\/ul>\n<p data-rm-block-id=\"block-14\">Aplicaci\u00f3n:<\/p>\n<ul>\n<li data-rm-block-id=\"block-15\">Tapicer\u00eda de los asientos<\/li>\n<li data-rm-block-id=\"block-16\">Paredes y techos de furgonetas<\/li>\n<\/ul>\n<p data-rm-block-id=\"block-18\"><span style=\"font-size: 16px;\"><strong>Detalles del producto:<\/strong><\/span><\/p>\n<p data-rm-block-id=\"block-19\"><span style=\"font-size: 16px;\">Al comprar 1 pieza, est\u00e1 comprando 1 metro lineal de tela ( 100 cm x 150 cm )<\/span><\/p>","protected":false},"excerpt":{"rendered":"<p>SUPERPLUSH - lujo en su coche El material SUPERPLUSH es sin\u00f3nimo de confort y prestigio en el interior del veh\u00edculo. El terciopelo, suave y agradable al tacto, es ideal para tapizar el autom\u00f3vil, confiriendo al interior un car\u00e1cter \u00fanico. SUPERPLUSH es ideal tanto para tapizar asientos como para cubrir las paredes o techos de un veh\u00edculo. Es la elecci\u00f3n ideal para la construcci\u00f3n y transformaci\u00f3n de autocaravanas,...<\/p>","protected":false},"featured_media":6037,"comment_status":"closed","ping_status":"closed","template":"","meta":{"_acf_changed":false,"_kad_blocks_custom_css":"","_kad_blocks_head_custom_js":"","_kad_blocks_body_custom_js":"","_kad_blocks_footer_custom_js":"","_kad_post_transparent":"","_kad_post_title":"","_kad_post_layout":"","_kad_post_sidebar_id":"","_kad_post_content_style":"","_kad_post_vertical_padding":"","_kad_post_feature":"","_kad_post_feature_position":"","_kad_post_header":false,"_kad_post_footer":false,"_kad_post_classname":""},"product_brand":[17],"product_cat":[147],"product_tag":[],"class_list":{"0":"post-6036","1":"product","2":"type-product","3":"status-publish","4":"has-post-thumbnail","6":"product_brand-modeco","7":"product_cat-superplush","9":"first","10":"instock","11":"purchasable","12":"product-type-simple","13":"entry","14":"content-bg","15":"loop-entry"},"acf":[],"taxonomy_info":{"product_brand":[{"value":17,"label":"MODECO"}],"product_cat":[{"value":147,"label":"SUPREME SUPERPLUSH"}]},"featured_image_src_large":["https:\/\/modeco-sklep.pl\/wp-content\/uploads\/2025\/09\/IMG_20250914_0018-1024x683.jpg",1024,683,true],"author_info":[],"comment_info":0,"_links":{"self":[{"href":"https:\/\/modeco-sklep.pl\/es\/wp-json\/wp\/v2\/product\/6036","targetHints":{"allow":["GET"]}}],"collection":[{"href":"https:\/\/modeco-sklep.pl\/es\/wp-json\/wp\/v2\/product"}],"about":[{"href":"https:\/\/modeco-sklep.pl\/es\/wp-json\/wp\/v2\/types\/product"}],"replies":[{"embeddable":true,"href":"https:\/\/modeco-sklep.pl\/es\/wp-json\/wp\/v2\/comments?post=6036"}],"wp:featuredmedia":[{"embeddable":true,"href":"https:\/\/modeco-sklep.pl\/es\/wp-json\/wp\/v2\/media\/6037"}],"wp:attachment":[{"href":"https:\/\/modeco-sklep.pl\/es\/wp-json\/wp\/v2\/media?parent=6036"}],"wp:term":[{"taxonomy":"product_brand","embeddable":true,"href":"https:\/\/modeco-sklep.pl\/es\/wp-json\/wp\/v2\/product_brand?post=6036"},{"taxonomy":"product_cat","embeddable":true,"href":"https:\/\/modeco-sklep.pl\/es\/wp-json\/wp\/v2\/product_cat?post=6036"},{"taxonomy":"product_tag","embeddable":true,"href":"https:\/\/modeco-sklep.pl\/es\/wp-json\/wp\/v2\/product_tag?post=6036"}],"curies":[{"name":"wp","href":"https:\/\/api.w.org\/{rel}","templated":true}]}}