{"id":6019,"date":"2025-09-14T13:00:41","date_gmt":"2025-09-14T11:00:41","guid":{"rendered":"https:\/\/modeco-sklep.pl\/?post_type=product&#038;p=6019"},"modified":"2026-02-02T20:24:07","modified_gmt":"2026-02-02T19:24:07","slug":"slim-supreme-ante-beige-claro","status":"publish","type":"product","link":"https:\/\/modeco-sklep.pl\/es\/slim-supreme-suede-light-beige\/","title":{"rendered":"SLIM SUPREME ANTE - BEIGE CLARO"},"content":{"rendered":"<h4><strong>Tejido de coche SLIM SUPREME SUEDE STRETCH<\/strong><\/h4>\n<h4>Material especial SUEDE<br \/>\nTiene cerdas cortas y suaves que cambian de direcci\u00f3n al arrastrarlas con la mano,. Es flexible, se adapta perfectamente a la forma de las piezas, El material tiene un soporte especial, no es esponjoso. El material tiene un soporte especial y no es esponjoso. El material tiene un soporte especial y no es esponjoso. Tambi\u00e9n es adecuado para pegar laterales de puertas, salpicaderos y elementos decorativos.<\/h4>\n<h4>\u2705 <strong>Flexible y f\u00e1cil de instalar<\/strong><br \/>\n\u2705 <strong>Ancho del tejido: 150 cm<\/strong><\/h4>\n<h2 style=\"color: #444444; display: block; box-sizing: border-box; background-color: transparent;\"><span style=\"font-size: 11pt;\"><span style=\"line-height: normal;\"><span style=\"font-size: 12.0pt;\"><span style=\"color: #444444;\">El precio es por 1 metro lineal ( 100 x 150cm)<\/span><\/span><\/span><\/span><br \/>\n<span style=\"font-size: 11pt;\"><span style=\"line-height: normal;\"><span style=\"font-size: 12.0pt;\"><span style=\"color: #444444;\">Al comprar varios metros, intentamos enviar el material en una sola pieza.<\/span><\/span><\/span><\/span><\/h2>\n<p>&nbsp;<\/p>\n<p>&nbsp;<\/p>\n<p>&nbsp;<\/p>\n<p>&nbsp;<\/p>\n<p>&nbsp;<\/p>\n<p>&nbsp;<\/p>\n<p>&nbsp;<\/p>\n<p>&nbsp;<\/p>","protected":false},"excerpt":{"rendered":"<p>Tejido para autom\u00f3viles SLIM  SUPREME SUEDE STRETCH Tejido especial SUEDE Tiene un pelo corto y suave que cambia de direcci\u00f3n al pasar la mano por encima. Es el\u00e1stico y se adapta perfectamente a la forma de los elementos. El tejido tiene un forro especial, sin esponja. No engrosa los elementos recubiertos. Creado para recubrir montantes y persianas de techos corredizos. Tambi\u00e9n se utiliza para pegar paneles laterales de puertas, salpicaderos, elementos decorativos...<\/p>","protected":false},"featured_media":7366,"comment_status":"closed","ping_status":"closed","template":"","meta":{"_acf_changed":false,"_kad_blocks_custom_css":"","_kad_blocks_head_custom_js":"","_kad_blocks_body_custom_js":"","_kad_blocks_footer_custom_js":"","_kad_post_transparent":"default","_kad_post_title":"","_kad_post_layout":"default","_kad_post_sidebar_id":"","_kad_post_content_style":"default","_kad_post_vertical_padding":"default","_kad_post_feature":"","_kad_post_feature_position":"","_kad_post_header":false,"_kad_post_footer":false,"_kad_post_classname":""},"product_brand":[17],"product_cat":[117,110,125,18],"product_tag":[],"class_list":{"0":"post-6019","1":"product","2":"type-product","3":"status-publish","4":"has-post-thumbnail","6":"product_brand-modeco","7":"product_cat-material-na-slupki","8":"product_cat-supreme-suede-stretch","9":"product_cat-material-na-slupki-supreme-suede-podsufitki","10":"product_cat-tkaniny-na-podsufitki-samochodowe","12":"first","13":"instock","14":"purchasable","15":"product-type-simple","16":"entry","17":"content-bg","18":"loop-entry"},"acf":[],"taxonomy_info":{"product_brand":[{"value":17,"label":"MODECO"}],"product_cat":[{"value":117,"label":"MATERIA\u0141 NA S\u0141UPKI ( bez pianki)"},{"value":110,"label":"SUPREME SUEDE STRETCH"},{"value":125,"label":"SUPREME SUEDE STRETCH SLIM - S\u0141UPKI"},{"value":18,"label":"TKANINY NA PODSUFITKI"}]},"featured_image_src_large":["https:\/\/modeco-sklep.pl\/wp-content\/uploads\/2025\/09\/light-beige-1-1024x683.png",1024,683,true],"author_info":[],"comment_info":0,"_links":{"self":[{"href":"https:\/\/modeco-sklep.pl\/es\/wp-json\/wp\/v2\/product\/6019","targetHints":{"allow":["GET"]}}],"collection":[{"href":"https:\/\/modeco-sklep.pl\/es\/wp-json\/wp\/v2\/product"}],"about":[{"href":"https:\/\/modeco-sklep.pl\/es\/wp-json\/wp\/v2\/types\/product"}],"replies":[{"embeddable":true,"href":"https:\/\/modeco-sklep.pl\/es\/wp-json\/wp\/v2\/comments?post=6019"}],"wp:featuredmedia":[{"embeddable":true,"href":"https:\/\/modeco-sklep.pl\/es\/wp-json\/wp\/v2\/media\/7366"}],"wp:attachment":[{"href":"https:\/\/modeco-sklep.pl\/es\/wp-json\/wp\/v2\/media?parent=6019"}],"wp:term":[{"taxonomy":"product_brand","embeddable":true,"href":"https:\/\/modeco-sklep.pl\/es\/wp-json\/wp\/v2\/product_brand?post=6019"},{"taxonomy":"product_cat","embeddable":true,"href":"https:\/\/modeco-sklep.pl\/es\/wp-json\/wp\/v2\/product_cat?post=6019"},{"taxonomy":"product_tag","embeddable":true,"href":"https:\/\/modeco-sklep.pl\/es\/wp-json\/wp\/v2\/product_tag?post=6019"}],"curies":[{"name":"wp","href":"https:\/\/api.w.org\/{rel}","templated":true}]}}