{"id":6011,"date":"2025-09-14T12:28:32","date_gmt":"2025-09-14T10:28:32","guid":{"rendered":"https:\/\/modeco-sklep.pl\/?post_type=product&#038;p=6011"},"modified":"2025-09-14T12:30:52","modified_gmt":"2025-09-14T10:30:52","slug":"rejilla-westfalia-verde-amarillo-negro","status":"publish","type":"product","link":"https:\/\/modeco-sklep.pl\/es\/krata-westfalia-green-yellow-black\/","title":{"rendered":"REJILLA WESTFALIA Verde\/Amarillo\/Negro"},"content":{"rendered":"<h1 style=\"background-color: transparent; box-sizing: border-box; color: #444444; display: block;\">TEJIDO PARA AUTOM\u00d3VILES VW WESTFALIA<\/h1>\n<p style=\"background-color: transparent; box-sizing: border-box; color: #444444;\"><span style=\"font-size: 16px;\">Tejido laminado destinado a tapicer\u00eda. Dise\u00f1o VW WESTFALIA: utilizado en los modelos VW T2 Bus entre 1968 y 1979.<\/span><\/p>\n<p style=\"background-color: transparent; box-sizing: border-box; color: #444444;\"><span style=\"font-size: 16px;\">Tejido de muy alta calidad sobre espuma de 4 mil\u00edmetros de grosor.<\/span><\/p>\n<p>La tela es una reproducci\u00f3n de alta calidad, con un tejido id\u00e9ntico al original.<\/p>\n<p style=\"background-color: transparent; box-sizing: border-box; color: #444444;\"><span style=\"font-size: 16px;\">Ancho del tejido: 150 cm<\/span><\/p>\n<p style=\"background-color: transparent; box-sizing: border-box; color: #444444;\"><span style=\"font-size: 16px;\">Precio por 1 m\u00b2 (100 cm x 150 cm)\u00a0<\/span><\/p>\n<p style=\"background-color: transparent; box-sizing: border-box; color: #444444;\">","protected":false},"excerpt":{"rendered":"<p>TELA PARA AUTOM\u00d3VILES VW WESTFALIA Tela laminada destinada a tapicer\u00eda. Dise\u00f1o VW WESTFALIA: utilizado en los modelos VW T2 Bus entre 1968 y 1979. Tejido de muy alta calidad sobre espuma de 4 mil\u00edmetros de grosor. El tejido es una reproducci\u00f3n de alta calidad con un tejido id\u00e9ntico al original. Ancho del material: 150 cm. Precio por 1 m (100 cm x 150 cm).\u00a0<\/p>","protected":false},"featured_media":6012,"comment_status":"closed","ping_status":"closed","template":"","meta":{"_acf_changed":false,"_kad_blocks_custom_css":"","_kad_blocks_head_custom_js":"","_kad_blocks_body_custom_js":"","_kad_blocks_footer_custom_js":"","_kad_post_transparent":"","_kad_post_title":"","_kad_post_layout":"","_kad_post_sidebar_id":"","_kad_post_content_style":"","_kad_post_vertical_padding":"","_kad_post_feature":"","_kad_post_feature_position":"","_kad_post_header":false,"_kad_post_footer":false,"_kad_post_classname":""},"product_brand":[17],"product_cat":[154],"product_tag":[],"class_list":{"0":"post-6011","1":"product","2":"type-product","3":"status-publish","4":"has-post-thumbnail","6":"product_brand-modeco","7":"product_cat-tkaniny-kraty-westfalia","9":"first","10":"instock","11":"purchasable","12":"product-type-simple","13":"entry","14":"content-bg","15":"loop-entry"},"acf":[],"taxonomy_info":{"product_brand":[{"value":17,"label":"MODECO"}],"product_cat":[{"value":154,"label":"TKANINY KRATY WESTFALIA"}]},"featured_image_src_large":["https:\/\/modeco-sklep.pl\/wp-content\/uploads\/2025\/09\/green-scaled-1024x683.jpg",1024,683,true],"author_info":[],"comment_info":0,"_links":{"self":[{"href":"https:\/\/modeco-sklep.pl\/es\/wp-json\/wp\/v2\/product\/6011","targetHints":{"allow":["GET"]}}],"collection":[{"href":"https:\/\/modeco-sklep.pl\/es\/wp-json\/wp\/v2\/product"}],"about":[{"href":"https:\/\/modeco-sklep.pl\/es\/wp-json\/wp\/v2\/types\/product"}],"replies":[{"embeddable":true,"href":"https:\/\/modeco-sklep.pl\/es\/wp-json\/wp\/v2\/comments?post=6011"}],"wp:featuredmedia":[{"embeddable":true,"href":"https:\/\/modeco-sklep.pl\/es\/wp-json\/wp\/v2\/media\/6012"}],"wp:attachment":[{"href":"https:\/\/modeco-sklep.pl\/es\/wp-json\/wp\/v2\/media?parent=6011"}],"wp:term":[{"taxonomy":"product_brand","embeddable":true,"href":"https:\/\/modeco-sklep.pl\/es\/wp-json\/wp\/v2\/product_brand?post=6011"},{"taxonomy":"product_cat","embeddable":true,"href":"https:\/\/modeco-sklep.pl\/es\/wp-json\/wp\/v2\/product_cat?post=6011"},{"taxonomy":"product_tag","embeddable":true,"href":"https:\/\/modeco-sklep.pl\/es\/wp-json\/wp\/v2\/product_tag?post=6011"}],"curies":[{"name":"wp","href":"https:\/\/api.w.org\/{rel}","templated":true}]}}