{"id":5970,"date":"2025-09-08T23:08:32","date_gmt":"2025-09-08T21:08:32","guid":{"rendered":"https:\/\/modeco-sklep.pl\/?post_type=product&#038;p=5970"},"modified":"2025-09-08T23:09:05","modified_gmt":"2025-09-08T21:09:05","slug":"supersuede-limon","status":"publish","type":"product","link":"https:\/\/modeco-sklep.pl\/es\/supersuede-lemon\/","title":{"rendered":"SUPERSUEDE LIM\u00d3N"},"content":{"rendered":"<p data-start=\"61\" data-end=\"158\"><strong data-start=\"61\" data-end=\"92\">Colecci\u00f3n SUPERSUEDE<\/strong> est\u00e1 recubierta con una capa que garantiza una resistencia al fuego excepcional.<\/p>\n<p data-start=\"160\" data-end=\"219\">Creado <strong data-start=\"170\" data-end=\"216\">sin utilizar fibras de origen animal<\/strong>.<\/p>\n<p data-start=\"221\" data-end=\"281\">Certificado en la clase <strong data-start=\"244\" data-end=\"278\">Oeko-Tex Standard 100, Clase 1<\/strong>.<\/p>\n<p data-start=\"283\" data-end=\"411\"><strong data-start=\"283\" data-end=\"300\">Aplicaci\u00f3n:<\/strong><\/p>\n<p data-start=\"283\" data-end=\"411\">tapicer\u00eda para autom\u00f3viles,<\/p>\n<p data-start=\"283\" data-end=\"411\">tapicer\u00eda interior para yates<\/p>\n<p data-start=\"283\" data-end=\"411\">paneles de pared<\/p>\n<p data-start=\"283\" data-end=\"411\">muebles tapizados<\/p>\n<p data-start=\"283\" data-end=\"411\">moda, calzado<\/p>\n<p data-start=\"283\" data-end=\"411\">paneles ac\u00fasticos<\/p>\n<p data-start=\"283\" data-end=\"411\"><strong data-start=\"217\" data-end=\"230\">Material:<\/strong> 100% poli\u00e9ster<br data-start=\"245\" data-end=\"248\" \/><strong data-start=\"248\" data-end=\"270\">Prueba Martindale:<\/strong> &gt; 40 000 ciclos<br data-start=\"285\" data-end=\"288\" \/><strong data-start=\"288\" data-end=\"302\">Ancho:<\/strong> 140 cm<br data-start=\"309\" data-end=\"312\" \/><strong data-start=\"312\" data-end=\"324\">Espesor:<\/strong> 1,15 mm<br data-start=\"332\" data-end=\"335\" \/><strong data-start=\"335\" data-end=\"353\">Longitud del rollo:<\/strong> 25 m<br data-start=\"358\" data-end=\"361\" \/><strong data-start=\"361\" data-end=\"370\">Peso:<\/strong> 485 g\/m2<\/p>\n<p data-start=\"283\" data-end=\"411\"><strong data-start=\"382\" data-end=\"407\">Resistencia a la luz:<\/strong> 4 (ISO 105-B02, escala Blue Wool)<br data-start=\"440\" data-end=\"443\" \/><strong data-start=\"443\" data-end=\"456\">Durabilidad:<\/strong> REACH \/ Oeko-Tex \/ reciclable \/ sin ftalatos<br data-start=\"511\" data-end=\"514\" \/><strong data-start=\"514\" data-end=\"532\">Resistencia al fuego:<\/strong> EE. UU.: CAL TB 117-2013, Secci\u00f3n E<\/p>\n<p data-start=\"283\" data-end=\"411\">El precio se refiere a 1 metro lineal (140 x 100 cm).<\/p>\n<p data-start=\"283\" data-end=\"411\">Pedido m\u00ednimo: a partir de 2 metros lineales<\/p>\n<p data-start=\"283\" data-end=\"411\">","protected":false},"excerpt":{"rendered":"<p>La colecci\u00f3n SUPERSUEDE est\u00e1 recubierta para ofrecer una excepcional resistencia al fuego. Creada sin utilizar fibras animales. Certificado seg\u00fan la norma Oeko-Tex 100, Clase 1. Aplicaciones: tapicer\u00eda de autom\u00f3viles, tapicer\u00eda interior de yates paneles murales muebles tapizados moda, calzado paneles insonorizantes Material: poli\u00e9ster 100%Prueba Martindale: &gt; 40.000 ciclosAncho: 140 cmEspesor: 1,15 mmLongitud de rollo: 25 mPeso: 485 g\/m2Resistencia...<\/p>","protected":false},"featured_media":5971,"comment_status":"open","ping_status":"closed","template":"","meta":{"_acf_changed":false,"_kad_blocks_custom_css":"","_kad_blocks_head_custom_js":"","_kad_blocks_body_custom_js":"","_kad_blocks_footer_custom_js":"","_kad_post_transparent":"","_kad_post_title":"","_kad_post_layout":"","_kad_post_sidebar_id":"","_kad_post_content_style":"","_kad_post_vertical_padding":"","_kad_post_feature":"","_kad_post_feature_position":"","_kad_post_header":false,"_kad_post_footer":false,"_kad_post_classname":""},"product_brand":[17],"product_cat":[144],"product_tag":[],"class_list":{"0":"post-5970","1":"product","2":"type-product","3":"status-publish","4":"has-post-thumbnail","6":"product_brand-modeco","7":"product_cat-supersuede","9":"first","10":"instock","11":"shipping-taxable","12":"purchasable","13":"product-type-simple","14":"entry","15":"content-bg","16":"loop-entry"},"acf":[],"taxonomy_info":{"product_brand":[{"value":17,"label":"MODECO"}],"product_cat":[{"value":144,"label":"SUPERSUEDE"}]},"featured_image_src_large":["https:\/\/modeco-sklep.pl\/wp-content\/uploads\/2025\/09\/LEMON-504.jpg",960,640,false],"author_info":[],"comment_info":0,"_links":{"self":[{"href":"https:\/\/modeco-sklep.pl\/es\/wp-json\/wp\/v2\/product\/5970","targetHints":{"allow":["GET"]}}],"collection":[{"href":"https:\/\/modeco-sklep.pl\/es\/wp-json\/wp\/v2\/product"}],"about":[{"href":"https:\/\/modeco-sklep.pl\/es\/wp-json\/wp\/v2\/types\/product"}],"replies":[{"embeddable":true,"href":"https:\/\/modeco-sklep.pl\/es\/wp-json\/wp\/v2\/comments?post=5970"}],"wp:featuredmedia":[{"embeddable":true,"href":"https:\/\/modeco-sklep.pl\/es\/wp-json\/wp\/v2\/media\/5971"}],"wp:attachment":[{"href":"https:\/\/modeco-sklep.pl\/es\/wp-json\/wp\/v2\/media?parent=5970"}],"wp:term":[{"taxonomy":"product_brand","embeddable":true,"href":"https:\/\/modeco-sklep.pl\/es\/wp-json\/wp\/v2\/product_brand?post=5970"},{"taxonomy":"product_cat","embeddable":true,"href":"https:\/\/modeco-sklep.pl\/es\/wp-json\/wp\/v2\/product_cat?post=5970"},{"taxonomy":"product_tag","embeddable":true,"href":"https:\/\/modeco-sklep.pl\/es\/wp-json\/wp\/v2\/product_tag?post=5970"}],"curies":[{"name":"wp","href":"https:\/\/api.w.org\/{rel}","templated":true}]}}