{"id":5926,"date":"2025-09-07T00:27:44","date_gmt":"2025-09-06T22:27:44","guid":{"rendered":"https:\/\/modeco-sklep.pl\/?post_type=product&#038;p=5926"},"modified":"2025-09-07T00:28:36","modified_gmt":"2025-09-06T22:28:36","slug":"ambiente-vino","status":"publish","type":"product","link":"https:\/\/modeco-sklep.pl\/es\/ambiente-vino\/","title":{"rendered":"AMBIENTE VINO"},"content":{"rendered":"<p><strong data-start=\"211\" data-end=\"223\">Ambiente<\/strong> Es una moqueta de alta calidad con pelo rizado, fabricada \u00edntegramente con fibra de poliamida Econyl 100%. Pertenece a la clase de uso 33, por lo que es ideal para espacios de uso intensivo. Gracias a los tres tonos de tinte, los colores de Ambiente adquieren profundidad y crean un efecto de matices que rompe con los esquemas t\u00edpicos de las moquetas de bucle.<\/p>\n<p data-start=\"752\" data-end=\"798\"><strong>Las caracter\u00edsticas m\u00e1s importantes del revestimiento Ambiente:<\/strong><\/p>\n<ul data-start=\"799\" data-end=\"1283\">\n<li data-start=\"799\" data-end=\"921\">\n<p data-start=\"801\" data-end=\"921\">Hecho de fibra regenerada Econyl, que viene de redes de pesca, alfombras viejas y pl\u00e1sticos industriales.,<\/p>\n<\/li>\n<li data-start=\"922\" data-end=\"1029\">\n<p data-start=\"924\" data-end=\"1029\">cuenta con el certificado Recyclable Plastic otorgado por el laboratorio internacional CSI de Mil\u00e1n,<\/p>\n<\/li>\n<li data-start=\"1030\" data-end=\"1091\">\n<p data-start=\"1032\" data-end=\"1091\">excepcionalmente duradero y resistente al uso intensivo,<\/p>\n<\/li>\n<li data-start=\"1151\" data-end=\"1283\">\n<p data-start=\"1153\" data-end=\"1283\">Soluci\u00f3n totalmente circular: al final de su ciclo de vida, puede volver a transformarse en hilo sin p\u00e9rdida de calidad.<\/p>\n<\/li>\n<\/ul>\n<p data-start=\"415\" data-end=\"972\"><strong>Ancho del revestimiento: 400 cm\u00a0<\/strong><\/p>\n<p data-start=\"415\" data-end=\"972\"><strong>Espesor total: 7,2 mm<\/strong><\/p>\n<p data-start=\"415\" data-end=\"972\"><strong>Resistencia a la luz: &gt;5\u00a0<\/strong><\/p>\n<p data-start=\"576\" data-end=\"600\"><strong data-start=\"576\" data-end=\"598\">Resistencia al fuego: clase Bfl-s1<\/strong><\/p>\n<p>&nbsp;<\/p>\n<p>El precio se refiere a 1 metro lineal de 100 x 400 cm.<\/p>\n<p>Pedido m\u00ednimo a partir de 2 metros lineales.<\/p>\n<p>&nbsp;<\/p>\n<p>&nbsp;<\/p>","protected":false},"excerpt":{"rendered":"<p>Ambiente es una moqueta de alta calidad con pelo rizado, fabricada \u00edntegramente con fibra de poliamida Econyl 100%. Pertenece a la clase de uso 33, por lo que es ideal para espacios de uso intensivo. Gracias a los tres tonos de tinte, los colores de Ambiente adquieren profundidad y crean un efecto de juego de tonos que rompe con los esquemas t\u00edpicos de las moquetas de bucle. Caracter\u00edsticas m\u00e1s importantes de la moqueta Ambiente: fabricada con...<\/p>","protected":false},"featured_media":5927,"comment_status":"open","ping_status":"closed","template":"","meta":{"_acf_changed":false,"_kad_blocks_custom_css":"","_kad_blocks_head_custom_js":"","_kad_blocks_body_custom_js":"","_kad_blocks_footer_custom_js":"","_kad_post_transparent":"","_kad_post_title":"","_kad_post_layout":"","_kad_post_sidebar_id":"","_kad_post_content_style":"","_kad_post_vertical_padding":"","_kad_post_feature":"","_kad_post_feature_position":"","_kad_post_header":false,"_kad_post_footer":false,"_kad_post_classname":""},"product_brand":[17],"product_cat":[152],"product_tag":[],"class_list":{"0":"post-5926","1":"product","2":"type-product","3":"status-publish","4":"has-post-thumbnail","6":"product_brand-modeco","7":"product_cat-ambiente","9":"first","10":"onbackorder","11":"shipping-taxable","12":"purchasable","13":"product-type-simple","14":"entry","15":"content-bg","16":"loop-entry"},"acf":[],"taxonomy_info":{"product_brand":[{"value":17,"label":"MODECO"}],"product_cat":[{"value":152,"label":"Ambiente"}]},"featured_image_src_large":["https:\/\/modeco-sklep.pl\/wp-content\/uploads\/2025\/09\/7_AMBIENTE_VINO_2010_200.jpg",1000,667,false],"author_info":[],"comment_info":0,"_links":{"self":[{"href":"https:\/\/modeco-sklep.pl\/es\/wp-json\/wp\/v2\/product\/5926","targetHints":{"allow":["GET"]}}],"collection":[{"href":"https:\/\/modeco-sklep.pl\/es\/wp-json\/wp\/v2\/product"}],"about":[{"href":"https:\/\/modeco-sklep.pl\/es\/wp-json\/wp\/v2\/types\/product"}],"replies":[{"embeddable":true,"href":"https:\/\/modeco-sklep.pl\/es\/wp-json\/wp\/v2\/comments?post=5926"}],"wp:featuredmedia":[{"embeddable":true,"href":"https:\/\/modeco-sklep.pl\/es\/wp-json\/wp\/v2\/media\/5927"}],"wp:attachment":[{"href":"https:\/\/modeco-sklep.pl\/es\/wp-json\/wp\/v2\/media?parent=5926"}],"wp:term":[{"taxonomy":"product_brand","embeddable":true,"href":"https:\/\/modeco-sklep.pl\/es\/wp-json\/wp\/v2\/product_brand?post=5926"},{"taxonomy":"product_cat","embeddable":true,"href":"https:\/\/modeco-sklep.pl\/es\/wp-json\/wp\/v2\/product_cat?post=5926"},{"taxonomy":"product_tag","embeddable":true,"href":"https:\/\/modeco-sklep.pl\/es\/wp-json\/wp\/v2\/product_tag?post=5926"}],"curies":[{"name":"wp","href":"https:\/\/api.w.org\/{rel}","templated":true}]}}