{"id":5882,"date":"2025-09-03T23:54:43","date_gmt":"2025-09-03T21:54:43","guid":{"rendered":"https:\/\/modeco-sklep.pl\/?post_type=product&#038;p=5882"},"modified":"2025-09-03T23:55:13","modified_gmt":"2025-09-03T21:55:13","slug":"oceania-azul","status":"publish","type":"product","link":"https:\/\/modeco-sklep.pl\/es\/oceania-blu\/","title":{"rendered":"OCEANIA BLU"},"content":{"rendered":"<p><strong data-start=\"89\" data-end=\"100\">Ocean\u00eda<\/strong> Es una moqueta de tipo tufting cut pile fabricada en 100% de poliamida. Este material se caracteriza por su excepcional durabilidad y su r\u00e1pido proceso de producci\u00f3n, lo que lo hace ideal para la industria n\u00e1utica, donde es importante la resistencia al uso intensivo y la puntualidad en la entrega.<br data-start=\"381\" data-end=\"384\" \/>Oceania est\u00e1 disponible en una amplia gama de 50 tonos, lo que ofrece amplias posibilidades de dise\u00f1o y permite adaptar la moqueta al car\u00e1cter individual de cada unidad.<\/p>\n<p data-start=\"415\" data-end=\"972\"><strong>Ancho del revestimiento: 400 cm\u00a0<\/strong><\/p>\n<p data-start=\"415\" data-end=\"972\"><strong>Espesor total: 5,8 mm<\/strong><\/p>\n<p data-start=\"415\" data-end=\"972\"><strong>Resistencia a la luz: &gt;5\u00a0<\/strong><\/p>\n<p data-start=\"576\" data-end=\"600\"><strong data-start=\"576\" data-end=\"598\">Resistencia al fuego: clase Bfl-s1<\/strong><\/p>\n<p>&nbsp;<\/p>\n<p>El precio se refiere a 1 metro lineal de 100 x 400 cm.<\/p>\n<p>Pedido m\u00ednimo a partir de 2 metros lineales.<\/p>\n<p>&nbsp;<\/p>\n<p>&nbsp;<\/p>","protected":false},"excerpt":{"rendered":"<p>Oceania es una moqueta de tipo tufting cut pile fabricada en 100% de poliamida. Este material se caracteriza por su excepcional durabilidad y su r\u00e1pido proceso de producci\u00f3n, lo que lo hace ideal para la industria n\u00e1utica, donde es importante la resistencia al uso intensivo y la puntualidad en la entrega. Oceania est\u00e1 disponible en una amplia gama de 50 tonos, lo que ofrece amplias posibilidades de dise\u00f1o y permite...<\/p>","protected":false},"featured_media":5883,"comment_status":"open","ping_status":"closed","template":"","meta":{"_acf_changed":false,"_kad_blocks_custom_css":"","_kad_blocks_head_custom_js":"","_kad_blocks_body_custom_js":"","_kad_blocks_footer_custom_js":"","_kad_post_transparent":"","_kad_post_title":"","_kad_post_layout":"","_kad_post_sidebar_id":"","_kad_post_content_style":"","_kad_post_vertical_padding":"","_kad_post_feature":"","_kad_post_feature_position":"","_kad_post_header":false,"_kad_post_footer":false,"_kad_post_classname":""},"product_brand":[17],"product_cat":[151],"product_tag":[],"class_list":{"0":"post-5882","1":"product","2":"type-product","3":"status-publish","4":"has-post-thumbnail","6":"product_brand-modeco","7":"product_cat-oceania","9":"first","10":"onbackorder","11":"shipping-taxable","12":"purchasable","13":"product-type-simple","14":"entry","15":"content-bg","16":"loop-entry"},"acf":[],"taxonomy_info":{"product_brand":[{"value":17,"label":"MODECO"}],"product_cat":[{"value":151,"label":"Oceania"}]},"featured_image_src_large":["https:\/\/modeco-sklep.pl\/wp-content\/uploads\/2025\/09\/47_OCEANIA_BLU_2101_300.jpg",1000,667,false],"author_info":[],"comment_info":0,"_links":{"self":[{"href":"https:\/\/modeco-sklep.pl\/es\/wp-json\/wp\/v2\/product\/5882","targetHints":{"allow":["GET"]}}],"collection":[{"href":"https:\/\/modeco-sklep.pl\/es\/wp-json\/wp\/v2\/product"}],"about":[{"href":"https:\/\/modeco-sklep.pl\/es\/wp-json\/wp\/v2\/types\/product"}],"replies":[{"embeddable":true,"href":"https:\/\/modeco-sklep.pl\/es\/wp-json\/wp\/v2\/comments?post=5882"}],"wp:featuredmedia":[{"embeddable":true,"href":"https:\/\/modeco-sklep.pl\/es\/wp-json\/wp\/v2\/media\/5883"}],"wp:attachment":[{"href":"https:\/\/modeco-sklep.pl\/es\/wp-json\/wp\/v2\/media?parent=5882"}],"wp:term":[{"taxonomy":"product_brand","embeddable":true,"href":"https:\/\/modeco-sklep.pl\/es\/wp-json\/wp\/v2\/product_brand?post=5882"},{"taxonomy":"product_cat","embeddable":true,"href":"https:\/\/modeco-sklep.pl\/es\/wp-json\/wp\/v2\/product_cat?post=5882"},{"taxonomy":"product_tag","embeddable":true,"href":"https:\/\/modeco-sklep.pl\/es\/wp-json\/wp\/v2\/product_tag?post=5882"}],"curies":[{"name":"wp","href":"https:\/\/api.w.org\/{rel}","templated":true}]}}