{"id":5598,"date":"2025-09-02T23:17:25","date_gmt":"2025-09-02T21:17:25","guid":{"rendered":"https:\/\/modeco-sklep.pl\/?post_type=product&#038;p=5598"},"modified":"2025-09-02T23:20:18","modified_gmt":"2025-09-02T21:20:18","slug":"textura-asequible-mas-amanecer","status":"publish","type":"product","link":"https:\/\/modeco-sklep.pl\/es\/affordable-texture-plus-sunrise\/","title":{"rendered":"Textura asequible Plus Amanecer"},"content":{"rendered":"<p data-start=\"58\" data-end=\"413\"><strong data-start=\"58\" data-end=\"70\">Infinito<\/strong> Se distingue por su base vin\u00edlica espumosa \u00fanica, gracias a la cual es ideal para diferentes tipos de superficies. <strong data-start=\"196\" data-end=\"227\">Vinilo tejido de lujo Infinity<\/strong> Es un material resistente, c\u00f3modo, moderno y funcional, ideal para su uso en los sectores mar\u00edtimo, contractual, hotelero, m\u00e9dico, de bienestar y tambi\u00e9n en interiores dom\u00e9sticos.<\/p>\n<p data-start=\"415\" data-end=\"972\">Infinity es f\u00e1cil de limpiar, resistente a la radiaci\u00f3n UV y a las manchas, repele la suciedad, se seca r\u00e1pidamente y cuenta con tecnolog\u00eda antibacteriana y antif\u00fangica que previene el desarrollo de microorganismos. El material es resistente a la gasolina, el gas\u00f3leo y los aceites de motor, y no se deteriora con el contacto con excrementos de aves o ara\u00f1as. En comparaci\u00f3n con otros tipos de revestimientos para suelos, se caracteriza por sus bajos costes de explotaci\u00f3n a largo plazo. Es duradero, absorbe el sonido y es 100 % reciclable.<\/p>\n<p data-start=\"415\" data-end=\"972\"><strong>Ancho del revestimiento: 150 cm\u00a0<\/strong><\/p>\n<p data-start=\"415\" data-end=\"972\">( disponibles bajo pedido revestimientos con una anchura de 300 cm )<\/p>\n<p data-start=\"415\" data-end=\"972\"><strong>Resistencia a la luz: &gt;6<\/strong><\/p>\n<p data-start=\"415\" data-end=\"972\"><strong>REACH \/ posibilidad de reciclaje<\/strong><\/p>\n<p data-start=\"576\" data-end=\"600\"><strong data-start=\"576\" data-end=\"598\">Resistencia al fuego:<\/strong><\/p>\n<ul data-start=\"601\" data-end=\"770\">\n<li data-start=\"601\" data-end=\"647\">\n<p data-start=\"603\" data-end=\"647\">ASTM E648 \u2013 Flujo radiante cr\u00edtico, Clase 1<\/p>\n<\/li>\n<li data-start=\"648\" data-end=\"685\">\n<p data-start=\"650\" data-end=\"685\">ASTM E662 \u2013 Densidad \u00f3ptica del humo<\/p>\n<\/li>\n<li data-start=\"686\" data-end=\"731\">\n<p data-start=\"688\" data-end=\"731\">FMVSS 302: Norma de seguridad para veh\u00edculos motorizados<\/p>\n<\/li>\n<li data-start=\"732\" data-end=\"770\">\n<p data-start=\"734\" data-end=\"770\">ASTM C-518: factor R<\/p>\n<\/li>\n<\/ul>\n<p>&nbsp;<\/p>\n<p>El precio se refiere a 1 metro lineal de 100 x 150 cm.<\/p>\n<p>Pedido m\u00ednimo a partir de 2 metros lineales.<\/p>\n<p>&nbsp;<\/p>\n<p>&nbsp;<\/p>","protected":false},"excerpt":{"rendered":"<p>Infinity destaca por su exclusivo revestimiento vin\u00edlico espumado, gracias al cual es ideal para diferentes tipos de superficies. Infinity Luxury Woven Vinyl es un material resistente, c\u00f3modo, moderno y funcional, ideal para aplicaciones en los sectores mar\u00edtimo, contractual, hotelero, m\u00e9dico, de bienestar y tambi\u00e9n en interiores dom\u00e9sticos. Infinity es f\u00e1cil de limpiar, resistente a los rayos UV y a las manchas...<\/p>","protected":false},"featured_media":5599,"comment_status":"open","ping_status":"closed","template":"","meta":{"_acf_changed":false,"_kad_blocks_custom_css":"","_kad_blocks_head_custom_js":"","_kad_blocks_body_custom_js":"","_kad_blocks_footer_custom_js":"","_kad_post_transparent":"","_kad_post_title":"","_kad_post_layout":"","_kad_post_sidebar_id":"","_kad_post_content_style":"","_kad_post_vertical_padding":"","_kad_post_feature":"","_kad_post_feature_position":"","_kad_post_header":false,"_kad_post_footer":false,"_kad_post_classname":""},"product_brand":[17],"product_cat":[149],"product_tag":[],"class_list":{"0":"post-5598","1":"product","2":"type-product","3":"status-publish","4":"has-post-thumbnail","6":"product_brand-modeco","7":"product_cat-infinity-luxury-woven-vinyl","9":"first","10":"onbackorder","11":"shipping-taxable","12":"purchasable","13":"product-type-simple","14":"entry","15":"content-bg","16":"loop-entry"},"acf":[],"taxonomy_info":{"product_brand":[{"value":17,"label":"MODECO"}],"product_cat":[{"value":149,"label":"Infinity Luxury Woven Vinyl"}]},"featured_image_src_large":["https:\/\/modeco-sklep.pl\/wp-content\/uploads\/2025\/09\/Affordable-Texture-Plus-Sunrise.jpg",960,540,false],"author_info":[],"comment_info":0,"_links":{"self":[{"href":"https:\/\/modeco-sklep.pl\/es\/wp-json\/wp\/v2\/product\/5598","targetHints":{"allow":["GET"]}}],"collection":[{"href":"https:\/\/modeco-sklep.pl\/es\/wp-json\/wp\/v2\/product"}],"about":[{"href":"https:\/\/modeco-sklep.pl\/es\/wp-json\/wp\/v2\/types\/product"}],"replies":[{"embeddable":true,"href":"https:\/\/modeco-sklep.pl\/es\/wp-json\/wp\/v2\/comments?post=5598"}],"wp:featuredmedia":[{"embeddable":true,"href":"https:\/\/modeco-sklep.pl\/es\/wp-json\/wp\/v2\/media\/5599"}],"wp:attachment":[{"href":"https:\/\/modeco-sklep.pl\/es\/wp-json\/wp\/v2\/media?parent=5598"}],"wp:term":[{"taxonomy":"product_brand","embeddable":true,"href":"https:\/\/modeco-sklep.pl\/es\/wp-json\/wp\/v2\/product_brand?post=5598"},{"taxonomy":"product_cat","embeddable":true,"href":"https:\/\/modeco-sklep.pl\/es\/wp-json\/wp\/v2\/product_cat?post=5598"},{"taxonomy":"product_tag","embeddable":true,"href":"https:\/\/modeco-sklep.pl\/es\/wp-json\/wp\/v2\/product_tag?post=5598"}],"curies":[{"name":"wp","href":"https:\/\/api.w.org\/{rel}","templated":true}]}}