{"id":2182,"date":"2025-07-20T12:49:50","date_gmt":"2025-07-20T10:49:50","guid":{"rendered":"https:\/\/modeco-sklep.pl\/?post_type=product&#038;p=2182"},"modified":"2025-08-24T20:06:10","modified_gmt":"2025-08-24T18:06:10","slug":"pegamento-wurth-high-tack","status":"publish","type":"product","link":"https:\/\/modeco-sklep.pl\/es\/klej-wurth-high-tack\/","title":{"rendered":"Adhesivo WURTH HIGH TACK"},"content":{"rendered":"<h2>ADHESIVO PARA TAPICER\u00cdA WURTH<\/h2>\n<p><span style=\"font-size: 20px;\">Adhesivo en aerosol destinado a la fijaci\u00f3n permanente y temporal de tapicer\u00edas, alfombrillas y revestimientos interiores. Crea una uni\u00f3n el\u00e1stica. De secado r\u00e1pido, resistente al agua y a la humedad. Para pegados permanentes y temporales. No traspasa el material.<\/span><\/p>\n<p>Dise\u00f1ado para fijaciones en aplicaciones exigentes, incluyendo superficies con baja absorci\u00f3n, como hormig\u00f3n, piedra natural y cer\u00e1mica.<\/p>\n<p><b>Propiedades:<\/b><\/p>\n<ul>\n<li>Distancia m\u00ednima\/m\u00e1xima de pulverizaci\u00f3n: 15-25 cm<\/li>\n<li>Contenido: 400 ml<\/li>\n<li>Contenido: 288 g<\/li>\n<li>Almacenamiento desde la fecha de fabricaci\u00f3n: 12 meses.<\/li>\n<li>resistente a altas temperaturas de -40 a +70 \u00b0C<\/li>\n<li>color: transparente (incoloro)<\/li>\n<\/ul>\n<p><b>Aplicaci\u00f3n:<\/b><\/p>\n<ul>\n<li>para pegar materiales como: papel, metal, tejidos, cuero, pl\u00e1sticos, goma, cart\u00f3n, fieltro, corcho, vidrio, madera, l\u00e1mina<\/li>\n<\/ul>\n<p><b>Modo de empleo:<\/b><\/p>\n<ul>\n<li>limpiar y desengrasar las superficies a encolar<\/li>\n<li>proteger las zonas adyacentes contra la suciedad indeseada causada por el pegamento<\/li>\n<li>agitar en\u00e9rgicamente el envase<\/li>\n<li>Temperatura recomendada del producto: aproximadamente 18 \u00baC.<\/li>\n<\/ul>\n<p>Pegado no permanente<\/p>\n<ul>\n<li>cubrir una superficie con pegamento<\/li>\n<li>despu\u00e9s de unos segundos, coloque el segundo elemento<\/li>\n<li>presionar y dejar secar durante aproximadamente un minuto<\/li>\n<li>Para cambiar la posici\u00f3n del elemento pegado, agarre el elemento por la esquina, desp\u00e9guelo y vuelva a colocarlo.<\/li>\n<\/ul>\n<p>Pegado permanente<\/p>\n<ul>\n<li>Cubra ambas superficies a pegar con una fina capa de pegamento.<\/li>\n<li>esperar aproximadamente un minuto y unir ambos elementos<\/li>\n<li>presionar y dejar secar durante aproximadamente 1 minuto<\/li>\n<li>En caso de pegar superficies muy porosas, aplicar una capa generosa de adhesivo en ambas superficies.<\/li>\n<\/ul>\n<p>\u2013 capacidad 400 ml<\/p>","protected":false},"excerpt":{"rendered":"<p>ADHESIVO PARA TAPICER\u00cdA WURTH Adhesivo en aerosol dise\u00f1ado para la fijaci\u00f3n permanente y temporal de tapicer\u00edas, alfombrillas y revestimientos interiores. Crea una uni\u00f3n flexible. De secado r\u00e1pido, resistente al agua y a la humedad. Para pegados permanentes y temporales. No traspasa el material. Dise\u00f1ado para fijaciones en aplicaciones de montaje exigentes, incluyendo superficies con baja absorci\u00f3n, como hormig\u00f3n, piedra natural y cer\u00e1mica...<\/p>","protected":false},"featured_media":2183,"comment_status":"closed","ping_status":"closed","template":"","meta":{"_acf_changed":false,"_kad_blocks_custom_css":"","_kad_blocks_head_custom_js":"","_kad_blocks_body_custom_js":"","_kad_blocks_footer_custom_js":"","_kad_post_transparent":"","_kad_post_title":"","_kad_post_layout":"","_kad_post_sidebar_id":"","_kad_post_content_style":"","_kad_post_vertical_padding":"","_kad_post_feature":"","_kad_post_feature_position":"","_kad_post_header":false,"_kad_post_footer":false,"_kad_post_classname":""},"product_brand":[71],"product_cat":[22,18],"product_tag":[],"class_list":{"0":"post-2182","1":"product","2":"type-product","3":"status-publish","4":"has-post-thumbnail","6":"product_brand-wurth","7":"product_cat-klej-do-podsufitek","8":"product_cat-tkaniny-na-podsufitki-samochodowe","10":"first","11":"instock","12":"purchasable","13":"product-type-simple","14":"entry","15":"content-bg","16":"loop-entry"},"acf":[],"taxonomy_info":{"product_brand":[{"value":71,"label":"WURTH"}],"product_cat":[{"value":22,"label":"KLEJ DO PODSUFITEK"},{"value":18,"label":"TKANINY NA PODSUFITKI"}]},"featured_image_src_large":["https:\/\/modeco-sklep.pl\/wp-content\/uploads\/2025\/07\/high-atack-1024x683.jpg",1024,683,true],"author_info":[],"comment_info":0,"_links":{"self":[{"href":"https:\/\/modeco-sklep.pl\/es\/wp-json\/wp\/v2\/product\/2182","targetHints":{"allow":["GET"]}}],"collection":[{"href":"https:\/\/modeco-sklep.pl\/es\/wp-json\/wp\/v2\/product"}],"about":[{"href":"https:\/\/modeco-sklep.pl\/es\/wp-json\/wp\/v2\/types\/product"}],"replies":[{"embeddable":true,"href":"https:\/\/modeco-sklep.pl\/es\/wp-json\/wp\/v2\/comments?post=2182"}],"wp:featuredmedia":[{"embeddable":true,"href":"https:\/\/modeco-sklep.pl\/es\/wp-json\/wp\/v2\/media\/2183"}],"wp:attachment":[{"href":"https:\/\/modeco-sklep.pl\/es\/wp-json\/wp\/v2\/media?parent=2182"}],"wp:term":[{"taxonomy":"product_brand","embeddable":true,"href":"https:\/\/modeco-sklep.pl\/es\/wp-json\/wp\/v2\/product_brand?post=2182"},{"taxonomy":"product_cat","embeddable":true,"href":"https:\/\/modeco-sklep.pl\/es\/wp-json\/wp\/v2\/product_cat?post=2182"},{"taxonomy":"product_tag","embeddable":true,"href":"https:\/\/modeco-sklep.pl\/es\/wp-json\/wp\/v2\/product_tag?post=2182"}],"curies":[{"name":"wp","href":"https:\/\/api.w.org\/{rel}","templated":true}]}}