{"id":2064,"date":"2025-07-07T00:04:14","date_gmt":"2025-07-06T22:04:14","guid":{"rendered":"https:\/\/modeco-sklep.pl\/?post_type=product&#038;p=2064"},"modified":"2025-07-07T00:05:17","modified_gmt":"2025-07-06T22:05:17","slug":"beige-claro","status":"publish","type":"product","link":"https:\/\/modeco-sklep.pl\/es\/light-beige\/","title":{"rendered":"LISO \/ BEIGE CLARO"},"content":{"rendered":"<div class=\"widoczna tz_opis GlownyOpisProduktu\">\n<h3>ECO-PIEL NAPPA MARINE ONE: tejido de tapicer\u00eda de alta calidad<\/h3>\n<p>La piel ecol\u00f3gica Nappa es un tejido recubierto ideal para tapicer\u00edas de yates y autom\u00f3viles, incluyendo asientos y paneles laterales de puertas.<\/p>\n<p>Material impermeable para uso en tapicer\u00eda exterior de barcos, yates y autom\u00f3viles.<\/p>\n<h4><strong>Caracter\u00edsticas del producto:<\/strong><\/h4>\n<ul>\n<li>Material Nappa de alta calidad con estructura lisa.<\/li>\n<li>Laminado sobre espuma de 5 mm de grosor<\/li>\n<li>100% Resistente al agua<\/li>\n<li>Resistente a la radiaci\u00f3n UV<\/li>\n<li>Resistente a bajas temperaturas<\/li>\n<li>Resistente a las condiciones clim\u00e1ticas<\/li>\n<\/ul>\n<p>&nbsp;<\/p>\n<h4><strong>Detalles:<\/strong><\/h4>\n<p>Al comprar 1 unidad, recibir\u00e1s 1 metro lineal de tela (100 cm x 137 cm).<br \/>\nAncho del material: 137 cm<\/p>\n<\/div>","protected":false},"excerpt":{"rendered":"<p>NAPPA MARINE ONE tejido de tapicer\u00eda de alta calidad Eco Nappa leather es un tejido recubierto ideal para la tapicer\u00eda de yates y coches, incluyendo asientos y laterales de puertas. Material impermeable para uso en tapicer\u00edas exteriores de barcos, yates y coches. Caracter\u00edsticas del producto: tejido Nappa de alta calidad con una textura suave Laminado sobre espuma de 5 mm de espesor 100% Impermeable...<\/p>","protected":false},"featured_media":2065,"comment_status":"closed","ping_status":"closed","template":"","meta":{"_acf_changed":false,"_kad_blocks_custom_css":"","_kad_blocks_head_custom_js":"","_kad_blocks_body_custom_js":"","_kad_blocks_footer_custom_js":"","_kad_post_transparent":"","_kad_post_title":"","_kad_post_layout":"","_kad_post_sidebar_id":"","_kad_post_content_style":"","_kad_post_vertical_padding":"","_kad_post_feature":"","_kad_post_feature_position":"","_kad_post_header":false,"_kad_post_footer":false,"_kad_post_classname":""},"product_brand":[17],"product_cat":[126],"product_tag":[],"class_list":{"0":"post-2064","1":"product","2":"type-product","3":"status-publish","4":"has-post-thumbnail","6":"product_brand-modeco","7":"product_cat-marine-one","9":"first","10":"instock","11":"purchasable","12":"product-type-simple","13":"entry","14":"content-bg","15":"loop-entry"},"acf":[],"taxonomy_info":{"product_brand":[{"value":17,"label":"MODECO"}],"product_cat":[{"value":126,"label":"MARINE-ONE"}]},"featured_image_src_large":["https:\/\/modeco-sklep.pl\/wp-content\/uploads\/2025\/07\/beige-1024x683.jpg",1024,683,true],"author_info":[],"comment_info":0,"_links":{"self":[{"href":"https:\/\/modeco-sklep.pl\/es\/wp-json\/wp\/v2\/product\/2064","targetHints":{"allow":["GET"]}}],"collection":[{"href":"https:\/\/modeco-sklep.pl\/es\/wp-json\/wp\/v2\/product"}],"about":[{"href":"https:\/\/modeco-sklep.pl\/es\/wp-json\/wp\/v2\/types\/product"}],"replies":[{"embeddable":true,"href":"https:\/\/modeco-sklep.pl\/es\/wp-json\/wp\/v2\/comments?post=2064"}],"wp:featuredmedia":[{"embeddable":true,"href":"https:\/\/modeco-sklep.pl\/es\/wp-json\/wp\/v2\/media\/2065"}],"wp:attachment":[{"href":"https:\/\/modeco-sklep.pl\/es\/wp-json\/wp\/v2\/media?parent=2064"}],"wp:term":[{"taxonomy":"product_brand","embeddable":true,"href":"https:\/\/modeco-sklep.pl\/es\/wp-json\/wp\/v2\/product_brand?post=2064"},{"taxonomy":"product_cat","embeddable":true,"href":"https:\/\/modeco-sklep.pl\/es\/wp-json\/wp\/v2\/product_cat?post=2064"},{"taxonomy":"product_tag","embeddable":true,"href":"https:\/\/modeco-sklep.pl\/es\/wp-json\/wp\/v2\/product_tag?post=2064"}],"curies":[{"name":"wp","href":"https:\/\/api.w.org\/{rel}","templated":true}]}}