{"id":1664,"date":"2025-06-19T13:27:27","date_gmt":"2025-06-19T11:27:27","guid":{"rendered":"https:\/\/modeco-sklep.pl\/?post_type=product&#038;p=1664"},"modified":"2025-06-19T13:27:27","modified_gmt":"2025-06-19T11:27:27","slug":"adhesivo-forch-k142-adhesivo-para-el-techo-interior-del-automovil","status":"publish","type":"product","link":"https:\/\/modeco-sklep.pl\/es\/klej-forch-k142-klej-do-podsufitki-samochodowej\/","title":{"rendered":"Adhesivo FORCH K142"},"content":{"rendered":"<p><strong>ADHESIVO PARA TAPICER\u00cdA \u2013 AUTOM\u00d3VILES  FORCH K142<\/strong><\/p>\n<p>\u2013 pegamento resistente a altas temperaturas<\/p>\n<p>\u2013 Adhesivo con una fuerza de pegado extremadamente alta y r\u00e1pida.<\/p>\n<p>\u2013 ideal para su uso en la industria automovil\u00edstica para pegar revestimientos interiores, pieles naturales y sint\u00e9ticas, espuma<\/p>\n<p>\u2013 Adhesivo de secado r\u00e1pido para materiales ligeros que forma una capa fina e incolora.<\/p>\n<p>\u2013 capacidad 640 g<\/p>\n<p>\u2013 aplicaci\u00f3n con pulverizador o brocha<\/p>","protected":false},"excerpt":{"rendered":"<p>FORCH TAPER ADHESIVE - FORCH K142 - adhesivo resistente a altas temperaturas - adhesivo con una fuerza de pegado r\u00e1pida extremadamente alta - ideal para su uso en la industria del autom\u00f3vil para pegar revestimientos de techo, cueros naturales y sint\u00e9ticos, espuma - adhesivo de secado r\u00e1pido para materiales ligeros formando una fina capa transparente - capacidad de 640 g - aplicaci\u00f3n con pulverizador o brocha<\/p>","protected":false},"featured_media":1665,"comment_status":"open","ping_status":"closed","template":"","meta":{"_acf_changed":false,"_kad_blocks_custom_css":"","_kad_blocks_head_custom_js":"","_kad_blocks_body_custom_js":"","_kad_blocks_footer_custom_js":"","_kad_post_transparent":"","_kad_post_title":"","_kad_post_layout":"","_kad_post_sidebar_id":"","_kad_post_content_style":"","_kad_post_vertical_padding":"","_kad_post_feature":"","_kad_post_feature_position":"","_kad_post_header":false,"_kad_post_footer":false,"_kad_post_classname":""},"product_brand":[21],"product_cat":[80],"product_tag":[],"class_list":{"0":"post-1664","1":"product","2":"type-product","3":"status-publish","4":"has-post-thumbnail","6":"product_brand-forch","7":"product_cat-kleje-do-podsufitek-samochodowych","9":"first","10":"instock","11":"shipping-taxable","12":"purchasable","13":"product-type-simple","14":"entry","15":"content-bg","16":"loop-entry"},"acf":[],"taxonomy_info":{"product_brand":[{"value":21,"label":"FORCH"}],"product_cat":[{"value":80,"label":"KLEJE"}]},"featured_image_src_large":["https:\/\/modeco-sklep.pl\/wp-content\/uploads\/2025\/06\/c4ebced04563aa0c4e3b8b14ca2f-1024x922.jpeg",1024,922,true],"author_info":[],"comment_info":0,"_links":{"self":[{"href":"https:\/\/modeco-sklep.pl\/es\/wp-json\/wp\/v2\/product\/1664","targetHints":{"allow":["GET"]}}],"collection":[{"href":"https:\/\/modeco-sklep.pl\/es\/wp-json\/wp\/v2\/product"}],"about":[{"href":"https:\/\/modeco-sklep.pl\/es\/wp-json\/wp\/v2\/types\/product"}],"replies":[{"embeddable":true,"href":"https:\/\/modeco-sklep.pl\/es\/wp-json\/wp\/v2\/comments?post=1664"}],"wp:featuredmedia":[{"embeddable":true,"href":"https:\/\/modeco-sklep.pl\/es\/wp-json\/wp\/v2\/media\/1665"}],"wp:attachment":[{"href":"https:\/\/modeco-sklep.pl\/es\/wp-json\/wp\/v2\/media?parent=1664"}],"wp:term":[{"taxonomy":"product_brand","embeddable":true,"href":"https:\/\/modeco-sklep.pl\/es\/wp-json\/wp\/v2\/product_brand?post=1664"},{"taxonomy":"product_cat","embeddable":true,"href":"https:\/\/modeco-sklep.pl\/es\/wp-json\/wp\/v2\/product_cat?post=1664"},{"taxonomy":"product_tag","embeddable":true,"href":"https:\/\/modeco-sklep.pl\/es\/wp-json\/wp\/v2\/product_tag?post=1664"}],"curies":[{"name":"wp","href":"https:\/\/api.w.org\/{rel}","templated":true}]}}