{"id":1661,"date":"2025-06-19T13:18:17","date_gmt":"2025-06-19T11:18:17","guid":{"rendered":"https:\/\/modeco-sklep.pl\/?post_type=product&#038;p=1661"},"modified":"2025-12-28T13:28:41","modified_gmt":"2025-12-28T12:28:41","slug":"adhesivo-wurth-adhesivo-fuerte-para-techos-de-automoviles","status":"publish","type":"product","link":"https:\/\/modeco-sklep.pl\/es\/klej-wurth-mocny-klej-do-podsufitek-samochodowych\/","title":{"rendered":"pegamento WURTH POWERFUL"},"content":{"rendered":"<p><strong>KLEJ TAPICERSKI WURTH<\/strong><\/p>\n<p>Klej w aerozolu przeznaczony do trwa\u0142ego i nietrwa\u0142ego mocowania tapicerki, dywanik\u00f3w, podsufitki. Tworzy elastyczne po\u0142\u0105czenie. Szybko wi\u0105\u017c\u0105cy, odporny na wod\u0119 i wilgo\u0107. Do trwa\u0142ego i nietrwa\u0142ego klejenia. Nie przemaka przez materia\u0142.<\/p>\n<p>W\u0142a\u015bciwo\u015bci :<\/p>\n<p>Min.\/maks. odleg\u0142o\u015b\u0107 rozpylania: 15-25 cm<br \/>\nSpis tre\u015bci: 400 ml<br \/>\nZawarto\u015b\u0107: 288 g<br \/>\nPrzechowywanie od daty produkcji: 12 Miesi\u0105ce<br \/>\nNie zawiera silikonu: Tak<br \/>\nodporny na wysokie temperatury ( do 110\u00b0C)<\/p>\n<p>Zastosowanie :<\/p>\n<p>do klejenia materia\u0142\u00f3w takich jak : papier, metal, tkaniny, sk\u00f3ra, plastiki, guma, karton, filc, korek, szk\u0142o, drewno, folia<\/p>\n<p>Spos\u00f3b u\u017cycia :<\/p>\n<p>oczy\u015bci\u0107 i odt\u0142u\u015bci\u0107 klejone powierzchnie<br \/>\nos\u0142oni\u0107 miejsca s\u0105siaduj\u0105ce przed niepo\u017c\u0105danym zabrudzeniem klejem<br \/>\nenergicznie wstrz\u0105sn\u0105\u0107 pojemnikiem<br \/>\nzalecana temperatura produktu oko\u0142o 18\u00baC<\/p>\n<p>Klejenie nietrwa\u0142e<\/p>\n<p>pokry\u0107 jedn\u0105 powierzchni\u0119 klejem<br \/>\npo kilku sekundach przy\u0142o\u017cy\u0107 drugi element<br \/>\ndocisn\u0105\u0107 i pozostawi\u0107 na oko\u0142o jedn\u0105 minut\u0119 do wyschni\u0119cia<br \/>\naby zmieni\u0107 po\u0142o\u017cenie klejonego elementu z\u0142apa\u0107 element za r\u00f3g odklei\u0107 i przy\u0142o\u017cy\u0107 ponownie<\/p>\n<p>Klejenie trwa\u0142e<\/p>\n<p>pokry\u0107 cienka warstw\u0105 kleju obydwie klejone powierzchnie<br \/>\nodczeka\u0107 oko\u0142o jednej minuty i po\u0142\u0105czy\u0107 obydwa elementy<br \/>\ndocisn\u0105\u0107 i pozostawi\u0107 do wyschni\u0119cia na oko\u0142o 1 minut\u0119<br \/>\nw przypadku klejenia powierzchni bardzo porowatych pokry\u0107 obydwie powierzchnie obfit\u0105 warstw\u0105 kleju<\/p>\n<p>&#8211; pojemno\u015b\u0107 400ML<\/p>\n<p><strong>Dane dystrybutora:<\/strong><\/p>\n<p>W\u00fcrth Polska Sp. z o.o.<br data-start=\"1066\" data-end=\"1069\" \/>ul. Posag 7 Panien 1<br data-start=\"1089\" data-end=\"1092\" \/>02\u2011495 Warszawa<\/p>\n<p data-start=\"1953\" data-end=\"2006\"><strong data-start=\"1959\" data-end=\"2006\">Informacje o niebezpiecze\u0144stwach\u00a0<\/strong><\/p>\n<p data-start=\"2008\" data-end=\"2074\"><strong data-start=\"2008\" data-end=\"2018\">Uwaga:<\/strong> Produkt przeznaczony g\u0142\u00f3wnie do u\u017cytku profesjonalnego.<\/p>\n<p data-start=\"2076\" data-end=\"2105\">&#x1f525; Potencjalne zagro\u017cenia<\/p>\n<ul data-start=\"2106\" data-end=\"2329\">\n<li data-start=\"2106\" data-end=\"2210\">\n<p data-start=\"2108\" data-end=\"2210\">Produkt <strong data-start=\"2116\" data-end=\"2130\">\u0142atwopalny<\/strong> \u2013 zawiera aerozol i substancje palne. <span class=\"\" data-state=\"closed\"><span class=\"ms-1 inline-flex max-w-full items-center relative top-[-0.094rem] animate-[show_150ms_ease-in]\" data-testid=\"webpage-citation-pill\"><a class=\"flex h-4.5 overflow-hidden rounded-xl px-2 text-[9px] font-medium transition-colors duration-150 ease-in-out text-token-text-secondary! bg-[#F4F4F4]! dark:bg-[#303030]!\" href=\"https:\/\/www.pundmann.de\/WUeRTH-Power-Plus-Spray-Adhesive-400-ml-strong-and-universal?utm_source=chatgpt.com\" target=\"_blank\" rel=\"noopener\"><span class=\"relative start-0 bottom-0 flex h-full w-full items-center\"><span class=\"flex h-4 w-full items-center justify-between overflow-hidden\"><span class=\"max-w-[15ch] grow truncate overflow-hidden text-center\">Pundmann &#8211; Mobile Comfort Solutions<\/span><\/span><\/span><\/a><\/span><\/span><\/p>\n<\/li>\n<li data-start=\"2211\" data-end=\"2260\">\n<p data-start=\"2213\" data-end=\"2260\">Mo\u017ce powodowa\u0107 <strong data-start=\"2228\" data-end=\"2257\">podra\u017cnienie oczu i sk\u00f3ry<\/strong>.<\/p>\n<\/li>\n<li data-start=\"2261\" data-end=\"2329\">\n<p data-start=\"2263\" data-end=\"2329\">Wdychanie par mo\u017ce prowadzi\u0107 do <strong data-start=\"2295\" data-end=\"2326\">senno\u015bci lub zawrot\u00f3w g\u0142owy<\/strong>.<\/p>\n<\/li>\n<\/ul>\n<p data-start=\"2331\" data-end=\"2450\"><em data-start=\"2331\" data-end=\"2450\">(Dok\u0142adne klasyfikacje H\/P znajduj\u0105 si\u0119 w Karcie Charakterystyki SDS dost\u0119pnej na \u017c\u0105danie od dystrybutora\/producena.)<\/em><\/p>\n<p data-start=\"2452\" data-end=\"2478\">&#x1f6e1;&#xfe0f; \u015arodki ostro\u017cno\u015bci<\/p>\n<ul data-start=\"2479\" data-end=\"2854\">\n<li data-start=\"2479\" data-end=\"2529\">\n<p data-start=\"2481\" data-end=\"2529\">Stosowa\u0107 <strong data-start=\"2490\" data-end=\"2526\">w dobrze wentylowanych miejscach<\/strong>.<\/p>\n<\/li>\n<li data-start=\"2530\" data-end=\"2610\">\n<p data-start=\"2532\" data-end=\"2610\">Unika\u0107 kontaktu z <strong data-start=\"2550\" data-end=\"2568\">oczami i sk\u00f3r\u0105<\/strong> \u2013 stosowa\u0107 r\u0119kawice i okulary ochronne.<\/p>\n<\/li>\n<li data-start=\"2611\" data-end=\"2683\">\n<p data-start=\"2613\" data-end=\"2683\">Trzyma\u0107 z dala od <strong data-start=\"2631\" data-end=\"2680\">otwartego ognia, iskier i wysokich temperatur<\/strong>.<\/p>\n<\/li>\n<li data-start=\"2684\" data-end=\"2760\">\n<p data-start=\"2686\" data-end=\"2760\"><strong data-start=\"2686\" data-end=\"2728\">Nie przek\u0142uwa\u0107 ani nie pali\u0107 pojemnika<\/strong>, r\u00f3wnie\u017c po jego opr\u00f3\u017cnieniu.<\/p>\n<\/li>\n<li data-start=\"2761\" data-end=\"2854\">\n<p data-start=\"2763\" data-end=\"2854\">Przechowywa\u0107 w <strong data-start=\"2778\" data-end=\"2826\">oryginalnym, szczelnie zamkni\u0119tym opakowaniu<\/strong>, <strong data-start=\"2828\" data-end=\"2853\">poza zasi\u0119giem dzieci<\/strong>.<\/p>\n<\/li>\n<\/ul>\n<p data-start=\"2856\" data-end=\"2945\">&#x1f4c4; <strong data-start=\"2859\" data-end=\"2910\">SDS (Karta Charakterystyki) dost\u0119pna na \u017c\u0105danie<\/strong> zgodnie z rozporz\u0105dzeniem REACH.<\/p>\n","protected":false},"excerpt":{"rendered":"<p>Adhesivo para tapicer\u00edas WURTH Adhesivo en spray para la fijaci\u00f3n permanente y no permanente de tapicer\u00edas, alfombras, revestimiento del techo. Forma una uni\u00f3n el\u00e1stica. De fraguado r\u00e1pido, resistente al agua y a la humedad. Para fijaciones permanentes y no permanentes. No atraviesa el material. Caracter\u00edsticas : Distancia de pulverizaci\u00f3n m\u00edn.\/m\u00e1x: 15-25 cm Contenido: 400 ml Contenido: 288 g Conservaci\u00f3n desde la fecha de fabricaci\u00f3n: 12 meses No...<\/p>","protected":false},"featured_media":7066,"comment_status":"open","ping_status":"closed","template":"","meta":{"_acf_changed":false,"_kad_blocks_custom_css":"","_kad_blocks_head_custom_js":"","_kad_blocks_body_custom_js":"","_kad_blocks_footer_custom_js":"","_kad_post_transparent":"default","_kad_post_title":"","_kad_post_layout":"default","_kad_post_sidebar_id":"","_kad_post_content_style":"default","_kad_post_vertical_padding":"default","_kad_post_feature":"","_kad_post_feature_position":"","_kad_post_header":false,"_kad_post_footer":false,"_kad_post_classname":""},"product_brand":[71],"product_cat":[80],"product_tag":[],"class_list":{"0":"post-1661","1":"product","2":"type-product","3":"status-publish","4":"has-post-thumbnail","6":"product_brand-wurth","7":"product_cat-kleje-do-podsufitek-samochodowych","9":"first","10":"instock","11":"shipping-taxable","12":"purchasable","13":"product-type-simple","14":"entry","15":"content-bg","16":"loop-entry"},"acf":[],"taxonomy_info":{"product_brand":[{"value":71,"label":"WURTH"}],"product_cat":[{"value":80,"label":"KLEJE"}]},"featured_image_src_large":["https:\/\/modeco-sklep.pl\/wp-content\/uploads\/2025\/06\/KLEJ-NATRYSKOWY-MOCNY-PLUS-WURTH-400-ml-Producent-Wurth-1024x768.jpeg",1024,768,true],"author_info":[],"comment_info":0,"_links":{"self":[{"href":"https:\/\/modeco-sklep.pl\/es\/wp-json\/wp\/v2\/product\/1661","targetHints":{"allow":["GET"]}}],"collection":[{"href":"https:\/\/modeco-sklep.pl\/es\/wp-json\/wp\/v2\/product"}],"about":[{"href":"https:\/\/modeco-sklep.pl\/es\/wp-json\/wp\/v2\/types\/product"}],"replies":[{"embeddable":true,"href":"https:\/\/modeco-sklep.pl\/es\/wp-json\/wp\/v2\/comments?post=1661"}],"wp:featuredmedia":[{"embeddable":true,"href":"https:\/\/modeco-sklep.pl\/es\/wp-json\/wp\/v2\/media\/7066"}],"wp:attachment":[{"href":"https:\/\/modeco-sklep.pl\/es\/wp-json\/wp\/v2\/media?parent=1661"}],"wp:term":[{"taxonomy":"product_brand","embeddable":true,"href":"https:\/\/modeco-sklep.pl\/es\/wp-json\/wp\/v2\/product_brand?post=1661"},{"taxonomy":"product_cat","embeddable":true,"href":"https:\/\/modeco-sklep.pl\/es\/wp-json\/wp\/v2\/product_cat?post=1661"},{"taxonomy":"product_tag","embeddable":true,"href":"https:\/\/modeco-sklep.pl\/es\/wp-json\/wp\/v2\/product_tag?post=1661"}],"curies":[{"name":"wp","href":"https:\/\/api.w.org\/{rel}","templated":true}]}}