{"id":1658,"date":"2025-06-19T13:02:08","date_gmt":"2025-06-19T11:02:08","guid":{"rendered":"https:\/\/modeco-sklep.pl\/?post_type=product&#038;p=1658"},"modified":"2025-12-28T13:22:44","modified_gmt":"2025-12-28T12:22:44","slug":"adhesivo-permatex-para-el-techo-interior-del-coche","status":"publish","type":"product","link":"https:\/\/modeco-sklep.pl\/es\/klej-permatex-do-podsufitki-samochodowej\/","title":{"rendered":"Cola PERMATEX"},"content":{"rendered":"<p><strong>ADHESIVO PARA TAPICER\u00cdA PERMATEX<\/strong><\/p>\n<p>Adhesivo en aerosol destinado a la fijaci\u00f3n permanente y temporal de tapicer\u00edas, alfombrillas y revestimientos interiores. Crea una uni\u00f3n el\u00e1stica. De secado r\u00e1pido, resistente al agua y a la humedad. Para pegados permanentes y temporales. No traspasa el material.<\/p>\n<p>Propiedades:<\/p>\n<p>se une r\u00e1pidamente creando una uni\u00f3n flexible<br \/>\nresistente al agua y la humedad<br \/>\ndependiendo de las necesidades, el adhesivo une de forma permanente o temporal<br \/>\nno traspasa el material<br \/>\npega superficies lisas y porosas<br \/>\nSeguro para todos los materiales: no se contrae.<br \/>\nno contiene disolventes agresivos<\/p>\n<p>Aplicaci\u00f3n:<\/p>\n<p>para pegar materiales como: papel, metal, tejidos, cuero, pl\u00e1sticos, goma, cart\u00f3n, fieltro, corcho, vidrio, madera, l\u00e1mina<\/p>\n<p>Modo de empleo:<\/p>\n<p>limpiar y desengrasar las superficies a encolar<br \/>\nproteger las zonas adyacentes contra la suciedad indeseada causada por el pegamento<br \/>\nagitar en\u00e9rgicamente el envase<br \/>\nTemperatura recomendada del producto: aproximadamente 18 \u00baC.<\/p>\n<p>Pegado no permanente<\/p>\n<p>cubrir una superficie con pegamento<br \/>\ndespu\u00e9s de unos segundos, coloque el segundo elemento<br \/>\npresionar y dejar secar durante aproximadamente un minuto<br \/>\nPara cambiar la posici\u00f3n del elemento pegado, agarre el elemento por la esquina, desp\u00e9guelo y vuelva a colocarlo.<\/p>\n<p>Pegado permanente<\/p>\n<p>Cubra ambas superficies a pegar con una fina capa de pegamento.<br \/>\nesperar aproximadamente un minuto y unir ambos elementos<br \/>\npresionar y dejar secar durante aproximadamente 1 minuto<br \/>\nEn caso de pegar superficies muy porosas, aplicar una capa generosa de adhesivo en ambas superficies.<\/p>\n<p>\u2013 capacidad 297 g<\/p>\n<p><strong data-start=\"1641\" data-end=\"1678\">\u00a0Distribuidor en Polonia:<\/strong><br data-start=\"1678\" data-end=\"1681\" \/>Amtra Sp. z o.o.<br data-start=\"1701\" data-end=\"1704\" \/>Schons 3, 41-200 Sosnowiec, Polonia<br data-start=\"1739\" data-end=\"1742\" \/>\ud83d\udce7 <a class=\"decorated-link cursor-pointer\" rel=\"noopener\" data-start=\"1745\" data-end=\"1759\">amtra@amtra.pl<\/a><\/p>\n<h5 data-start=\"1637\" data-end=\"1702\">Informaci\u00f3n sobre peligros<\/h5>\n<p data-start=\"1704\" data-end=\"1802\">Precauci\u00f3n: el producto puede presentar riesgos, por lo que debe leerse la informaci\u00f3n que figura a continuaci\u00f3n antes de utilizarlo.<\/p>\n<p data-start=\"1804\" data-end=\"1833\">\ud83d\udd25 Riesgos potenciales<\/p>\n<ul data-start=\"1834\" data-end=\"2103\">\n<li data-start=\"1834\" data-end=\"1871\">\n<p data-start=\"1836\" data-end=\"1871\">Producto inflamable (aerosol).<\/p>\n<\/li>\n<li data-start=\"1872\" data-end=\"1921\">\n<p data-start=\"1874\" data-end=\"1921\">Puede provocar irritaci\u00f3n cut\u00e1nea y ocular.<\/p>\n<\/li>\n<li data-start=\"1922\" data-end=\"1988\">\n<p data-start=\"1924\" data-end=\"1988\">La inhalaci\u00f3n de vapores puede provocar somnolencia o v\u00e9rtigo.<\/p>\n<\/li>\n<li data-start=\"1989\" data-end=\"2103\">\n<p data-start=\"1991\" data-end=\"2103\">Recipiente presurizado: puede reventar si se expone a altas temperaturas.<\/p>\n<\/li>\n<\/ul>\n<p data-start=\"2105\" data-end=\"2131\">\ud83d\udee1\ufe0f Precauciones<\/p>\n<ul data-start=\"2132\" data-end=\"2584\">\n<li data-start=\"2132\" data-end=\"2188\">\n<p data-start=\"2134\" data-end=\"2188\">Utilizar en zonas bien ventiladas.<\/p>\n<\/li>\n<li data-start=\"2189\" data-end=\"2250\">\n<p data-start=\"2191\" data-end=\"2250\">Mantener alejado del fuego, chispas y fuentes de ignici\u00f3n.<\/p>\n<\/li>\n<li data-start=\"2251\" data-end=\"2313\">\n<p data-start=\"2253\" data-end=\"2313\">No perfore ni incinere el envase, ni siquiera despu\u00e9s de su uso.<\/p>\n<\/li>\n<li data-start=\"2314\" data-end=\"2414\">\n<p data-start=\"2316\" data-end=\"2414\">Evitar el contacto con los ojos y la piel - utilizar equipo de protecci\u00f3n adecuado (guantes, gafas).<\/p>\n<\/li>\n<li data-start=\"2415\" data-end=\"2482\">\n<p data-start=\"2417\" data-end=\"2482\">En caso de contacto con los ojos, lavar con agua durante varios minutos.<\/p>\n<\/li>\n<li data-start=\"2483\" data-end=\"2584\">\n<p data-start=\"2485\" data-end=\"2584\">Conservar en lugar fresco, fuera del alcance de los ni\u00f1os.<\/p>\n<\/li>\n<\/ul>\n<p data-start=\"2586\" data-end=\"2613\">\ud83d\udcc4 Informaci\u00f3n adicional<\/p>\n<ul data-start=\"2614\" data-end=\"2784\">\n<li data-start=\"2614\" data-end=\"2699\">\n<p data-start=\"2616\" data-end=\"2699\">El producto contiene disolventes y aerosoles - util\u00edcelo seg\u00fan las instrucciones.<\/p>\n<\/li>\n<li data-start=\"2700\" data-end=\"2784\">\n<p data-start=\"2702\" data-end=\"2784\">Ficha de datos de seguridad (FDS) disponible solicit\u00e1ndola al distribuidor o al fabricante.<\/p>\n<\/li>\n<\/ul>\n<p>&nbsp;<\/p>","protected":false},"excerpt":{"rendered":"<p>PERMATEX cola para tapicer\u00edas Adhesivo en spray para la fijaci\u00f3n permanente y no permanente de tapicer\u00edas, alfombras, revestimientos de techos. Forma una uni\u00f3n el\u00e1stica. Fraguado r\u00e1pido, resistente al agua y a la humedad. Para uniones permanentes y no permanentes. No atraviesa el material. Propiedades : se adhiere r\u00e1pidamente formando una uni\u00f3n flexible resistente al agua y a la humedad para un pegado permanente o temporal seg\u00fan necesidad....<\/p>","protected":false},"featured_media":1660,"comment_status":"open","ping_status":"closed","template":"","meta":{"_acf_changed":false,"_kad_blocks_custom_css":"","_kad_blocks_head_custom_js":"","_kad_blocks_body_custom_js":"","_kad_blocks_footer_custom_js":"","_kad_post_transparent":"default","_kad_post_title":"","_kad_post_layout":"default","_kad_post_sidebar_id":"","_kad_post_content_style":"default","_kad_post_vertical_padding":"default","_kad_post_feature":"","_kad_post_feature_position":"","_kad_post_header":false,"_kad_post_footer":false,"_kad_post_classname":""},"product_brand":[66],"product_cat":[80],"product_tag":[],"class_list":{"0":"post-1658","1":"product","2":"type-product","3":"status-publish","4":"has-post-thumbnail","6":"product_brand-permatex","7":"product_cat-kleje-do-podsufitek-samochodowych","9":"first","10":"instock","11":"shipping-taxable","12":"purchasable","13":"product-type-simple","14":"entry","15":"content-bg","16":"loop-entry"},"acf":[],"taxonomy_info":{"product_brand":[{"value":66,"label":"PERMATEX"}],"product_cat":[{"value":80,"label":"KLEJE"}]},"featured_image_src_large":["https:\/\/modeco-sklep.pl\/wp-content\/uploads\/2025\/06\/permatex-2.jpg",800,785,false],"author_info":[],"comment_info":0,"_links":{"self":[{"href":"https:\/\/modeco-sklep.pl\/es\/wp-json\/wp\/v2\/product\/1658","targetHints":{"allow":["GET"]}}],"collection":[{"href":"https:\/\/modeco-sklep.pl\/es\/wp-json\/wp\/v2\/product"}],"about":[{"href":"https:\/\/modeco-sklep.pl\/es\/wp-json\/wp\/v2\/types\/product"}],"replies":[{"embeddable":true,"href":"https:\/\/modeco-sklep.pl\/es\/wp-json\/wp\/v2\/comments?post=1658"}],"wp:featuredmedia":[{"embeddable":true,"href":"https:\/\/modeco-sklep.pl\/es\/wp-json\/wp\/v2\/media\/1660"}],"wp:attachment":[{"href":"https:\/\/modeco-sklep.pl\/es\/wp-json\/wp\/v2\/media?parent=1658"}],"wp:term":[{"taxonomy":"product_brand","embeddable":true,"href":"https:\/\/modeco-sklep.pl\/es\/wp-json\/wp\/v2\/product_brand?post=1658"},{"taxonomy":"product_cat","embeddable":true,"href":"https:\/\/modeco-sklep.pl\/es\/wp-json\/wp\/v2\/product_cat?post=1658"},{"taxonomy":"product_tag","embeddable":true,"href":"https:\/\/modeco-sklep.pl\/es\/wp-json\/wp\/v2\/product_tag?post=1658"}],"curies":[{"name":"wp","href":"https:\/\/api.w.org\/{rel}","templated":true}]}}