{"id":1654,"date":"2025-06-19T12:51:53","date_gmt":"2025-06-19T10:51:53","guid":{"rendered":"https:\/\/modeco-sklep.pl\/?post_type=product&#038;p=1654"},"modified":"2026-04-09T09:37:26","modified_gmt":"2026-04-09T07:37:26","slug":"adhesivo-forch-k146-adhesivo-para-el-techo-interior-del-coche","status":"publish","type":"product","link":"https:\/\/modeco-sklep.pl\/es\/klej-forch-k146-klej-do-podsufitki-w-samochodzie\/","title":{"rendered":"ADHESIVO FORCH K146"},"content":{"rendered":"<p><strong>ADHESIVO PARA TAPICER\u00cdA DE TEJADOS DE COCHES FORCH K146<\/strong><\/p>\n<p>\u2013 pegamento resistente a altas temperaturas<\/p>\n<p>\u2013 Adhesivo con una fuerza de pegado extremadamente alta y r\u00e1pida.<\/p>\n<p>\u2013 ideal para su uso en la industria automovil\u00edstica para pegar el techo interior<\/p>\n<p>\u2013 Adhesivo de secado r\u00e1pido para materiales ligeros que forma una capa fina e incolora.<\/p>\n<p>\u2013 Boquilla especial de 6 grados que aplica el adhesivo en un rango que va desde un punto hasta un abanico.<\/p>\n<p>\u2013 color: amarillo<\/p>\n<p>\u2013 capacidad de 400 ml<\/p>\n<p>Rendimiento: 2 adhesivos por cada revestimiento interior.<\/p>","protected":false},"excerpt":{"rendered":"<p>FORCH K146 pegamento para tapicer\u00eda de coches - pegamento resistente a altas temperaturas - pegamento con una fuerza de uni\u00f3n r\u00e1pida extremadamente alta - ideal para su uso en la industria del autom\u00f3vil al pegar techos - pegamento de secado r\u00e1pido para materiales ligeros que forma una fina capa transparente - boquilla pulverizadora especial de 6 etapas aplica el pegamento desde el punto hasta el llamado ....<\/p>","protected":false},"featured_media":1655,"comment_status":"open","ping_status":"closed","template":"","meta":{"_acf_changed":false,"_kad_blocks_custom_css":"","_kad_blocks_head_custom_js":"","_kad_blocks_body_custom_js":"","_kad_blocks_footer_custom_js":"","_kad_post_transparent":"default","_kad_post_title":"","_kad_post_layout":"default","_kad_post_sidebar_id":"","_kad_post_content_style":"default","_kad_post_vertical_padding":"default","_kad_post_feature":"","_kad_post_feature_position":"","_kad_post_header":false,"_kad_post_footer":false,"_kad_post_classname":""},"product_brand":[21],"product_cat":[80],"product_tag":[],"class_list":{"0":"post-1654","1":"product","2":"type-product","3":"status-publish","4":"has-post-thumbnail","6":"product_brand-forch","7":"product_cat-kleje-do-podsufitek-samochodowych","9":"first","10":"outofstock","11":"shipping-taxable","12":"purchasable","13":"product-type-simple","14":"entry","15":"content-bg","16":"loop-entry"},"acf":[],"taxonomy_info":{"product_brand":[{"value":21,"label":"FORCH"}],"product_cat":[{"value":80,"label":"KLEJE"}]},"featured_image_src_large":["https:\/\/modeco-sklep.pl\/wp-content\/uploads\/2025\/06\/K146.jpeg",922,873,false],"author_info":[],"comment_info":0,"_links":{"self":[{"href":"https:\/\/modeco-sklep.pl\/es\/wp-json\/wp\/v2\/product\/1654","targetHints":{"allow":["GET"]}}],"collection":[{"href":"https:\/\/modeco-sklep.pl\/es\/wp-json\/wp\/v2\/product"}],"about":[{"href":"https:\/\/modeco-sklep.pl\/es\/wp-json\/wp\/v2\/types\/product"}],"replies":[{"embeddable":true,"href":"https:\/\/modeco-sklep.pl\/es\/wp-json\/wp\/v2\/comments?post=1654"}],"wp:featuredmedia":[{"embeddable":true,"href":"https:\/\/modeco-sklep.pl\/es\/wp-json\/wp\/v2\/media\/1655"}],"wp:attachment":[{"href":"https:\/\/modeco-sklep.pl\/es\/wp-json\/wp\/v2\/media?parent=1654"}],"wp:term":[{"taxonomy":"product_brand","embeddable":true,"href":"https:\/\/modeco-sklep.pl\/es\/wp-json\/wp\/v2\/product_brand?post=1654"},{"taxonomy":"product_cat","embeddable":true,"href":"https:\/\/modeco-sklep.pl\/es\/wp-json\/wp\/v2\/product_cat?post=1654"},{"taxonomy":"product_tag","embeddable":true,"href":"https:\/\/modeco-sklep.pl\/es\/wp-json\/wp\/v2\/product_tag?post=1654"}],"curies":[{"name":"wp","href":"https:\/\/api.w.org\/{rel}","templated":true}]}}