{"id":1652,"date":"2025-06-19T12:22:06","date_gmt":"2025-06-19T10:22:06","guid":{"rendered":"https:\/\/modeco-sklep.pl\/?post_type=product&#038;p=1652"},"modified":"2026-03-05T09:15:25","modified_gmt":"2026-03-05T08:15:25","slug":"adhesivo-paniker-para-techos-de-automoviles","status":"publish","type":"product","link":"https:\/\/modeco-sklep.pl\/es\/klej-paniker-do-podsufitek-samochodowych\/","title":{"rendered":"Adhesivo PANIKER 5L"},"content":{"rendered":"<p><strong>Adhesivo especial para techos de autom\u00f3viles PANIKER<\/strong><\/p>\n<p>\u2013 pegamento resistente a altas temperaturas<br \/>\n\u2013 Adhesivo con una fuerza de pegado extremadamente alta, para todos aquellos casos en los que los adhesivos normales fallan.<br \/>\n\u2013 para su uso en la industria automovil\u00edstica en el pegado de techos interiores de autom\u00f3viles<br \/>\n\u2013 aplicaci\u00f3n con pistola<br \/>\n\u2013 resistente a altas temperaturas + 130 grados cent\u00edgrados<br \/>\n\u2013 capacidad de 5 litros<\/p>\n<p>&nbsp;<\/p>\n<p><strong>Par\u00e1metros de pulverizaci\u00f3n:<\/strong><\/p>\n<p>Se recomienda utilizar una pistola con una boquilla ligeramente mayor que la est\u00e1ndar, de aproximadamente 2,0-2,2 mm. El producto debe tratarse como cualquier otro adhesivo de contacto, no requiere ciclos de curado especiales.<\/p>\n<p>Principios b\u00e1sicos para el uso de adhesivos de contacto de alta temperatura<\/p>\n<p>Almacenamiento y preparaci\u00f3n: Mantener el bid\u00f3n bien cerrado, a una temperatura de entre 15 y 25 \u00b0C. Agitar o mezclar bien antes de usar.<\/p>\n<p>Preparaci\u00f3n de la superficie: Eliminar los restos de espuma y polvo. La superficie debe estar seca, limpia y estable.<\/p>\n<p>Aplicaci\u00f3n por ambas caras: El adhesivo de contacto debe distribuirse uniformemente por ambas superficies, tanto por la carcasa del techo interior como por la tela.<\/p>\n<p>Consumo: El consumo aproximado es de 0,5-1 l por metro lineal de tejado. Pulverizar desde una distancia de 40-50 cm, pasando la pistola en bandas uniformes y superpuestas.<\/p>\n<p>Tiempo abierto: Espere hasta que el pegamento se vuelva pegajoso, pero no forme hilos al tocarlo con el dedo.<\/p>\n<p>Uni\u00f3n y presi\u00f3n: Una las piezas solo una vez. Presione ligeramente o pase con el rodillo; no ser\u00e1 posible volver a posicionarlas posteriormente.<\/p>\n<p>Tiempo de endurecimiento: El panel terminado debe permanecer en posici\u00f3n horizontal (con la parte encolada hacia arriba) durante al menos 12 horas en un lugar fresco antes de su instalaci\u00f3n en el interior del veh\u00edculo.<\/p>\n<p>Seguridad: Asegurar una buena ventilaci\u00f3n y utilizar equipos de protecci\u00f3n personal est\u00e1ndar durante la pulverizaci\u00f3n.<\/p>\n<p>&nbsp;<\/p>\n<p><strong data-start=\"413\" data-end=\"427\">Fabricante:<\/strong><\/p>\n<p>Paniker S.L.U.<br data-start=\"479\" data-end=\"482\" \/>Crta. Santa Creu de Calafell, 68,<br data-start=\"515\" data-end=\"518\" \/>08830 Sant Boi de Llobregat (Barcelona), Espa\u00f1a<\/p>\n<p><strong>Informaci\u00f3n sobre peligros\u00a0<\/strong><\/p>\n<ul>\n<li>Nota: Producto destinado a uso profesional.<\/li>\n<li>Riesgos potenciales<\/li>\n<li>El producto puede irritar la piel y los ojos.<\/li>\n<li>La inhalaci\u00f3n prolongada de vapores puede ser nociva y provocar somnolencia o v\u00e9rtigo.<\/li>\n<li>Contiene disolventes inflamables - riesgo de incendio en contacto con fuego o chispas.<\/li>\n<li>Precauciones<\/li>\n<li>Utilizar s\u00f3lo en zonas bien ventiladas.<\/li>\n<li>Evitar el contacto con los ojos y la piel - utilizar guantes y gafas de protecci\u00f3n.<\/li>\n<li>No fumar y mantener alejado de llamas, chispas y superficies calientes.<\/li>\n<li>Conservar en el envase original cerrado, en lugar fresco y seco.<\/li>\n<li>Mantener fuera del alcance de los ni\u00f1os.<\/li>\n<li>Informaci\u00f3n complementaria<\/li>\n<li>Producto cubierto por REACH y CLP (CE 1272\/2008).<\/li>\n<li>Ficha de datos de seguridad (FDS) disponible solicit\u00e1ndola al fabricante.<\/li>\n<\/ul>\n<p>&nbsp;<\/p>","protected":false},"excerpt":{"rendered":"<p>PANIKER adhesivo especial para techos de veh\u00edculos - adhesivo resistente a altas temperaturas - adhesivo con una fuerza adhesiva extremadamente alta donde los adhesivos convencionales fallan - para uso en la industria del autom\u00f3vil para pegar techos de veh\u00edculos - aplicaci\u00f3n con pistola pulverizadora - resistente a altas temperaturas hasta + 130 grados cent\u00edgrados - capacidad 5L Par\u00e1metros de pulverizaci\u00f3n:...<\/p>","protected":false},"featured_media":1653,"comment_status":"open","ping_status":"closed","template":"","meta":{"_acf_changed":false,"_kad_blocks_custom_css":"","_kad_blocks_head_custom_js":"","_kad_blocks_body_custom_js":"","_kad_blocks_footer_custom_js":"","_kad_post_transparent":"default","_kad_post_title":"","_kad_post_layout":"default","_kad_post_sidebar_id":"","_kad_post_content_style":"default","_kad_post_vertical_padding":"default","_kad_post_feature":"","_kad_post_feature_position":"","_kad_post_header":false,"_kad_post_footer":false,"_kad_post_classname":""},"product_brand":[92],"product_cat":[80],"product_tag":[],"class_list":{"0":"post-1652","1":"product","2":"type-product","3":"status-publish","4":"has-post-thumbnail","6":"product_brand-paniker","7":"product_cat-kleje-do-podsufitek-samochodowych","9":"first","10":"instock","11":"shipping-taxable","12":"purchasable","13":"product-type-simple","14":"entry","15":"content-bg","16":"loop-entry"},"acf":[],"taxonomy_info":{"product_brand":[{"value":92,"label":"PANIKER"}],"product_cat":[{"value":80,"label":"KLEJE"}]},"featured_image_src_large":["https:\/\/modeco-sklep.pl\/wp-content\/uploads\/2025\/06\/paniker-sonocel-1-1024x1024.jpg",1024,1024,true],"author_info":[],"comment_info":0,"_links":{"self":[{"href":"https:\/\/modeco-sklep.pl\/es\/wp-json\/wp\/v2\/product\/1652","targetHints":{"allow":["GET"]}}],"collection":[{"href":"https:\/\/modeco-sklep.pl\/es\/wp-json\/wp\/v2\/product"}],"about":[{"href":"https:\/\/modeco-sklep.pl\/es\/wp-json\/wp\/v2\/types\/product"}],"replies":[{"embeddable":true,"href":"https:\/\/modeco-sklep.pl\/es\/wp-json\/wp\/v2\/comments?post=1652"}],"wp:featuredmedia":[{"embeddable":true,"href":"https:\/\/modeco-sklep.pl\/es\/wp-json\/wp\/v2\/media\/1653"}],"wp:attachment":[{"href":"https:\/\/modeco-sklep.pl\/es\/wp-json\/wp\/v2\/media?parent=1652"}],"wp:term":[{"taxonomy":"product_brand","embeddable":true,"href":"https:\/\/modeco-sklep.pl\/es\/wp-json\/wp\/v2\/product_brand?post=1652"},{"taxonomy":"product_cat","embeddable":true,"href":"https:\/\/modeco-sklep.pl\/es\/wp-json\/wp\/v2\/product_cat?post=1652"},{"taxonomy":"product_tag","embeddable":true,"href":"https:\/\/modeco-sklep.pl\/es\/wp-json\/wp\/v2\/product_tag?post=1652"}],"curies":[{"name":"wp","href":"https:\/\/api.w.org\/{rel}","templated":true}]}}