{"id":1479,"date":"2025-06-12T18:08:43","date_gmt":"2025-06-12T18:08:43","guid":{"rendered":"https:\/\/modeco.mywebwork.net\/produkt\/nappa-tex-diamond-design-nic-biala\/"},"modified":"2026-01-08T23:40:02","modified_gmt":"2026-01-08T22:40:02","slug":"nappa-tex-diseno-diamante-nada-blanco","status":"publish","type":"product","link":"https:\/\/modeco-sklep.pl\/es\/nappa-tex-diamond-design-nic-biala\/","title":{"rendered":"NAPPA-TEX DIAMOND DESIGN \/ HILO BLANCO"},"content":{"rendered":"<div class=\"widoczna tz_opis GlownyOpisProduktu\">\n<h3>ECOL\u00d3GICA NAPPA-TEX  piel sint\u00e9tica de alta calidad<\/h3>\n<p>La piel ecol\u00f3gica es un tejido recubierto ideal para la tapicer\u00eda de autom\u00f3viles, incluidos los asientos y los paneles laterales de las puertas.<\/p>\n<h4><strong>Caracter\u00edsticas del producto:<\/strong><\/h4>\n<p>\u2714 Material de napa de alta calidad con una textura suave.<br \/>\n\u2714 Laminado sobre espuma de 5 mm de espesor<br \/>\n\u2714 Tejido acolchado con hilo<\/p>\n<h4><strong>Detalles:<\/strong><\/h4>\n<p>Al comprar 1 unidad, recibir\u00e1s 1 metro lineal de tela (100 cm x 137 cm).<br \/>\nAncho del material: 137 cm<\/p>\n<\/div>","protected":false},"excerpt":{"rendered":"<p>NAPPA-TEX Piel sint\u00e9tica de alta calidad La ecopiel es un tejido recubierto ideal para la tapicer\u00eda de autom\u00f3viles, incluidos los asientos y los laterales de las puertas. Caracter\u00edsticas del producto: \u2714 Tejido Nappa de alta calidad con textura suave \u2714 Laminado sobre espuma de 5 mm de grosor \u2714 Tejido acolchado con hilo Detalles: Al comprar 1 art\u00edculo, recibe 1 metro lineal de tejido (100 cm x...<\/p>","protected":false},"featured_media":1077,"comment_status":"closed","ping_status":"closed","template":"","meta":{"_acf_changed":false,"_kad_blocks_custom_css":"","_kad_blocks_head_custom_js":"","_kad_blocks_body_custom_js":"","_kad_blocks_footer_custom_js":"","_kad_post_transparent":"default","_kad_post_title":"","_kad_post_layout":"default","_kad_post_sidebar_id":"","_kad_post_content_style":"default","_kad_post_vertical_padding":"default","_kad_post_feature":"","_kad_post_feature_position":"","_kad_post_header":false,"_kad_post_footer":false,"_kad_post_classname":""},"product_brand":[17],"product_cat":[45],"product_tag":[],"class_list":{"0":"post-1479","1":"product","2":"type-product","3":"status-publish","4":"has-post-thumbnail","6":"product_brand-modeco","7":"product_cat-skory-syntetyczne-pikowane-tkaniny-pikowane","9":"first","10":"instock","11":"purchasable","12":"product-type-simple","13":"entry","14":"content-bg","15":"loop-entry"},"acf":[],"taxonomy_info":{"product_brand":[{"value":17,"label":"MODECO"}],"product_cat":[{"value":45,"label":"SK\u00d3RY SYNTETYCZNE PIKOWANE"}]},"featured_image_src_large":["https:\/\/modeco-sklep.pl\/wp-content\/uploads\/2025\/06\/20250412_152519-1024x683.jpg",1024,683,true],"author_info":[],"comment_info":0,"_links":{"self":[{"href":"https:\/\/modeco-sklep.pl\/es\/wp-json\/wp\/v2\/product\/1479","targetHints":{"allow":["GET"]}}],"collection":[{"href":"https:\/\/modeco-sklep.pl\/es\/wp-json\/wp\/v2\/product"}],"about":[{"href":"https:\/\/modeco-sklep.pl\/es\/wp-json\/wp\/v2\/types\/product"}],"replies":[{"embeddable":true,"href":"https:\/\/modeco-sklep.pl\/es\/wp-json\/wp\/v2\/comments?post=1479"}],"wp:featuredmedia":[{"embeddable":true,"href":"https:\/\/modeco-sklep.pl\/es\/wp-json\/wp\/v2\/media\/1077"}],"wp:attachment":[{"href":"https:\/\/modeco-sklep.pl\/es\/wp-json\/wp\/v2\/media?parent=1479"}],"wp:term":[{"taxonomy":"product_brand","embeddable":true,"href":"https:\/\/modeco-sklep.pl\/es\/wp-json\/wp\/v2\/product_brand?post=1479"},{"taxonomy":"product_cat","embeddable":true,"href":"https:\/\/modeco-sklep.pl\/es\/wp-json\/wp\/v2\/product_cat?post=1479"},{"taxonomy":"product_tag","embeddable":true,"href":"https:\/\/modeco-sklep.pl\/es\/wp-json\/wp\/v2\/product_tag?post=1479"}],"curies":[{"name":"wp","href":"https:\/\/api.w.org\/{rel}","templated":true}]}}