{"id":1469,"date":"2025-06-12T18:08:37","date_gmt":"2025-06-12T18:08:37","guid":{"rendered":"https:\/\/modeco.mywebwork.net\/produkt\/softex-avon-133-cm-grafitowa\/"},"modified":"2026-02-11T11:31:05","modified_gmt":"2026-02-11T10:31:05","slug":"autoadhesivo-avon-142-cm-antracita","status":"publish","type":"product","link":"https:\/\/modeco-sklep.pl\/es\/samoprzylepny-avon-142-cm-antracytowy\/","title":{"rendered":"AUTOADHESIVO AVON (142 CM) - ANTRACITA"},"content":{"rendered":"<h3>REVESTIMIENTO AUTOADHESIVO PARA EL TECHO Y LOS LADOS DEL COCHE<\/h3>\n<p data-start=\"0\" data-end=\"243\"><strong data-start=\"0\" data-end=\"26\">Moqueta SOFTEX AVON<\/strong> ha sido especialmente dise\u00f1ado para el acabado interior de autocaravanas, furgonetas, autobuses y camarotes de barco. Es ideal para convertir autobuses en autocaravanas y todo tipo de carrocer\u00edas de veh\u00edculos.<\/p>\n<p data-start=\"245\" data-end=\"479\">El material es <strong data-start=\"259\" data-end=\"276\">autoadhesivo<\/strong> - tiene una capa adhesiva protegida por una pel\u00edcula protectora para una instalaci\u00f3n r\u00e1pida y c\u00f3moda. El revestimiento de suelo puede aplicarse a las siguientes superficies <strong data-start=\"412\" data-end=\"478\">metal, madera y otros sustratos convenientemente preparados<\/strong>.<\/p>\n<p data-start=\"481\" data-end=\"660\">Gracias a <strong data-start=\"488\" data-end=\"514\">gran flexibilidad<\/strong> El forro se adapta muy bien a las costillas, los pasos de rueda y las formas irregulares, pero es f\u00e1cil de moldear y estirar.<\/p>\n<p data-start=\"662\" data-end=\"808\">Es <strong data-start=\"670\" data-end=\"757\">material original utilizado por los fabricantes de autocaravanas y autocares<\/strong>, lo que confirma su durabilidad y alta calidad.<\/p>\n<p data-start=\"810\" data-end=\"999\">La alfombra tiene <strong data-start=\"829\" data-end=\"905\">certificaci\u00f3n para su uso en veh\u00edculos de utilidad p\u00fablica<\/strong>, por lo que puede utilizarse tanto en entornos privados como profesionales.<\/p>\n<p>Detalles del producto:<\/p>\n<p>Ancho de la alfombra: 142cm<br \/>\nGrosor de la alfombra: 3 mm<\/p>\n<p>El precio es por 1 metro lineal de alfombra<\/p>","protected":false},"excerpt":{"rendered":"<p>Es ideal para convertir autobuses en autocaravanas y todo tipo de carrocer\u00edas de veh\u00edculos. El material es autoadhesivo: tiene una capa adhesiva protegida por una pel\u00edcula protectora, lo que permite una instalaci\u00f3n r\u00e1pida y c\u00f3moda. El revestimiento puede aplicarse...<\/p>","protected":false},"featured_media":7530,"comment_status":"closed","ping_status":"closed","template":"","meta":{"_acf_changed":false,"_kad_blocks_custom_css":"","_kad_blocks_head_custom_js":"","_kad_blocks_body_custom_js":"","_kad_blocks_footer_custom_js":"","_kad_post_transparent":"default","_kad_post_title":"","_kad_post_layout":"default","_kad_post_sidebar_id":"","_kad_post_content_style":"default","_kad_post_vertical_padding":"default","_kad_post_feature":"","_kad_post_feature_position":"","_kad_post_header":false,"_kad_post_footer":false,"_kad_post_classname":""},"product_brand":[17],"product_cat":[52],"product_tag":[],"class_list":{"0":"post-1469","1":"product","2":"type-product","3":"status-publish","4":"has-post-thumbnail","6":"product_brand-modeco","7":"product_cat-avon-wykladzina-samoprzylepna","9":"first","10":"instock","11":"purchasable","12":"product-type-simple","13":"entry","14":"content-bg","15":"loop-entry"},"acf":[],"taxonomy_info":{"product_brand":[{"value":17,"label":"MODECO"}],"product_cat":[{"value":52,"label":"SAMOPRZYLEPNE WYK\u0141ADZINY SAMOCHODOWE"}]},"featured_image_src_large":["https:\/\/modeco-sklep.pl\/wp-content\/uploads\/2025\/06\/20260211_111906-1024x768.jpg",1024,768,true],"author_info":[],"comment_info":0,"_links":{"self":[{"href":"https:\/\/modeco-sklep.pl\/es\/wp-json\/wp\/v2\/product\/1469","targetHints":{"allow":["GET"]}}],"collection":[{"href":"https:\/\/modeco-sklep.pl\/es\/wp-json\/wp\/v2\/product"}],"about":[{"href":"https:\/\/modeco-sklep.pl\/es\/wp-json\/wp\/v2\/types\/product"}],"replies":[{"embeddable":true,"href":"https:\/\/modeco-sklep.pl\/es\/wp-json\/wp\/v2\/comments?post=1469"}],"wp:featuredmedia":[{"embeddable":true,"href":"https:\/\/modeco-sklep.pl\/es\/wp-json\/wp\/v2\/media\/7530"}],"wp:attachment":[{"href":"https:\/\/modeco-sklep.pl\/es\/wp-json\/wp\/v2\/media?parent=1469"}],"wp:term":[{"taxonomy":"product_brand","embeddable":true,"href":"https:\/\/modeco-sklep.pl\/es\/wp-json\/wp\/v2\/product_brand?post=1469"},{"taxonomy":"product_cat","embeddable":true,"href":"https:\/\/modeco-sklep.pl\/es\/wp-json\/wp\/v2\/product_cat?post=1469"},{"taxonomy":"product_tag","embeddable":true,"href":"https:\/\/modeco-sklep.pl\/es\/wp-json\/wp\/v2\/product_tag?post=1469"}],"curies":[{"name":"wp","href":"https:\/\/api.w.org\/{rel}","templated":true}]}}