{"id":1432,"date":"2025-06-12T18:08:22","date_gmt":"2025-06-12T18:08:22","guid":{"rendered":"https:\/\/modeco.mywebwork.net\/produkt\/twarda-pianka-super-duramax-5mm-samoprzylepna\/"},"modified":"2025-07-24T20:59:29","modified_gmt":"2025-07-24T18:59:29","slug":"espuma-dura-super-duramax-5-mm-autoadhesiva","status":"publish","type":"product","link":"https:\/\/modeco-sklep.pl\/es\/twarda-pianka-super-duramax-5mm-samoprzylepna\/","title":{"rendered":"SUPER DURAMAX 5MM ESPUMA DURA AUTOADHESIVA"},"content":{"rendered":"<p><strong>ESPUMA SUPER DURAMAX 5 MM AUTOADHESIVA<\/strong><\/p>\n<p>Espuma r\u00edgida especializada para la industria automovil\u00edstica. Ideal para tapicer\u00eda de autom\u00f3viles.<\/p>\n<p>La espuma tiene una capa autoadhesiva.<\/p>\n<p><span style=\"font-size: 16px;\">Detalles del producto:<\/span><\/p>\n<p><span style=\"font-size: 16px;\">Anchura: 150 cm<\/span><\/p>\n<p><span style=\"font-size: 16px;\">El precio se refiere a 1 metro lineal (100 cm x 150 cm).<\/span><\/p>","protected":false},"excerpt":{"rendered":"<p>Espuma autoadhesiva SUPER DURAMAX 5MM Espuma dura especializada para la industria del autom\u00f3vil. Ideal para la tapicer\u00eda de autom\u00f3viles. La espuma tiene una capa autoadhesiva. Detalles del producto: Ancho: 150 cm Precio por metro lineal ( 100 cm x 150 cm )<\/p>","protected":false},"featured_media":1019,"comment_status":"closed","ping_status":"closed","template":"","meta":{"_acf_changed":false,"_kad_blocks_custom_css":"","_kad_blocks_head_custom_js":"","_kad_blocks_body_custom_js":"","_kad_blocks_footer_custom_js":"","_kad_post_transparent":"","_kad_post_title":"","_kad_post_layout":"","_kad_post_sidebar_id":"","_kad_post_content_style":"","_kad_post_vertical_padding":"","_kad_post_feature":"","_kad_post_feature_position":"","_kad_post_header":false,"_kad_post_footer":false,"_kad_post_classname":""},"product_brand":[17],"product_cat":[53],"product_tag":[],"class_list":{"0":"post-1432","1":"product","2":"type-product","3":"status-publish","4":"has-post-thumbnail","6":"product_brand-modeco","7":"product_cat-pianki","9":"first","10":"instock","11":"purchasable","12":"product-type-simple","13":"entry","14":"content-bg","15":"loop-entry"},"acf":[],"taxonomy_info":{"product_brand":[{"value":17,"label":"MODECO"}],"product_cat":[{"value":53,"label":"PIANKI"}]},"featured_image_src_large":["https:\/\/modeco-sklep.pl\/wp-content\/uploads\/2025\/06\/20241207_162945-scaled-1024x683.jpg",1024,683,true],"author_info":[],"comment_info":0,"_links":{"self":[{"href":"https:\/\/modeco-sklep.pl\/es\/wp-json\/wp\/v2\/product\/1432","targetHints":{"allow":["GET"]}}],"collection":[{"href":"https:\/\/modeco-sklep.pl\/es\/wp-json\/wp\/v2\/product"}],"about":[{"href":"https:\/\/modeco-sklep.pl\/es\/wp-json\/wp\/v2\/types\/product"}],"replies":[{"embeddable":true,"href":"https:\/\/modeco-sklep.pl\/es\/wp-json\/wp\/v2\/comments?post=1432"}],"wp:featuredmedia":[{"embeddable":true,"href":"https:\/\/modeco-sklep.pl\/es\/wp-json\/wp\/v2\/media\/1019"}],"wp:attachment":[{"href":"https:\/\/modeco-sklep.pl\/es\/wp-json\/wp\/v2\/media?parent=1432"}],"wp:term":[{"taxonomy":"product_brand","embeddable":true,"href":"https:\/\/modeco-sklep.pl\/es\/wp-json\/wp\/v2\/product_brand?post=1432"},{"taxonomy":"product_cat","embeddable":true,"href":"https:\/\/modeco-sklep.pl\/es\/wp-json\/wp\/v2\/product_cat?post=1432"},{"taxonomy":"product_tag","embeddable":true,"href":"https:\/\/modeco-sklep.pl\/es\/wp-json\/wp\/v2\/product_tag?post=1432"}],"curies":[{"name":"wp","href":"https:\/\/api.w.org\/{rel}","templated":true}]}}