{"id":1428,"date":"2025-06-12T18:08:22","date_gmt":"2025-06-12T18:08:22","guid":{"rendered":"https:\/\/modeco.mywebwork.net\/produkt\/klej-h-b-fuller-5l-super-mocny\/"},"modified":"2025-09-30T17:33:23","modified_gmt":"2025-09-30T15:33:23","slug":"pegamento-h-b-fuller-5-l-superfuerte","status":"publish","type":"product","link":"https:\/\/modeco-sklep.pl\/es\/klej-h-b-fuller-5l-super-mocny\/","title":{"rendered":"Pegamento H.B. SUPER PEGAMENTO FULLER 5L"},"content":{"rendered":"<h1><strong><span style=\"font-size: 20px;\">Adhesivo especial SUPER FUERTE para autom\u00f3viles H.B. FULLER<\/span><\/strong><\/h1>\n<p><span style=\"font-size: 16px;\">\u2013 pegamento resistente a altas temperaturas<\/span><br \/>\n<span style=\"font-size: 16px;\">\u2013 Adhesivo con una fuerza de uni\u00f3n extremadamente alta, para todos aquellos casos en los que los adhesivos normales fallan. <\/span><br \/>\n<span style=\"font-size: 16px;\">\u2013 para su uso en la industria automovil\u00edstica en el pegado de techos interiores, salpicaderos y volantes de autom\u00f3viles.<br \/>\n\u2013 aplicaci\u00f3n con pistola<br \/>\n\u2013 resistente a altas temperaturas + 130 grados cent\u00edgrados<\/span><br \/>\n<span style=\"font-size: 16px;\">\u2013 capacidad 5 l<\/span><\/p>","protected":false},"excerpt":{"rendered":"<p>Adhesivo especial SUPER FUERTE para autom\u00f3viles H.B. FULLER: adhesivo resistente a altas temperaturas, con una fuerza de adhesi\u00f3n extremadamente alta, para uso en la industria automovil\u00edstica en el pegado de techos, salpicaderos y volantes; aplicaci\u00f3n con pistola; resistente a altas temperaturas de hasta +130 \u00b0C \u2013 capacidad 5 l<\/p>","protected":false},"featured_media":2177,"comment_status":"closed","ping_status":"closed","template":"","meta":{"_acf_changed":false,"_kad_blocks_custom_css":"","_kad_blocks_head_custom_js":"","_kad_blocks_body_custom_js":"","_kad_blocks_footer_custom_js":"","_kad_post_transparent":"","_kad_post_title":"","_kad_post_layout":"","_kad_post_sidebar_id":"","_kad_post_content_style":"","_kad_post_vertical_padding":"","_kad_post_feature":"","_kad_post_feature_position":"","_kad_post_header":false,"_kad_post_footer":false,"_kad_post_classname":""},"product_brand":[94],"product_cat":[22,18],"product_tag":[],"class_list":{"0":"post-1428","1":"product","2":"type-product","3":"status-publish","4":"has-post-thumbnail","6":"product_brand-hb-fuller","7":"product_cat-klej-do-podsufitek","8":"product_cat-tkaniny-na-podsufitki-samochodowe","10":"first","11":"outofstock","12":"purchasable","13":"product-type-simple","14":"entry","15":"content-bg","16":"loop-entry"},"acf":[],"taxonomy_info":{"product_brand":[{"value":94,"label":"HB FULLER"}],"product_cat":[{"value":22,"label":"KLEJ DO PODSUFITEK"},{"value":18,"label":"TKANINY NA PODSUFITKI"}]},"featured_image_src_large":["https:\/\/modeco-sklep.pl\/wp-content\/uploads\/2025\/06\/adhesivos-fuller-2.jpg",800,533,false],"author_info":[],"comment_info":0,"_links":{"self":[{"href":"https:\/\/modeco-sklep.pl\/es\/wp-json\/wp\/v2\/product\/1428","targetHints":{"allow":["GET"]}}],"collection":[{"href":"https:\/\/modeco-sklep.pl\/es\/wp-json\/wp\/v2\/product"}],"about":[{"href":"https:\/\/modeco-sklep.pl\/es\/wp-json\/wp\/v2\/types\/product"}],"replies":[{"embeddable":true,"href":"https:\/\/modeco-sklep.pl\/es\/wp-json\/wp\/v2\/comments?post=1428"}],"wp:featuredmedia":[{"embeddable":true,"href":"https:\/\/modeco-sklep.pl\/es\/wp-json\/wp\/v2\/media\/2177"}],"wp:attachment":[{"href":"https:\/\/modeco-sklep.pl\/es\/wp-json\/wp\/v2\/media?parent=1428"}],"wp:term":[{"taxonomy":"product_brand","embeddable":true,"href":"https:\/\/modeco-sklep.pl\/es\/wp-json\/wp\/v2\/product_brand?post=1428"},{"taxonomy":"product_cat","embeddable":true,"href":"https:\/\/modeco-sklep.pl\/es\/wp-json\/wp\/v2\/product_cat?post=1428"},{"taxonomy":"product_tag","embeddable":true,"href":"https:\/\/modeco-sklep.pl\/es\/wp-json\/wp\/v2\/product_tag?post=1428"}],"curies":[{"name":"wp","href":"https:\/\/api.w.org\/{rel}","templated":true}]}}