{"id":1424,"date":"2025-06-12T18:08:22","date_gmt":"2025-06-12T18:08:22","guid":{"rendered":"https:\/\/modeco.mywebwork.net\/produkt\/podsufitka-8k368-jasny-szaro-bezowy-vw-audi-skoda\/"},"modified":"2026-02-04T15:45:57","modified_gmt":"2026-02-04T14:45:57","slug":"techo-interior-8k368-gris-claro-beige-bmw","status":"publish","type":"product","link":"https:\/\/modeco-sklep.pl\/es\/podsufitka-8k368-jasny-szaro-bezowy-bmw\/","title":{"rendered":"PODSUFITKA 8K368 BEIGE CLARO BMW"},"content":{"rendered":"<p data-start=\"60\" data-end=\"97\"><strong data-start=\"60\" data-end=\"97\">Tejido para el techo interior del autom\u00f3vil<\/strong><\/p>\n<p data-start=\"99\" data-end=\"315\">Ofrecemos tejidos de alta calidad para el revestimiento de techos de autom\u00f3viles. Nuestros materiales proceden de fabricantes europeos de renombre que suministran tejidos a las principales empresas automovil\u00edsticas.<\/p>\n<p data-start=\"317\" data-end=\"346\"><strong data-start=\"317\" data-end=\"346\">Caracter\u00edsticas del producto:<\/strong><\/p>\n<ul data-start=\"347\" data-end=\"506\">\n<li data-start=\"347\" data-end=\"405\">\n<p data-start=\"349\" data-end=\"405\">Material de clase OEM (primera calidad): la m\u00e1xima calidad.<\/p>\n<\/li>\n<li data-start=\"406\" data-end=\"447\">\n<p data-start=\"408\" data-end=\"447\">Laminado con espuma de aproximadamente 3-4 mm de grosor.<\/p>\n<\/li>\n<li data-start=\"448\" data-end=\"478\">\n<p data-start=\"450\" data-end=\"478\">Flexible y f\u00e1cil de procesar<\/p>\n<\/li>\n<li data-start=\"479\" data-end=\"506\">\n<p data-start=\"481\" data-end=\"506\">Ancho: aprox. 150-155 cm<\/p>\n<\/li>\n<\/ul>\n<p data-start=\"508\" data-end=\"533\"><strong data-start=\"508\" data-end=\"533\">Informaci\u00f3n adicional:<\/strong><\/p>\n<ul data-start=\"534\" data-end=\"673\">\n<li data-start=\"534\" data-end=\"581\">\n<p data-start=\"536\" data-end=\"581\">El precio se refiere a 1 metro lineal (100 \u00d7 150 cm).<\/p>\n<\/li>\n<li data-start=\"582\" data-end=\"673\">\n<p data-start=\"584\" data-end=\"673\">Si se compra una cantidad mayor, el material se env\u00eda en una sola pieza (siempre que sea posible).<\/p>\n<\/li>\n<\/ul>\n<p data-start=\"675\" data-end=\"854\"><strong data-start=\"675\" data-end=\"685\">Importante:<\/strong><br data-start=\"685\" data-end=\"688\" \/>Para montar la tela, recomendamos utilizar adhesivos especiales para carrocer\u00edas resistentes a altas temperaturas. No se deben utilizar adhesivos est\u00e1ndar para tapicer\u00eda.<\/p>\n<p>&nbsp;<\/p>\n<h3 style=\"margin: 18px 0px; text-align: left; color: #444444; text-transform: none; line-height: 24px; text-indent: 0px; letter-spacing: normal; font-size: 24px; font-style: normal; font-variant: normal; font-weight: 500; text-decoration: none; word-spacing: 0px; display: block; white-space: normal; box-sizing: border-box; orphans: 2; -webkit-text-stroke-width: 0px; background-color: transparent;\"><\/h3>","protected":false},"excerpt":{"rendered":"<p>Tejido para el techo interior del coche Ofrecemos tejidos de alta calidad para el revestimiento de techos interiores de coches. Nuestros materiales proceden de fabricantes europeos de renombre que suministran tejidos a las principales empresas automovil\u00edsticas. Caracter\u00edsticas del producto: Material de clase OEM (primera calidad): la m\u00e1s alta calidad. Laminado con espuma de aproximadamente 3-4 mm de grosor. Flexible y f\u00e1cil de trabajar. Ancho: aproximadamente 150-155 cm. Informaci\u00f3n adicional: Precio...<\/p>","protected":false},"featured_media":2299,"comment_status":"closed","ping_status":"closed","template":"","meta":{"_acf_changed":false,"_kad_blocks_custom_css":"","_kad_blocks_head_custom_js":"","_kad_blocks_body_custom_js":"","_kad_blocks_footer_custom_js":"","_kad_post_transparent":"default","_kad_post_title":"","_kad_post_layout":"default","_kad_post_sidebar_id":"","_kad_post_content_style":"default","_kad_post_vertical_padding":"default","_kad_post_feature":"","_kad_post_feature_position":"","_kad_post_header":false,"_kad_post_footer":false,"_kad_post_classname":""},"product_brand":[17],"product_cat":[33],"product_tag":[],"class_list":{"0":"post-1424","1":"product","2":"type-product","3":"status-publish","4":"has-post-thumbnail","6":"product_brand-modeco","7":"product_cat-tkaniny-dedykowane-oem","9":"first","10":"instock","11":"purchasable","12":"product-type-simple","13":"entry","14":"content-bg","15":"loop-entry"},"acf":[],"taxonomy_info":{"product_brand":[{"value":17,"label":"MODECO"}],"product_cat":[{"value":33,"label":"TKANINY DEDYKOWANE OEM"}]},"featured_image_src_large":["https:\/\/modeco-sklep.pl\/wp-content\/uploads\/2025\/06\/8K368-1-1024x682.jpg",1024,682,true],"author_info":[],"comment_info":0,"_links":{"self":[{"href":"https:\/\/modeco-sklep.pl\/es\/wp-json\/wp\/v2\/product\/1424","targetHints":{"allow":["GET"]}}],"collection":[{"href":"https:\/\/modeco-sklep.pl\/es\/wp-json\/wp\/v2\/product"}],"about":[{"href":"https:\/\/modeco-sklep.pl\/es\/wp-json\/wp\/v2\/types\/product"}],"replies":[{"embeddable":true,"href":"https:\/\/modeco-sklep.pl\/es\/wp-json\/wp\/v2\/comments?post=1424"}],"wp:featuredmedia":[{"embeddable":true,"href":"https:\/\/modeco-sklep.pl\/es\/wp-json\/wp\/v2\/media\/2299"}],"wp:attachment":[{"href":"https:\/\/modeco-sklep.pl\/es\/wp-json\/wp\/v2\/media?parent=1424"}],"wp:term":[{"taxonomy":"product_brand","embeddable":true,"href":"https:\/\/modeco-sklep.pl\/es\/wp-json\/wp\/v2\/product_brand?post=1424"},{"taxonomy":"product_cat","embeddable":true,"href":"https:\/\/modeco-sklep.pl\/es\/wp-json\/wp\/v2\/product_cat?post=1424"},{"taxonomy":"product_tag","embeddable":true,"href":"https:\/\/modeco-sklep.pl\/es\/wp-json\/wp\/v2\/product_tag?post=1424"}],"curies":[{"name":"wp","href":"https:\/\/api.w.org\/{rel}","templated":true}]}}