{"id":1414,"date":"2025-06-12T18:08:15","date_gmt":"2025-06-12T18:08:15","guid":{"rendered":"https:\/\/modeco.mywebwork.net\/produkt\/podsufitka-8k51-jasny-szary-audi\/"},"modified":"2025-08-24T14:30:59","modified_gmt":"2025-08-24T12:30:59","slug":"techo-interior-8k51-gris-claro-audi","status":"publish","type":"product","link":"https:\/\/modeco-sklep.pl\/es\/podsufitka-8k51-jasny-szary-audi\/","title":{"rendered":"HEADLINER 8K51 GRIS CLARO AUDI"},"content":{"rendered":"<h2><span style=\"font-size: 11pt;\"><span style=\"line-height: normal;\"><b><span style=\"font-size: 12.0pt;\"><span style=\"color: #444444;\">TELA PARA EL TECHO DEL COCHE \u00a0<\/span><\/span><\/b><\/span><\/span><\/h2>\n<p><span style=\"font-size: 11pt;\"><span style=\"line-height: normal;\"><span style=\"font-size: 12.0pt;\"><span style=\"color: #444444;\">Nuestros tejidos para revestimientos de techo proceden de las mayores f\u00e1bricas europeas de materiales para automoci\u00f3n.<\/span><\/span><\/span><\/span><\/p>\n<p>&nbsp;<\/p>\n<p><span style=\"font-size: 11pt;\"><span style=\"line-height: normal;\"><span style=\"font-size: 12.0pt;\"><span style=\"color: #444444;\">Los materiales son de muy buena calidad (OEM - primer grado)<\/span><\/span><\/span><\/span><br \/>\n<span style=\"font-size: 11pt;\"><span style=\"line-height: normal;\"><span style=\"font-size: 12.0pt;\"><span style=\"color: #444444;\">Los materiales se laminan sobre una esponja especial con un grosor de aprox. 3-4 mm.<\/span><\/span><\/span><\/span><br \/>\n<span style=\"font-size: 11pt;\"><span style=\"line-height: normal;\"><span style=\"font-size: 12.0pt;\"><span style=\"color: #444444;\">Los materiales son flexibles y f\u00e1ciles de trabajar<\/span><\/span><\/span><\/span><br \/>\n<span style=\"font-size: 11pt;\"><span style=\"line-height: normal;\"><span style=\"font-size: 12.0pt;\"><span style=\"color: #444444;\">Ancho del tejido: 150 cm<\/span><\/span><\/span><\/span><\/p>\n<p><span style=\"font-size: 11pt;\"><span style=\"line-height: normal;\"><span style=\"font-size: 12.0pt;\"><span style=\"color: #444444;\">El precio es por 1 metro lineal ( 100 x 150cm)<\/span><\/span><\/span><\/span><br \/>\n<span style=\"font-size: 11pt;\"><span style=\"line-height: normal;\"><span style=\"font-size: 12.0pt;\"><span style=\"color: #444444;\">Al comprar varios metros, intentamos enviar el material en una sola pieza.<\/span><\/span><\/span><\/span><\/p>\n<p><span style=\"font-size: 11pt;\"><span style=\"line-height: normal;\"><span style=\"font-size: 12.0pt;\"><span style=\"color: #444444;\">Adhesivo especial, resistente a altas temperaturas, disponible en nuestra tienda<\/span><\/span><\/span><\/span><\/p>\n<h3 style=\"margin: 18px 0px; text-align: left; color: #444444; text-transform: none; line-height: 24px; text-indent: 0px; letter-spacing: normal; font-size: 24px; font-style: normal; font-variant: normal; font-weight: 500; text-decoration: none; word-spacing: 0px; display: block; white-space: normal; box-sizing: border-box; orphans: 2; -webkit-text-stroke-width: 0px; background-color: transparent;\"><\/h3>","protected":false},"excerpt":{"rendered":"<p>TELA PARA EL TECHO DEL COCHE   Las telas para techos de coches que ofrecemos proceden de las mayores f\u00e1bricas europeas que producen materiales para los fabricantes de autom\u00f3viles   Los materiales se caracterizan por su excelente calidad (OEM - primera calidad) Los materiales est\u00e1n laminados sobre una esponja especial de unos 3-4 mm de grosor. Los materiales son flexibles y f\u00e1ciles de trabajar. Ancho del material: 150 cm. Precio...<\/p>","protected":false},"featured_media":2156,"comment_status":"closed","ping_status":"closed","template":"","meta":{"_acf_changed":false,"_kad_blocks_custom_css":"","_kad_blocks_head_custom_js":"","_kad_blocks_body_custom_js":"","_kad_blocks_footer_custom_js":"","_kad_post_transparent":"","_kad_post_title":"","_kad_post_layout":"","_kad_post_sidebar_id":"","_kad_post_content_style":"","_kad_post_vertical_padding":"","_kad_post_feature":"","_kad_post_feature_position":"","_kad_post_header":false,"_kad_post_footer":false,"_kad_post_classname":""},"product_brand":[17],"product_cat":[33,18],"product_tag":[],"class_list":{"0":"post-1414","1":"product","2":"type-product","3":"status-publish","4":"has-post-thumbnail","6":"product_brand-modeco","7":"product_cat-tkaniny-dedykowane-oem","8":"product_cat-tkaniny-na-podsufitki-samochodowe","10":"first","11":"instock","12":"purchasable","13":"product-type-simple","14":"entry","15":"content-bg","16":"loop-entry"},"acf":[],"taxonomy_info":{"product_brand":[{"value":17,"label":"MODECO"}],"product_cat":[{"value":33,"label":"TKANINY DEDYKOWANE OEM"},{"value":18,"label":"TKANINY NA PODSUFITKI"}]},"featured_image_src_large":["https:\/\/modeco-sklep.pl\/wp-content\/uploads\/2025\/06\/8k51-1-1024x683.jpg",1024,683,true],"author_info":[],"comment_info":0,"_links":{"self":[{"href":"https:\/\/modeco-sklep.pl\/es\/wp-json\/wp\/v2\/product\/1414","targetHints":{"allow":["GET"]}}],"collection":[{"href":"https:\/\/modeco-sklep.pl\/es\/wp-json\/wp\/v2\/product"}],"about":[{"href":"https:\/\/modeco-sklep.pl\/es\/wp-json\/wp\/v2\/types\/product"}],"replies":[{"embeddable":true,"href":"https:\/\/modeco-sklep.pl\/es\/wp-json\/wp\/v2\/comments?post=1414"}],"wp:featuredmedia":[{"embeddable":true,"href":"https:\/\/modeco-sklep.pl\/es\/wp-json\/wp\/v2\/media\/2156"}],"wp:attachment":[{"href":"https:\/\/modeco-sklep.pl\/es\/wp-json\/wp\/v2\/media?parent=1414"}],"wp:term":[{"taxonomy":"product_brand","embeddable":true,"href":"https:\/\/modeco-sklep.pl\/es\/wp-json\/wp\/v2\/product_brand?post=1414"},{"taxonomy":"product_cat","embeddable":true,"href":"https:\/\/modeco-sklep.pl\/es\/wp-json\/wp\/v2\/product_cat?post=1414"},{"taxonomy":"product_tag","embeddable":true,"href":"https:\/\/modeco-sklep.pl\/es\/wp-json\/wp\/v2\/product_tag?post=1414"}],"curies":[{"name":"wp","href":"https:\/\/api.w.org\/{rel}","templated":true}]}}