{"id":1407,"date":"2025-06-12T18:08:43","date_gmt":"2025-06-12T18:08:43","guid":{"rendered":"https:\/\/modeco.mywebwork.net\/produkt\/suede-slim-carmel\/"},"modified":"2026-02-02T20:33:09","modified_gmt":"2026-02-02T19:33:09","slug":"ante-fino-carmel","status":"publish","type":"product","link":"https:\/\/modeco-sklep.pl\/es\/suede-slim-carmel\/","title":{"rendered":"SUEDE SLIM \u2013 CARMEL"},"content":{"rendered":"<h3><strong>SUEDE SLIM<\/strong><\/h3>\n<p>Para revestir cabinas, elementos de cabina, postes y piezas de pl\u00e1stico.<\/p>\n<p>El material es fino, por lo que no aumenta significativamente el grosor de los elementos recubiertos. Esto facilita el ajuste de las rejillas de ventilaci\u00f3n y otros componentes del salpicadero.<\/p>\n<p>Adem\u00e1s, el material se caracteriza por su alta elasticidad, lo que permite un ajuste perfecto a la forma del salpicadero.<\/p>\n<p>SUEDE es un material especial para techos con un aspecto y una estructura similares a los de los tejidos m\u00e1s populares. Tiene un pelo corto que cambia de direcci\u00f3n al pasar la mano, igual que el original. Es el\u00e1stico, se adapta perfectamente a la superficie del techo y su esponja no absorbe el pegamento.<\/p>\n<h3><strong>Versiones disponibles del material SUEDE:<\/strong><\/h3>\n<p>\u2714 <strong>Para el techo: liso<\/strong><br \/>\n\u2714 <strong>Para el techo: cosido<\/strong><br \/>\n\u2714 <strong>Sin espuma, sobre una base especial<\/strong> (para postes, cabinas, etc.)<\/p>\n<h3><strong>Especificaci\u00f3n:<\/strong><\/h3>\n<ul>\n<li><strong>Ancho:<\/strong> 150 cm<\/li>\n<li><strong>Una unidad<\/strong> = 1 metro lineal de material<\/li>\n<li>Si compras varias unidades, te enviamos el material en una sola pieza (sin cortar).<\/li>\n<\/ul>\n<p style=\"color: #444444; box-sizing: border-box; background-color: transparent;\">","protected":false},"excerpt":{"rendered":"<p>SUEDE SLIM Para revestir salpicaderos, elementos del salpicadero, pilares y piezas de pl\u00e1stico. El material es fino, por lo que no aumenta significativamente el grosor de los elementos revestidos. Esto facilita el ajuste de las rejillas de ventilaci\u00f3n y otros componentes del salpicadero. Adem\u00e1s, el material se caracteriza por su alta elasticidad, lo que permite un ajuste perfecto a la forma del salpicadero. SUEDE es un material especial para el techo con un aspecto y una estructura...<\/p>","protected":false},"featured_media":7369,"comment_status":"closed","ping_status":"closed","template":"","meta":{"_acf_changed":false,"_kad_blocks_custom_css":"","_kad_blocks_head_custom_js":"","_kad_blocks_body_custom_js":"","_kad_blocks_footer_custom_js":"","_kad_post_transparent":"default","_kad_post_title":"","_kad_post_layout":"default","_kad_post_sidebar_id":"","_kad_post_content_style":"default","_kad_post_vertical_padding":"default","_kad_post_feature":"","_kad_post_feature_position":"","_kad_post_header":false,"_kad_post_footer":false,"_kad_post_classname":""},"product_brand":[17],"product_cat":[100],"product_tag":[],"class_list":{"0":"post-1407","1":"product","2":"type-product","3":"status-publish","4":"has-post-thumbnail","6":"product_brand-modeco","7":"product_cat-tkaniny-na-deski-rozdzielcze","9":"first","10":"instock","11":"purchasable","12":"product-type-simple","13":"entry","14":"content-bg","15":"loop-entry"},"acf":[],"taxonomy_info":{"product_brand":[{"value":17,"label":"MODECO"}],"product_cat":[{"value":100,"label":"TKANINY NA DESKI ROZDZIELCZE"}]},"featured_image_src_large":["https:\/\/modeco-sklep.pl\/wp-content\/uploads\/2025\/06\/ChatGPT-Image-2-lut-2026-20_32_18-1024x683.png",1024,683,true],"author_info":[],"comment_info":0,"_links":{"self":[{"href":"https:\/\/modeco-sklep.pl\/es\/wp-json\/wp\/v2\/product\/1407","targetHints":{"allow":["GET"]}}],"collection":[{"href":"https:\/\/modeco-sklep.pl\/es\/wp-json\/wp\/v2\/product"}],"about":[{"href":"https:\/\/modeco-sklep.pl\/es\/wp-json\/wp\/v2\/types\/product"}],"replies":[{"embeddable":true,"href":"https:\/\/modeco-sklep.pl\/es\/wp-json\/wp\/v2\/comments?post=1407"}],"wp:featuredmedia":[{"embeddable":true,"href":"https:\/\/modeco-sklep.pl\/es\/wp-json\/wp\/v2\/media\/7369"}],"wp:attachment":[{"href":"https:\/\/modeco-sklep.pl\/es\/wp-json\/wp\/v2\/media?parent=1407"}],"wp:term":[{"taxonomy":"product_brand","embeddable":true,"href":"https:\/\/modeco-sklep.pl\/es\/wp-json\/wp\/v2\/product_brand?post=1407"},{"taxonomy":"product_cat","embeddable":true,"href":"https:\/\/modeco-sklep.pl\/es\/wp-json\/wp\/v2\/product_cat?post=1407"},{"taxonomy":"product_tag","embeddable":true,"href":"https:\/\/modeco-sklep.pl\/es\/wp-json\/wp\/v2\/product_tag?post=1407"}],"curies":[{"name":"wp","href":"https:\/\/api.w.org\/{rel}","templated":true}]}}