{"id":1366,"date":"2025-06-12T18:08:00","date_gmt":"2025-06-12T18:08:00","guid":{"rendered":"https:\/\/modeco.mywebwork.net\/produkt\/porsche-classic-pepita-bialy-czarny\/"},"modified":"2025-07-20T14:26:39","modified_gmt":"2025-07-20T12:26:39","slug":"porsche-classic-pepita-blanco-negro","status":"publish","type":"product","link":"https:\/\/modeco-sklep.pl\/es\/porsche-classic-pepita-bialy-czarny\/","title":{"rendered":"PORSCHE CLASSIC PEPITA \u2013 BLANCO \/ NEGRO"},"content":{"rendered":"<h1 style=\"background-color: transparent; box-sizing: border-box; color: #444444; display: block;\" data-rm-block-id=\"block-1\">PORSCHE CLASSIC PEPITA<\/h1>\n<p style=\"background-color: transparent; box-sizing: border-box; color: #444444;\" data-rm-block-id=\"block-2\"><span style=\"font-size: 18px;\">La cl\u00e1sica Pepita, un dise\u00f1o utilizado en los modelos cl\u00e1sicos de Porsche.<\/span><\/p>\n<p data-rm-block-id=\"block-3\">Composici\u00f3n: 80% lana, 20% poliamida<\/p>\n<p style=\"background-color: transparent; box-sizing: border-box; color: #444444;\" data-rm-block-id=\"block-4\"><span style=\"font-size: 18px;\">Ancho del tejido: 150 cm<\/span><\/p>\n<p style=\"background-color: transparent; box-sizing: border-box; color: #444444;\" data-rm-block-id=\"block-5\"><span style=\"font-size: 18px;\">Precio por 1 m\u00b2 (100 cm x 150 cm)\u00a0<\/span><\/p>\n<p style=\"background-color: transparent; box-sizing: border-box; color: #444444;\" data-rm-block-id=\"block-6\">","protected":false},"excerpt":{"rendered":"<p>PORSCHE CLASSIC PEPITA Pepita cl\u00e1sica, dise\u00f1o utilizado en los modelos cl\u00e1sicos de Porsche. Composici\u00f3n: 80% lana, 20% poliamida. Ancho del tejido: 150 cm. Precio por 1 m (100 cm x 150 cm).\u00a0<\/p>","protected":false},"featured_media":892,"comment_status":"closed","ping_status":"closed","template":"","meta":{"_acf_changed":false,"_kad_blocks_custom_css":"","_kad_blocks_head_custom_js":"","_kad_blocks_body_custom_js":"","_kad_blocks_footer_custom_js":"","_kad_post_transparent":"","_kad_post_title":"","_kad_post_layout":"","_kad_post_sidebar_id":"","_kad_post_content_style":"","_kad_post_vertical_padding":"","_kad_post_feature":"","_kad_post_feature_position":"","_kad_post_header":false,"_kad_post_footer":false,"_kad_post_classname":""},"product_brand":[17],"product_cat":[27],"product_tag":[],"class_list":{"0":"post-1366","1":"product","2":"type-product","3":"status-publish","4":"has-post-thumbnail","6":"product_brand-modeco","7":"product_cat-porsche-pepita-houndstooth","9":"first","10":"instock","11":"purchasable","12":"product-type-simple","13":"entry","14":"content-bg","15":"loop-entry"},"acf":[],"taxonomy_info":{"product_brand":[{"value":17,"label":"MODECO"}],"product_cat":[{"value":27,"label":"PORSCHE PEPITA &amp; HOUNDSTOOTH"}]},"featured_image_src_large":["https:\/\/modeco-sklep.pl\/wp-content\/uploads\/2025\/06\/20241012_171437-1024x683.jpg",1024,683,true],"author_info":[],"comment_info":0,"_links":{"self":[{"href":"https:\/\/modeco-sklep.pl\/es\/wp-json\/wp\/v2\/product\/1366","targetHints":{"allow":["GET"]}}],"collection":[{"href":"https:\/\/modeco-sklep.pl\/es\/wp-json\/wp\/v2\/product"}],"about":[{"href":"https:\/\/modeco-sklep.pl\/es\/wp-json\/wp\/v2\/types\/product"}],"replies":[{"embeddable":true,"href":"https:\/\/modeco-sklep.pl\/es\/wp-json\/wp\/v2\/comments?post=1366"}],"wp:featuredmedia":[{"embeddable":true,"href":"https:\/\/modeco-sklep.pl\/es\/wp-json\/wp\/v2\/media\/892"}],"wp:attachment":[{"href":"https:\/\/modeco-sklep.pl\/es\/wp-json\/wp\/v2\/media?parent=1366"}],"wp:term":[{"taxonomy":"product_brand","embeddable":true,"href":"https:\/\/modeco-sklep.pl\/es\/wp-json\/wp\/v2\/product_brand?post=1366"},{"taxonomy":"product_cat","embeddable":true,"href":"https:\/\/modeco-sklep.pl\/es\/wp-json\/wp\/v2\/product_cat?post=1366"},{"taxonomy":"product_tag","embeddable":true,"href":"https:\/\/modeco-sklep.pl\/es\/wp-json\/wp\/v2\/product_tag?post=1366"}],"curies":[{"name":"wp","href":"https:\/\/api.w.org\/{rel}","templated":true}]}}