{"id":1350,"date":"2025-06-12T18:07:53","date_gmt":"2025-06-12T18:07:53","guid":{"rendered":"https:\/\/modeco.mywebwork.net\/produkt\/grizzly-ochre\/"},"modified":"2025-06-15T07:20:56","modified_gmt":"2025-06-15T07:20:56","slug":"grizzly-ocre","status":"publish","type":"product","link":"https:\/\/modeco-sklep.pl\/es\/grizzly-ochre\/","title":{"rendered":"GRIZZLY \u2013 OCRE"},"content":{"rendered":"<p><span style=\"font-size:18px;\"><span style=\"font-family:Arial;\"><span class=\"HwtZe\" jsaction=\"mouseup:Sxi9L,BR6jm; mousedown:qjlr0e\" jsname=\"jqKxS\" lang=\"pl\"><span class=\"jCAhz JxVs2d ChMk0b\" jsaction=\"agoMJf:PFBcW;MZfLnc:P7O7bd;nt4Alf:pvnm0e,pfE8Hb,PFBcW;B01qod:dJXsye;H1e5u:iXtTIf;lYIUJf:hij5Wb\" jscontroller=\"BiTO4b\" jsname=\"txFAF\"><span class=\"ryNqvb\" jsaction=\"click:Z0znGe,GFf3ac,fbWStc;contextmenu:Nqw7Te,QP7LD; mouseout:Nqw7Te; mouseover:Z0znGe,c2aHje\" jsname=\"W297wb\">PIEL SINT\u00c9TICA DE LUJO PARA TAREAS ESPECIALES<\/p>\n<p>Dise\u00f1ado especialmente para las aplicaciones de tapicer\u00eda m\u00e1s exigentes.<\/span><\/span><br \/><span class=\"jCAhz JxVs2d ChMk0b\" jsaction=\"agoMJf:PFBcW;MZfLnc:P7O7bd;nt4Alf:pvnm0e,pfE8Hb,PFBcW;B01qod:dJXsye;H1e5u:iXtTIf;lYIUJf:hij5Wb\" jscontroller=\"BiTO4b\" jsname=\"txFAF\"><span class=\"ryNqvb\" jsaction=\"click:Z0znGe,GFf3ac,fbWStc;contextmenu:Nqw7Te,QP7LD; mouseout:Nqw7Te; mouseover:Z0znGe,c2aHje\" jsname=\"W297wb\">Alta resistencia a: abrasi\u00f3n, luz UV, manchas, impermeable, ign\u00edfugo.,<br \/>Acci\u00f3n antif\u00fangica y antibacteriana<br \/>F\u00e1cil de limpiar con un detergente suave y un pa\u00f1o h\u00famedo.<br \/>No contiene sustancias nocivas |<\/span><\/span> <span class=\"jCAhz JxVs2d ChMk0b\" jsaction=\"agoMJf:PFBcW;MZfLnc:P7O7bd;nt4Alf:pvnm0e,pfE8Hb,PFBcW;B01qod:dJXsye;H1e5u:iXtTIf;lYIUJf:hij5Wb\" jscontroller=\"BiTO4b\" jsname=\"txFAF\"><span class=\"ryNqvb\" jsaction=\"click:Z0znGe,GFf3ac,fbWStc;contextmenu:Nqw7Te,QP7LD; mouseout:Nqw7Te; mouseover:Z0znGe,c2aHje\" jsname=\"W297wb\">No contiene ftalatos. <\/span><\/span><br \/><span class=\"jCAhz JxVs2d ChMk0b\" jsaction=\"agoMJf:PFBcW;MZfLnc:P7O7bd;nt4Alf:pvnm0e,pfE8Hb,PFBcW;B01qod:dJXsye;H1e5u:iXtTIf;lYIUJf:hij5Wb\" jscontroller=\"BiTO4b\" jsname=\"txFAF\"><span class=\"ryNqvb\" jsaction=\"click:Z0znGe,GFf3ac,fbWStc;contextmenu:Nqw7Te,QP7LD; mouseout:Nqw7Te; mouseover:Z0znGe,c2aHje\" jsname=\"W297wb\">Fabricado de conformidad con el Reglamento REACH de la UE ((CE) n.\u00ba 1907\/2006)<\/p>\n<p>Composici\u00f3n: 79% PVC, 21% CO<br \/>Peso: 950 g\/m2<br \/>Prueba Martindale: 150 000 ciclos<br \/>Antibacteriano<br \/>Dif\u00edcilmente inflamable: <\/span><\/span><\/span><\/p>\n<p>FMVSS302<br \/>EN 1021-1+2<br \/>NFP92-503<br \/>Clasificaci\u00f3n M2 BS 5852<br \/>Clasificaci\u00f3n Crib IMO 2010<br \/>C\u00f3digo FTC, parte 8<br \/>UNI 9175 Clasificaci\u00f3n 1.IM<\/span><\/span><\/p>\n<p><span style=\"font-size:18px;\"><span style=\"font-family:Arial;\"><span style=\"line-height:107%\">El precio se refiere a 1 metro lineal (137 cm x 100 cm).<\/span><\/span><\/span><\/p>\n<p>\u00a0<\/p>","protected":false},"excerpt":{"rendered":"<p>CUERO SINT\u00c9TICO DE LUJO PARA TAREAS ESPECIALES Dise\u00f1ado especialmente para las aplicaciones de tapicer\u00eda m\u00e1s exigentes. Alta resistencia al desgaste, a la luz UV, a las manchas, impermeable, ign\u00edfugo,Antif\u00fangico y antibacteriano. F\u00e1cil de limpiar con un detergente suave y un pa\u00f1o h\u00famedo. No contiene sustancias nocivas | No contiene ftalatos. Fabricado de conformidad con el Reglamento REACH de la UE ((CE) n.\u00ba 1907\/2006) Composici\u00f3n: 79% PVC, 21% COMasa: 950 g\/m2 Prueba Martindale: 150...<\/p>","protected":false},"featured_media":876,"comment_status":"closed","ping_status":"closed","template":"","meta":{"_acf_changed":false,"_kad_blocks_custom_css":"","_kad_blocks_head_custom_js":"","_kad_blocks_body_custom_js":"","_kad_blocks_footer_custom_js":"","_kad_post_transparent":"","_kad_post_title":"","_kad_post_layout":"","_kad_post_sidebar_id":"","_kad_post_content_style":"","_kad_post_vertical_padding":"","_kad_post_feature":"","_kad_post_feature_position":"","_kad_post_header":false,"_kad_post_footer":false,"_kad_post_classname":""},"product_brand":[17],"product_cat":[74,56],"product_tag":[],"class_list":{"0":"post-1350","1":"product","2":"type-product","3":"status-publish","4":"has-post-thumbnail","6":"product_brand-modeco","7":"product_cat-grizzly","8":"product_cat-wodoodporne-tkaniny-jachtowe","10":"first","11":"instock","12":"purchasable","13":"product-type-simple","14":"entry","15":"content-bg","16":"loop-entry"},"acf":[],"taxonomy_info":{"product_brand":[{"value":17,"label":"MODECO"}],"product_cat":[{"value":74,"label":"GRIZZLY"},{"value":56,"label":"TKANINY JACHTOWE"}]},"featured_image_src_large":["https:\/\/modeco-sklep.pl\/wp-content\/uploads\/2025\/06\/OCHRE.jpg",1000,667,false],"author_info":[],"comment_info":0,"_links":{"self":[{"href":"https:\/\/modeco-sklep.pl\/es\/wp-json\/wp\/v2\/product\/1350","targetHints":{"allow":["GET"]}}],"collection":[{"href":"https:\/\/modeco-sklep.pl\/es\/wp-json\/wp\/v2\/product"}],"about":[{"href":"https:\/\/modeco-sklep.pl\/es\/wp-json\/wp\/v2\/types\/product"}],"replies":[{"embeddable":true,"href":"https:\/\/modeco-sklep.pl\/es\/wp-json\/wp\/v2\/comments?post=1350"}],"wp:featuredmedia":[{"embeddable":true,"href":"https:\/\/modeco-sklep.pl\/es\/wp-json\/wp\/v2\/media\/876"}],"wp:attachment":[{"href":"https:\/\/modeco-sklep.pl\/es\/wp-json\/wp\/v2\/media?parent=1350"}],"wp:term":[{"taxonomy":"product_brand","embeddable":true,"href":"https:\/\/modeco-sklep.pl\/es\/wp-json\/wp\/v2\/product_brand?post=1350"},{"taxonomy":"product_cat","embeddable":true,"href":"https:\/\/modeco-sklep.pl\/es\/wp-json\/wp\/v2\/product_cat?post=1350"},{"taxonomy":"product_tag","embeddable":true,"href":"https:\/\/modeco-sklep.pl\/es\/wp-json\/wp\/v2\/product_tag?post=1350"}],"curies":[{"name":"wp","href":"https:\/\/api.w.org\/{rel}","templated":true}]}}