{"id":1340,"date":"2025-06-12T18:07:53","date_gmt":"2025-06-12T18:07:53","guid":{"rendered":"https:\/\/modeco.mywebwork.net\/produkt\/klej-forch-k142-640g\/"},"modified":"2025-12-28T12:57:21","modified_gmt":"2025-12-28T11:57:21","slug":"pegamento-forch-k142-640-g","status":"publish","type":"product","link":"https:\/\/modeco-sklep.pl\/es\/klej-forch-k142-640g\/","title":{"rendered":"Adhesivo FORCH K142 (640 g)"},"content":{"rendered":"<p><strong><span style=\"font-size: 20px;\">ADHESIVO PARA TAPICER\u00cdA \u2013 AUTOM\u00d3VILES  FORCH K142<\/span><\/strong><\/p>\n<p><span style=\"font-size: 16px;\">\u00a0\u2013 pegamento resistente a altas temperaturas<\/span><\/p>\n<p><span style=\"font-size: 16px;\">\u00a0\u2013 Adhesivo con una fuerza de pegado extremadamente alta y r\u00e1pida.<\/span><\/p>\n<p><span style=\"font-size: 16px;\">\u2013 ideal para su uso en la industria automovil\u00edstica para pegar revestimientos interiores, pieles naturales y sint\u00e9ticas, espuma<\/span><\/p>\n<p><span style=\"font-size: 16px;\">\u2013 Adhesivo de secado r\u00e1pido para materiales ligeros que forma una capa fina e incolora.<\/span><\/p>\n<p><span style=\"font-size: 16px;\">\u2013 capacidad 640 g<\/span><\/p>\n<p>\u2013 aplicaci\u00f3n con pulverizador o brocha<\/p>\n<div id=\"extra-1\" class=\"tab-pane fade in active\" role=\"tabpanel\" aria-expanded=\"true\">\n<div class=\"x13gpsr x13gpsr-shop-1 x13gpsr--displayProductExtraContent\">\n<p class=\"x13gpsr__title\"><strong>Fabricante<\/strong><\/p>\n<ul class=\"x13gpsr__list\">\n<li class=\"x13gpsr__item\">F. F\u00d6RCH GmbH &amp; Co. KG.<\/li>\n<li class=\"x13gpsr__item\">Theo-F\u00f6rch-Stra\u00dfe 11-15<\/li>\n<li class=\"x13gpsr__item\">74196 Neuenstadt<\/li>\n<li class=\"x13gpsr__item\">Alemania<\/li>\n<li class=\"x13gpsr__item\"><a href=\"mailto:info@foerch.de\"> info@foerch.de <\/a><\/li>\n<li class=\"x13gpsr__item\">+49 7139 95-0<\/li>\n<\/ul>\n<div class=\"x13gpsr__informations\">\n<p><strong>Peligro<\/strong><\/p>\n<p>H319-Irrita los ojos. H336-Puede provocar somnolencia o v\u00e9rtigo. H412-Nocivo para los organismos acu\u00e1ticos, con efectos nocivos duraderos. H222-Aerosol extremadamente inflamable. H229-Envase presurizado: El calentamiento puede provocar una explosi\u00f3n.<\/p>\n<p>P210-Mantener alejado del calor, superficies calientes, fuentes de chispas, llamas abiertas y otras fuentes de ignici\u00f3n. No fumar. P211-No pulverizar sobre una llama abierta u otra fuente de ignici\u00f3n. P251-No perforar ni quemar, incluso despu\u00e9s de usado. P261-Evitar la inhalaci\u00f3n del l\u00edquido pulverizado. P273-Evitar su liberaci\u00f3n al medio ambiente. P280-Usar protecci\u00f3n para los ojos\/la cara. P312-P\u00f3ngase en contacto con un CENTRO DE INFORMACI\u00d3N TOXICOL\u00d3GICA o con un m\u00e9dico si se encuentra mal. P410+P412-Proteger de la luz solar. No exponer a temperaturas superiores a 50 \u00b0C.<\/p>\n<p>EUH066-La exposici\u00f3n repetida puede provocar sequedad o formaci\u00f3n de grietas en la piel.<\/p>\n<p>Sin ventilaci\u00f3n suficiente, son posibles mezclas explosivas. Acetona Hidrocarburos, C6-C7, isoalcanos, cicloalcanos, &lt;5% n-hexano<\/p>\n<\/div>\n<\/div>\n<\/div>","protected":false},"excerpt":{"rendered":"<p>ADHESIVO PARA TAPICER\u00cdA \u2013 AUTOM\u00d3VIL  FORCH K142  \u2013 adhesivo resistente a altas temperaturas \u00a0\u2013 adhesivo con una fuerza de pegado r\u00e1pida extremadamente alta \u2013 ideal para su uso en la industria automovil\u00edstica para pegar revestimientos interiores, pieles naturales y sint\u00e9ticas, espuma \u2013 adhesivo de secado r\u00e1pido para materiales ligeros que forma una capa fina e incolora \u2013 capacidad 640 g \u2013 aplicaci\u00f3n con spray o brocha Fabricante...<\/p>","protected":false},"featured_media":2173,"comment_status":"closed","ping_status":"closed","template":"","meta":{"_acf_changed":false,"_kad_blocks_custom_css":"","_kad_blocks_head_custom_js":"","_kad_blocks_body_custom_js":"","_kad_blocks_footer_custom_js":"","_kad_post_transparent":"default","_kad_post_title":"","_kad_post_layout":"default","_kad_post_sidebar_id":"","_kad_post_content_style":"default","_kad_post_vertical_padding":"default","_kad_post_feature":"","_kad_post_feature_position":"","_kad_post_header":false,"_kad_post_footer":false,"_kad_post_classname":""},"product_brand":[21],"product_cat":[22,18],"product_tag":[],"class_list":{"0":"post-1340","1":"product","2":"type-product","3":"status-publish","4":"has-post-thumbnail","6":"product_brand-forch","7":"product_cat-klej-do-podsufitek","8":"product_cat-tkaniny-na-podsufitki-samochodowe","10":"first","11":"instock","12":"purchasable","13":"product-type-simple","14":"entry","15":"content-bg","16":"loop-entry"},"acf":[],"taxonomy_info":{"product_brand":[{"value":21,"label":"FORCH"}],"product_cat":[{"value":22,"label":"KLEJ DO PODSUFITEK"},{"value":18,"label":"TKANINY NA PODSUFITKI"}]},"featured_image_src_large":["https:\/\/modeco-sklep.pl\/wp-content\/uploads\/2025\/06\/c4ebced04563aa0c4e3b8b14ca2f-1-1024x683.jpeg",1024,683,true],"author_info":[],"comment_info":0,"_links":{"self":[{"href":"https:\/\/modeco-sklep.pl\/es\/wp-json\/wp\/v2\/product\/1340","targetHints":{"allow":["GET"]}}],"collection":[{"href":"https:\/\/modeco-sklep.pl\/es\/wp-json\/wp\/v2\/product"}],"about":[{"href":"https:\/\/modeco-sklep.pl\/es\/wp-json\/wp\/v2\/types\/product"}],"replies":[{"embeddable":true,"href":"https:\/\/modeco-sklep.pl\/es\/wp-json\/wp\/v2\/comments?post=1340"}],"wp:featuredmedia":[{"embeddable":true,"href":"https:\/\/modeco-sklep.pl\/es\/wp-json\/wp\/v2\/media\/2173"}],"wp:attachment":[{"href":"https:\/\/modeco-sklep.pl\/es\/wp-json\/wp\/v2\/media?parent=1340"}],"wp:term":[{"taxonomy":"product_brand","embeddable":true,"href":"https:\/\/modeco-sklep.pl\/es\/wp-json\/wp\/v2\/product_brand?post=1340"},{"taxonomy":"product_cat","embeddable":true,"href":"https:\/\/modeco-sklep.pl\/es\/wp-json\/wp\/v2\/product_cat?post=1340"},{"taxonomy":"product_tag","embeddable":true,"href":"https:\/\/modeco-sklep.pl\/es\/wp-json\/wp\/v2\/product_tag?post=1340"}],"curies":[{"name":"wp","href":"https:\/\/api.w.org\/{rel}","templated":true}]}}