{"id":1334,"date":"2025-06-12T18:07:46","date_gmt":"2025-06-12T18:07:46","guid":{"rendered":"https:\/\/modeco.mywebwork.net\/produkt\/lugano-rock\/"},"modified":"2025-10-05T22:28:26","modified_gmt":"2025-10-05T20:28:26","slug":"lugano-rock","status":"publish","type":"product","link":"https:\/\/modeco-sklep.pl\/es\/lugano-rock\/","title":{"rendered":"LUGANO ROCK"},"content":{"rendered":"<p><span style=\"font-size:18px;\"><span style=\"line-height:115%\"><span style=\"font-family:\">LUGANO \u2013 Piel sint\u00e9tica con acabado cl\u00e1sico<\/span><\/span><\/p>\n<p><span style=\"line-height:115%\"><span style=\"font-family:\">Material destinado a m\u00faltiples sectores<\/span><\/span><br \/><span style=\"line-height:115%\"><span style=\"font-family:\">Para uso externo e interno.<\/span><\/span><br \/><span style=\"line-height:115%\"><span style=\"font-family:\">Excelente resistencia a las manchas y la suciedad.<\/span><\/span><br \/><span style=\"line-height:115%\"><span style=\"font-family:\">Alta resistencia a la abrasi\u00f3n<\/span><\/span><br \/><span style=\"line-height:115%\"><span style=\"font-family:\">100% resistente al agua<\/span><\/span><br \/><span style=\"line-height:115%\"><span style=\"font-family:\">Antibacteriano \/ antif\u00fangico<\/span><\/span><br \/><span style=\"line-height:115%\"><span style=\"font-family:\">No contiene ftalatos.<\/span><\/span><br \/><span style=\"line-height:115%\"><span style=\"font-family:\">Resistente a la saliva, el sudor, la sangre, los aceites solares, los desinfectantes, la sangre y la orina.<\/span><\/span><br \/><span style=\"line-height:115%\"><span style=\"font-family:\">Resistencia a la radiaci\u00f3n UV<\/span><\/span><\/p>\n<p><span style=\"line-height:115%\"><span style=\"font-family:\">Ancho del material: 140 cm<\/span><\/span><br \/><span style=\"line-height:115%\"><span style=\"font-family:\">Composici\u00f3n: 85% PVC, 5% CO, 10% PL<\/span><\/span><br \/><span style=\"line-height:115%\"><span style=\"font-family:\">Gramaje: 840 g\/m\u00b2 \u2013 UNI5114<\/span><\/span><\/p>\n<p><span style=\"line-height:115%\"><span style=\"font-family:\">Certificados de resistencia al fuego:<\/span><\/span><\/span><\/p>\n<ul>\n<li><span style=\"font-size:18px;\"><span style=\"line-height:115%\"><span style=\"font-family:\">\u00a0\u00a0\u00a0 EN 1021-1 \/ 2<\/span><\/span><\/span><\/li>\n<li><span style=\"font-size:18px;\"><span style=\"line-height:115%\"><span style=\"font-family:\">\u00a0\u00a0\u00a0 UNI-9175<\/span><\/span><\/span><\/li>\n<li><span style=\"font-size:18px;\"><span style=\"line-height:115%\"><span style=\"font-family:\">\u00a0\u00a0\u00a0 IMO 2010<\/span><\/span><\/span><\/li>\n<li><span style=\"font-size:18px;\"><span style=\"line-height:115%\"><span style=\"font-family:\">\u00a0\u00a0\u00a0 TB117-1<\/span><\/span><\/span><\/li>\n<li><span style=\"font-size:18px;\"><span style=\"line-height:115%\"><span style=\"font-family:\">\u00a0\u00a0\u00a0 NFPA260-1<\/span><\/span><\/span><\/li>\n<\/ul>\n<p><span style=\"font-size:18px;\"><span style=\"line-height:115%\"><span style=\"font-family:\">\u00a0\u00a0\u00a0<\/span><\/span><br \/><span style=\"line-height:115%\"><span style=\"font-family:\">El precio se refiere a 1 metro lineal (140 x 100 cm).<\/span><\/span><br \/><span style=\"line-height:115%\"><span style=\"font-family:\">Si compras varios metros, te enviamos el material entero, sin cortar.<\/span><\/span><\/span><br \/>\u00a0<\/p>","protected":false},"excerpt":{"rendered":"<p>LUGANO: piel sint\u00e9tica con acabado cl\u00e1sico. Material destinado a m\u00faltiples sectores. Para uso exterior e interior.Excelente resistencia a las manchas y la suciedad. Alta resistencia a la abrasi\u00f3n. 100% impermeable. Antibacteriano\/antif\u00fangico. No contiene ftalatos. Resistente a la saliva, el sudor, la sangre, los aceites bronceadores, los desinfectantes, la sangre y la orina. Resistente a la radiaci\u00f3n UV. Ancho del material: 140 cm Composici\u00f3n: 85% PVC, 5% CO, 10% PL Gramaje: 840 g\/m2 \u2013 UNI5114...<\/p>","protected":false},"featured_media":857,"comment_status":"closed","ping_status":"closed","template":"","meta":{"_acf_changed":false,"_kad_blocks_custom_css":"","_kad_blocks_head_custom_js":"","_kad_blocks_body_custom_js":"","_kad_blocks_footer_custom_js":"","_kad_post_transparent":"","_kad_post_title":"","_kad_post_layout":"","_kad_post_sidebar_id":"","_kad_post_content_style":"","_kad_post_vertical_padding":"","_kad_post_feature":"","_kad_post_feature_position":"","_kad_post_header":false,"_kad_post_footer":false,"_kad_post_classname":""},"product_brand":[17],"product_cat":[157],"product_tag":[],"class_list":{"0":"post-1334","1":"product","2":"type-product","3":"status-publish","4":"has-post-thumbnail","6":"product_brand-modeco","7":"product_cat-lugano-skory-syntetyczne-vinyle","9":"first","10":"instock","11":"purchasable","12":"product-type-simple","13":"entry","14":"content-bg","15":"loop-entry"},"acf":[],"taxonomy_info":{"product_brand":[{"value":17,"label":"MODECO"}],"product_cat":[{"value":157,"label":"LUGANO"}]},"featured_image_src_large":["https:\/\/modeco-sklep.pl\/wp-content\/uploads\/2025\/06\/rock-1024x682.jpg",1024,682,true],"author_info":[],"comment_info":0,"_links":{"self":[{"href":"https:\/\/modeco-sklep.pl\/es\/wp-json\/wp\/v2\/product\/1334","targetHints":{"allow":["GET"]}}],"collection":[{"href":"https:\/\/modeco-sklep.pl\/es\/wp-json\/wp\/v2\/product"}],"about":[{"href":"https:\/\/modeco-sklep.pl\/es\/wp-json\/wp\/v2\/types\/product"}],"replies":[{"embeddable":true,"href":"https:\/\/modeco-sklep.pl\/es\/wp-json\/wp\/v2\/comments?post=1334"}],"wp:featuredmedia":[{"embeddable":true,"href":"https:\/\/modeco-sklep.pl\/es\/wp-json\/wp\/v2\/media\/857"}],"wp:attachment":[{"href":"https:\/\/modeco-sklep.pl\/es\/wp-json\/wp\/v2\/media?parent=1334"}],"wp:term":[{"taxonomy":"product_brand","embeddable":true,"href":"https:\/\/modeco-sklep.pl\/es\/wp-json\/wp\/v2\/product_brand?post=1334"},{"taxonomy":"product_cat","embeddable":true,"href":"https:\/\/modeco-sklep.pl\/es\/wp-json\/wp\/v2\/product_cat?post=1334"},{"taxonomy":"product_tag","embeddable":true,"href":"https:\/\/modeco-sklep.pl\/es\/wp-json\/wp\/v2\/product_tag?post=1334"}],"curies":[{"name":"wp","href":"https:\/\/api.w.org\/{rel}","templated":true}]}}