{"id":1236,"date":"2025-06-12T18:07:15","date_gmt":"2025-06-12T18:07:15","guid":{"rendered":"https:\/\/modeco.mywebwork.net\/produkt\/klej-permatex\/"},"modified":"2025-07-20T12:44:52","modified_gmt":"2025-07-20T10:44:52","slug":"pegamento-permatex","status":"publish","type":"product","link":"https:\/\/modeco-sklep.pl\/es\/klej-permatex\/","title":{"rendered":"Cola PERMATEX"},"content":{"rendered":"<h1><strong><span style=\"font-size: 20px;\">ADHESIVO PARA TAPICER\u00cdA DE TEJADOS DE COCHES PERMATEX<\/span><\/strong><\/h1>\n<h1>ADHESIVO PARA TAPICER\u00cdA PERMATEX<\/h1>\n<h2><span style=\"font-size: 20px;\">Adhesivo en aerosol destinado a la fijaci\u00f3n permanente y temporal de tapicer\u00edas, alfombrillas y revestimientos interiores. Crea una uni\u00f3n el\u00e1stica. De secado r\u00e1pido, resistente al agua y a la humedad. Para pegados permanentes y temporales. No traspasa el material.<\/span><\/h2>\n<p><b>Propiedades:<\/b><\/p>\n<ul>\n<li>se une r\u00e1pidamente creando una uni\u00f3n flexible<\/li>\n<li>resistente al agua y la humedad<\/li>\n<li>dependiendo de las necesidades, el adhesivo une de forma permanente o temporal<\/li>\n<li>no traspasa el material<\/li>\n<li>pega superficies lisas y porosas<\/li>\n<li>Seguro para todos los materiales: no se contrae.<\/li>\n<li>no contiene disolventes agresivos<\/li>\n<\/ul>\n<p><b>Aplicaci\u00f3n:<\/b><\/p>\n<ul>\n<li>para pegar materiales como: papel, metal, tejidos, cuero, pl\u00e1sticos, goma, cart\u00f3n, fieltro, corcho, vidrio, madera, l\u00e1mina<\/li>\n<\/ul>\n<p><b>Modo de empleo:<\/b><\/p>\n<ul>\n<li>limpiar y desengrasar las superficies a encolar<\/li>\n<li>proteger las zonas adyacentes contra la suciedad indeseada causada por el pegamento<\/li>\n<li>agitar en\u00e9rgicamente el envase<\/li>\n<li>Temperatura recomendada del producto: aproximadamente 18 \u00baC.<\/li>\n<\/ul>\n<p>Pegado no permanente<\/p>\n<ul>\n<li>cubrir una superficie con pegamento<\/li>\n<li>despu\u00e9s de unos segundos, coloque el segundo elemento<\/li>\n<li>presionar y dejar secar durante aproximadamente un minuto<\/li>\n<li>Para cambiar la posici\u00f3n del elemento pegado, agarre el elemento por la esquina, desp\u00e9guelo y vuelva a colocarlo.<\/li>\n<\/ul>\n<p>Pegado permanente<\/p>\n<ul>\n<li>Cubra ambas superficies a pegar con una fina capa de pegamento.<\/li>\n<li>esperar aproximadamente un minuto y unir ambos elementos<\/li>\n<li>presionar y dejar secar durante aproximadamente 1 minuto<\/li>\n<li>En caso de pegar superficies muy porosas, aplicar una capa generosa de adhesivo en ambas superficies.<\/li>\n<\/ul>\n<h2>\u2013 capacidad 297 g<\/h2>","protected":false},"excerpt":{"rendered":"<p>ADHESIVO PARA TAPICER\u00cdA DE TEJADOS DE COCHES PERMATEX ADHESIVO PARA TAPICER\u00cdA PERMATEX Adhesivo en aerosol destinado a la fijaci\u00f3n permanente y temporal de tapicer\u00edas, alfombrillas y techos. Crea una uni\u00f3n el\u00e1stica. De secado r\u00e1pido, resistente al agua y a la humedad. Para pegados permanentes y temporales. No traspasa el material. Propiedades: se seca r\u00e1pidamente creando una uni\u00f3n flexible, resistente al agua y a la humedad, dependiendo de...<\/p>","protected":false},"featured_media":2180,"comment_status":"closed","ping_status":"closed","template":"","meta":{"_acf_changed":false,"_kad_blocks_custom_css":"","_kad_blocks_head_custom_js":"","_kad_blocks_body_custom_js":"","_kad_blocks_footer_custom_js":"","_kad_post_transparent":"","_kad_post_title":"","_kad_post_layout":"","_kad_post_sidebar_id":"","_kad_post_content_style":"","_kad_post_vertical_padding":"","_kad_post_feature":"","_kad_post_feature_position":"","_kad_post_header":false,"_kad_post_footer":false,"_kad_post_classname":""},"product_brand":[66],"product_cat":[22,18],"product_tag":[],"class_list":{"0":"post-1236","1":"product","2":"type-product","3":"status-publish","4":"has-post-thumbnail","6":"product_brand-permatex","7":"product_cat-klej-do-podsufitek","8":"product_cat-tkaniny-na-podsufitki-samochodowe","10":"first","11":"instock","12":"purchasable","13":"product-type-simple","14":"entry","15":"content-bg","16":"loop-entry"},"acf":[],"taxonomy_info":{"product_brand":[{"value":66,"label":"PERMATEX"}],"product_cat":[{"value":22,"label":"KLEJ DO PODSUFITEK"},{"value":18,"label":"TKANINY NA PODSUFITKI"}]},"featured_image_src_large":["https:\/\/modeco-sklep.pl\/wp-content\/uploads\/2025\/06\/permatex-3.jpg",800,533,false],"author_info":[],"comment_info":0,"_links":{"self":[{"href":"https:\/\/modeco-sklep.pl\/es\/wp-json\/wp\/v2\/product\/1236","targetHints":{"allow":["GET"]}}],"collection":[{"href":"https:\/\/modeco-sklep.pl\/es\/wp-json\/wp\/v2\/product"}],"about":[{"href":"https:\/\/modeco-sklep.pl\/es\/wp-json\/wp\/v2\/types\/product"}],"replies":[{"embeddable":true,"href":"https:\/\/modeco-sklep.pl\/es\/wp-json\/wp\/v2\/comments?post=1236"}],"wp:featuredmedia":[{"embeddable":true,"href":"https:\/\/modeco-sklep.pl\/es\/wp-json\/wp\/v2\/media\/2180"}],"wp:attachment":[{"href":"https:\/\/modeco-sklep.pl\/es\/wp-json\/wp\/v2\/media?parent=1236"}],"wp:term":[{"taxonomy":"product_brand","embeddable":true,"href":"https:\/\/modeco-sklep.pl\/es\/wp-json\/wp\/v2\/product_brand?post=1236"},{"taxonomy":"product_cat","embeddable":true,"href":"https:\/\/modeco-sklep.pl\/es\/wp-json\/wp\/v2\/product_cat?post=1236"},{"taxonomy":"product_tag","embeddable":true,"href":"https:\/\/modeco-sklep.pl\/es\/wp-json\/wp\/v2\/product_tag?post=1236"}],"curies":[{"name":"wp","href":"https:\/\/api.w.org\/{rel}","templated":true}]}}