{"id":1232,"date":"2025-06-12T18:07:06","date_gmt":"2025-06-12T18:07:06","guid":{"rendered":"https:\/\/modeco.mywebwork.net\/produkt\/podsufitka-9k-03-szara-audi-nowe-modele\/"},"modified":"2025-07-13T16:08:14","modified_gmt":"2025-07-13T14:08:14","slug":"techo-interior-9k-03-gris-audi-nuevos-modelos","status":"publish","type":"product","link":"https:\/\/modeco-sklep.pl\/es\/podsufitka-9k-03-szara-audi-nowe-modele\/","title":{"rendered":"PODSUFITKA 9K-03 GRIS AUDI NUEVOS MODELOS"},"content":{"rendered":"<h2><span style=\"font-size: 11pt;\"><span style=\"line-height: normal;\"><b><span style=\"font-size: 12.0pt;\"><span style=\"color: #444444;\">TELA PARA EL TECHO DEL COCHE \u00a0<\/span><\/span><\/b><\/span><\/span><\/h2>\n<p><span style=\"font-size: 11pt;\"><span style=\"line-height: normal;\"><span style=\"font-size: 12.0pt;\"><span style=\"color: #444444;\">Nuestros tejidos para revestimientos de techo proceden de las mayores f\u00e1bricas europeas de materiales para automoci\u00f3n.<\/span><\/span><\/span><\/span><\/p>\n<p>Tejido dedicado a: AUDI \u2013 \u00daLTIMOS MODELOS<br \/>\nColor: GRIS<\/p>\n<p><span style=\"font-size: 11pt;\"><span style=\"line-height: normal;\"><span style=\"font-size: 12.0pt;\"><span style=\"color: #444444;\">Los materiales son de muy buena calidad (OEM - primer grado)<\/span><\/span><\/span><\/span><br \/>\n<span style=\"font-size: 11pt;\"><span style=\"line-height: normal;\"><span style=\"font-size: 12.0pt;\"><span style=\"color: #444444;\">Los materiales se laminan sobre una esponja especial con un grosor de aprox. 3-4 mm.<\/span><\/span><\/span><\/span><br \/>\n<span style=\"font-size: 11pt;\"><span style=\"line-height: normal;\"><span style=\"font-size: 12.0pt;\"><span style=\"color: #444444;\">Los materiales son flexibles y f\u00e1ciles de trabajar<\/span><\/span><\/span><\/span><br \/>\n<span style=\"font-size: 11pt;\"><span style=\"line-height: normal;\"><span style=\"font-size: 12.0pt;\"><span style=\"color: #444444;\">Ancho del tejido: 150 cm<\/span><\/span><\/span><\/span><\/p>\n<p><span style=\"font-size: 11pt;\"><span style=\"line-height: normal;\"><span style=\"font-size: 12.0pt;\"><span style=\"color: #444444;\">El precio es por 1 metro lineal ( 100 x 150cm)<\/span><\/span><\/span><\/span><br \/>\n<span style=\"font-size: 11pt;\"><span style=\"line-height: normal;\"><span style=\"font-size: 12.0pt;\"><span style=\"color: #444444;\">Al comprar varios metros, intentamos enviar el material en una sola pieza.<\/span><\/span><\/span><\/span><\/p>\n<p><span style=\"font-size: 11pt;\"><span style=\"line-height: normal;\"><span style=\"font-size: 12.0pt;\"><span style=\"color: #444444;\">Adhesivo especial, resistente a altas temperaturas, disponible en nuestra tienda<\/span><\/span><\/span><\/span><\/p>\n<p style=\"color: #444444; box-sizing: border-box; background-color: transparent;\">","protected":false},"excerpt":{"rendered":"<p>TELA PARA EL TECHO DEL COCHE   Las telas para techos de coches que ofrecemos proceden de las mayores f\u00e1bricas europeas que producen materiales para los fabricantes de autom\u00f3viles. Tela dedicada a: AUDI - \u00daLTIMOS MODELOS Color: GRIS Los materiales se caracterizan por su muy buena calidad (OEM - primera calidad) Los materiales est\u00e1n laminados sobre una esponja especial de unos 3-4 mm de grosor. Los materiales son flexibles y...<\/p>","protected":false},"featured_media":690,"comment_status":"closed","ping_status":"closed","template":"","meta":{"_acf_changed":false,"_kad_blocks_custom_css":"","_kad_blocks_head_custom_js":"","_kad_blocks_body_custom_js":"","_kad_blocks_footer_custom_js":"","_kad_post_transparent":"","_kad_post_title":"","_kad_post_layout":"","_kad_post_sidebar_id":"","_kad_post_content_style":"","_kad_post_vertical_padding":"","_kad_post_feature":"","_kad_post_feature_position":"","_kad_post_header":false,"_kad_post_footer":false,"_kad_post_classname":""},"product_brand":[17],"product_cat":[33],"product_tag":[],"class_list":{"0":"post-1232","1":"product","2":"type-product","3":"status-publish","4":"has-post-thumbnail","6":"product_brand-modeco","7":"product_cat-tkaniny-dedykowane-oem","9":"first","10":"instock","11":"purchasable","12":"product-type-simple","13":"entry","14":"content-bg","15":"loop-entry"},"acf":[],"taxonomy_info":{"product_brand":[{"value":17,"label":"MODECO"}],"product_cat":[{"value":33,"label":"TKANINY DEDYKOWANE OEM"}]},"featured_image_src_large":["https:\/\/modeco-sklep.pl\/wp-content\/uploads\/2025\/06\/IMG20230617133730-scaled-1024x683.jpg",1024,683,true],"author_info":[],"comment_info":0,"_links":{"self":[{"href":"https:\/\/modeco-sklep.pl\/es\/wp-json\/wp\/v2\/product\/1232","targetHints":{"allow":["GET"]}}],"collection":[{"href":"https:\/\/modeco-sklep.pl\/es\/wp-json\/wp\/v2\/product"}],"about":[{"href":"https:\/\/modeco-sklep.pl\/es\/wp-json\/wp\/v2\/types\/product"}],"replies":[{"embeddable":true,"href":"https:\/\/modeco-sklep.pl\/es\/wp-json\/wp\/v2\/comments?post=1232"}],"wp:featuredmedia":[{"embeddable":true,"href":"https:\/\/modeco-sklep.pl\/es\/wp-json\/wp\/v2\/media\/690"}],"wp:attachment":[{"href":"https:\/\/modeco-sklep.pl\/es\/wp-json\/wp\/v2\/media?parent=1232"}],"wp:term":[{"taxonomy":"product_brand","embeddable":true,"href":"https:\/\/modeco-sklep.pl\/es\/wp-json\/wp\/v2\/product_brand?post=1232"},{"taxonomy":"product_cat","embeddable":true,"href":"https:\/\/modeco-sklep.pl\/es\/wp-json\/wp\/v2\/product_cat?post=1232"},{"taxonomy":"product_tag","embeddable":true,"href":"https:\/\/modeco-sklep.pl\/es\/wp-json\/wp\/v2\/product_tag?post=1232"}],"curies":[{"name":"wp","href":"https:\/\/api.w.org\/{rel}","templated":true}]}}