{"id":1224,"date":"2025-06-12T18:07:06","date_gmt":"2025-06-12T18:07:06","guid":{"rendered":"https:\/\/modeco.mywebwork.net\/produkt\/3d-air-2\/"},"modified":"2025-06-15T07:22:20","modified_gmt":"2025-06-15T07:22:20","slug":"3d-air-2","status":"publish","type":"product","link":"https:\/\/modeco-sklep.pl\/es\/3d-air-2\/","title":{"rendered":"3D AIR #2"},"content":{"rendered":"<h1>TEJIDO 3D AIR MESH<\/h1>\n<p><span style=\"font-size:16px;\">Tejido laminado destinado a la tapicer\u00eda de autom\u00f3viles: tapicer\u00eda de asientos, paneles laterales de puertas.<\/span><\/p>\n<p><span style=\"font-size:16px;\">Tejido de muy alta calidad sobre  una espuma especial de 5 mil\u00edmetros de grosor. Espuma de alta densidad, que no se deforma.<\/span><\/p>\n<p><span style=\"font-size:16px;\">El material es VINILO trenzado, ideal para los asientos. Se adapta tanto a los coches cl\u00e1sicos como a los modernos. Aspecto atemporal, utilizado a menudo en restomods.<\/p>\n<p><strong>Detalles del producto:<\/strong><\/span><\/p>\n<p><span style=\"font-size:16px;\">Al comprar 1 pieza, est\u00e1 comprando 1 metro lineal de tela ( 100 cm x 150 cm )<\/span><\/p>\n<p><span style=\"font-size:16px;\">Ancho del tejido: 150 cm<\/span><\/p>\n<p><span style=\"font-size:16px;\">Si compras varias unidades, no cortamos el material, lo enviamos en una sola pieza.<\/span><\/p>","protected":false},"excerpt":{"rendered":"<p>TEJIDO 3D AIR MESH Tejido laminado destinado a la tapicer\u00eda de autom\u00f3viles: tapicer\u00eda de asientos, paneles laterales de puertas Tejido de muy alta calidad sobre  una espuma especial de 5 mil\u00edmetros de grosor. Espuma de alta densidad, que no se deforma. El material es VINILO trenzado, ideal para los asientos. Se adapta tanto a coches cl\u00e1sicos como modernos. Aspecto atemporal, muy utilizado en restomods...<\/p>","protected":false},"featured_media":674,"comment_status":"closed","ping_status":"closed","template":"","meta":{"_acf_changed":false,"_kad_blocks_custom_css":"","_kad_blocks_head_custom_js":"","_kad_blocks_body_custom_js":"","_kad_blocks_footer_custom_js":"","_kad_post_transparent":"","_kad_post_title":"","_kad_post_layout":"","_kad_post_sidebar_id":"","_kad_post_content_style":"","_kad_post_vertical_padding":"","_kad_post_feature":"","_kad_post_feature_position":"","_kad_post_header":false,"_kad_post_footer":false,"_kad_post_classname":""},"product_brand":[17],"product_cat":[63],"product_tag":[],"class_list":{"0":"post-1224","1":"product","2":"type-product","3":"status-publish","4":"has-post-thumbnail","6":"product_brand-modeco","7":"product_cat-3d-air-mesh-sciany-sufity","9":"first","10":"instock","11":"purchasable","12":"product-type-simple","13":"entry","14":"content-bg","15":"loop-entry"},"acf":[],"taxonomy_info":{"product_brand":[{"value":17,"label":"MODECO"}],"product_cat":[{"value":63,"label":"3D AIR MESH - WOVEN FABRICS"}]},"featured_image_src_large":["https:\/\/modeco-sklep.pl\/wp-content\/uploads\/2025\/06\/IMG20220731164150-scaled-1024x683.jpg",1024,683,true],"author_info":[],"comment_info":0,"_links":{"self":[{"href":"https:\/\/modeco-sklep.pl\/es\/wp-json\/wp\/v2\/product\/1224","targetHints":{"allow":["GET"]}}],"collection":[{"href":"https:\/\/modeco-sklep.pl\/es\/wp-json\/wp\/v2\/product"}],"about":[{"href":"https:\/\/modeco-sklep.pl\/es\/wp-json\/wp\/v2\/types\/product"}],"replies":[{"embeddable":true,"href":"https:\/\/modeco-sklep.pl\/es\/wp-json\/wp\/v2\/comments?post=1224"}],"wp:featuredmedia":[{"embeddable":true,"href":"https:\/\/modeco-sklep.pl\/es\/wp-json\/wp\/v2\/media\/674"}],"wp:attachment":[{"href":"https:\/\/modeco-sklep.pl\/es\/wp-json\/wp\/v2\/media?parent=1224"}],"wp:term":[{"taxonomy":"product_brand","embeddable":true,"href":"https:\/\/modeco-sklep.pl\/es\/wp-json\/wp\/v2\/product_brand?post=1224"},{"taxonomy":"product_cat","embeddable":true,"href":"https:\/\/modeco-sklep.pl\/es\/wp-json\/wp\/v2\/product_cat?post=1224"},{"taxonomy":"product_tag","embeddable":true,"href":"https:\/\/modeco-sklep.pl\/es\/wp-json\/wp\/v2\/product_tag?post=1224"}],"curies":[{"name":"wp","href":"https:\/\/api.w.org\/{rel}","templated":true}]}}